{"id":120,"date":"2020-05-06T08:10:36","date_gmt":"2020-05-06T07:10:36","guid":{"rendered":"https:\/\/inplastor.se\/?page_id=120"},"modified":"2025-11-25T11:13:14","modified_gmt":"2025-11-25T10:13:14","slug":"gdpr","status":"publish","type":"page","link":"https:\/\/inplastor.se\/de\/gdpr\/","title":{"rendered":"GDPR"},"content":{"rendered":"<div id=\"cs-content\" class=\"cs-content\"><div class=\"x-section e120-e1 m3c-0\"><div class=\"x-row x-container max width e120-e2 m3c-1 m3c-2\"><div class=\"x-row-inner\"><div class=\"x-col e120-e3 m3c-3\"><div class=\"x-text x-text-headline e120-e4 m3c-4\"><div class=\"x-text-content\"><div class=\"x-text-content-text\"><h1 class=\"x-text-content-text-primary\">GDPR<\/h1>\n<\/div><\/div><\/div><div class=\"x-text x-content e120-e5 m3c-5\"><p><strong>Auf diese Weise sammeln wir bei Inplastor AB Daten:<br \/>\n<\/strong> Personenbezogene Daten werden gespeichert, um Angebote zu erstellen, Bestellungen zu verwalten, Newsletter zu verschicken usw. f\u00fcr den laufenden Gesch\u00e4ftsbetrieb. Wir erheben personenbezogene Daten, die uns freiwillig zur Verf\u00fcgung gestellt werden, z. B. bei Anfragen und Bestellungen, bei der Anmeldung zu Newslettern oder bei der Kommunikation mit uns \u00fcber E-Mail und andere Kan\u00e4le, bei denen sich Kunden\/Lieferanten registriert haben. Zu den von uns erfassten Daten geh\u00f6ren Name, Postanschrift, E-Mail-Adresse, Telefonnummer, Berufsbezeichnung und andere Informationen, die wir speichern m\u00fcssen, damit die Zusammenarbeit optimal funktioniert.<\/p>\n<p><strong>Wie wir die von uns erhobenen und gespeicherten Daten verwenden:<\/strong><\/p>\n<p>Wir verwenden die personenbezogenen Daten, um: Um Ihnen Newsletter und Informationen \u00fcber Angebote und Bestellungen zu schicken. eine Historie der Personen zu f\u00fchren, die mit uns in Kontakt getreten sind. Wir werden die Daten nicht verkaufen, vermieten, verteilen oder anderweitig Dritten zur Verf\u00fcgung stellen.<\/p>\n\n<strong>Gr\u00fcnde f\u00fcr die Verwendung Ihrer personenbezogenen Daten<\/strong>\n<p>Wenn wir personenbezogene Daten f\u00fcr die in diesem Hinweis erl\u00e4uterten Zwecke verarbeiten, st\u00fctzen wir uns auf unsere berechtigten Interessen an der Pflege von Gesch\u00e4ftsbeziehungen und der Kommunikation mit Ihnen als Gesch\u00e4ftskontakt. Wir halten uns bei unseren Gesch\u00e4ftsbeziehungen an geltendes Recht und gesetzliche Rechte und Freiheiten.<\/p>\n\n<strong>Wie wir die von uns gesammelten Informationen weitergeben<\/strong>\n<p>Nur die Personen, die die personenbezogenen Daten f\u00fcr die oben genannten Zwecke verarbeiten m\u00fcssen, haben Zugang zu den personenbezogenen Daten. M\u00f6glicherweise m\u00fcssen wir einige personenbezogene Daten an unsere Zulieferer weitergeben, z. B. an unsere Transportunternehmen.<\/p>\n\n<strong>Lagerung<\/strong>\n<p>Personenbezogene Daten werden f\u00fcr die angegebenen Zwecke und so lange gespeichert, wie der Kunde bei uns einkauft. Wenn Kunden sich abmelden, stellen wir die Datenverarbeitung ein und l\u00f6schen die personenbezogenen Daten aus unserem Kundenregister. Das Buchhaltungsmaterial wird nach geltendem Recht 7 Jahre lang archiviert.<\/p>\n\n<strong>Sicherheit und Schutz<\/strong>\n<p>Wir setzen Sicherheitsma\u00dfnahmen ein, um personenbezogene Daten vor Verlust und vor dem Zugriff durch Unbefugte zu sch\u00fctzen. Wir \u00fcberpr\u00fcfen regelm\u00e4\u00dfig unsere Verfahren, um sicherzustellen, dass unsere Systeme sicher und gesch\u00fctzt sind.<\/p>\n\n<strong>Wahlm\u00f6glichkeiten und Rechte der Kunden\/Lieferanten<\/strong>\n<p>Als Kunde\/Lieferant haben Sie jederzeit das Recht, einen Auszug zu verlangen und zu verlangen, dass wir unrichtige Daten berichtigen. Als Kunde\/Lieferant haben Sie das Recht, die L\u00f6schung Ihrer Daten zu verlangen, und k\u00f6nnen sich jederzeit abmelden, wodurch unsere Datenverarbeitung f\u00fcr die oben genannten Zwecke eingestellt wird und wir die personenbezogenen Daten aus unserem Register entfernen. Die Abmeldung erfolgt durch Senden einer E-Mail an <a href=\"mailto:info@inplastor.se\" target=\"_blank\" rel=\"noopener\">info@inplastor.se<\/a><\/p><\/div><span class=\"x-image e120-e6 m3c-6\"><img decoding=\"async\" src=\"https:\/\/inplastor.se\/wp-content\/uploads\/2025\/10\/PRE00532-scaled.jpg\" width=\"1280\" height=\"853\" alt=\"Bild\" loading=\"lazy\"><\/span><\/div><\/div><\/div><\/div><\/div>","protected":false},"excerpt":{"rendered":"<p>DSGVO So sammeln wir bei Inplastor AB Daten: Personenbezogene Daten werden gespeichert, um f\u00fcr den laufenden Gesch\u00e4ftsbetrieb Angebote zu erstellen, Bestellungen zu bearbeiten, Newsletter usw. zu versenden. Wir sammeln personenbezogene Daten, die uns freiwillig zur Verf\u00fcgung gestellt werden, zum Beispiel bei Anfragen und Bestellungen sowie bei der Anmeldung zu Newslettern oder bei der Kommunikation mit uns per E-Mail und \u00fcber andere Kan\u00e4le \u2026 <a href=\"https:\/\/inplastor.se\/de\/gdpr\/\" class=\"more-link\">Mehr lesen<\/a><\/p>","protected":false},"author":1,"featured_media":0,"parent":0,"menu_order":0,"comment_status":"closed","ping_status":"closed","template":"template-blank-4.php","meta":{"rs_blank_template":"","rs_page_bg_color":"#ffffff","slide_template_v7":"","footnotes":""},"class_list":["post-120","page","type-page","status-publish","hentry","no-post-thumbnail"],"_links":{"self":[{"href":"https:\/\/inplastor.se\/de\/wp-json\/wp\/v2\/pages\/120","targetHints":{"allow":["GET"]}}],"collection":[{"href":"https:\/\/inplastor.se\/de\/wp-json\/wp\/v2\/pages"}],"about":[{"href":"https:\/\/inplastor.se\/de\/wp-json\/wp\/v2\/types\/page"}],"author":[{"embeddable":true,"href":"https:\/\/inplastor.se\/de\/wp-json\/wp\/v2\/users\/1"}],"replies":[{"embeddable":true,"href":"https:\/\/inplastor.se\/de\/wp-json\/wp\/v2\/comments?post=120"}],"version-history":[{"count":3,"href":"https:\/\/inplastor.se\/de\/wp-json\/wp\/v2\/pages\/120\/revisions"}],"predecessor-version":[{"id":413,"href":"https:\/\/inplastor.se\/de\/wp-json\/wp\/v2\/pages\/120\/revisions\/413"}],"wp:attachment":[{"href":"https:\/\/inplastor.se\/de\/wp-json\/wp\/v2\/media?parent=120"}],"curies":[{"name":"wp","href":"https:\/\/api.w.org\/{rel}","templated":true}]}}