{"id":34,"date":"2020-04-28T09:56:29","date_gmt":"2020-04-28T08:56:29","guid":{"rendered":"https:\/\/inplastor.se\/?page_id=34"},"modified":"2025-11-25T11:19:47","modified_gmt":"2025-11-25T10:19:47","slug":"gemacht","status":"publish","type":"page","link":"https:\/\/inplastor.se\/de\/foretaget\/","title":{"rendered":"Das Unternehmen"},"content":{"rendered":"<div id=\"cs-content\" class=\"cs-content\"><div class=\"x-section e34-e1 my-0 my-1 my-2 my-3\"><div class=\"x-row x-container max width e34-e2 my-6 my-7 my-8 my-9\"><div class=\"x-row-inner\"><div class=\"x-col e34-e3 my-e\"><div class=\"x-text x-text-headline e34-e4 my-g my-h my-i\"><div class=\"x-text-content\"><div class=\"x-text-content-text\"><h1 class=\"x-text-content-text-primary\">Nutzen Sie unsere Ressourcen und unser Fachwissen<\/h1>\n<\/div><\/div><\/div><div class=\"x-text x-content e34-e5 my-l my-m\"><p><b>Wir realisieren Ihre gedruckte Botschaft! <\/b><\/p>\n<p>Heute sind wir Marktf\u00fchrer im Bereich der grafischen Industrie, spezialisiert auf den Druck und die Verarbeitung von Kunststoffen.<\/p>\n<p>Unsere Kunden kommen aus praktisch allen Branchen, darunter Einzelhandel, Werbung, Pharmazeutik, Automobilbau und andere Fertigungsbereiche. Aber nat\u00fcrlich arbeiten wir mit allen Arten von Unternehmen zusammen, gro\u00dfen und kleinen - ganz gleich in welcher Branche.<\/p>\n<p>Als Marktf\u00fchrer in der drucktechnischen und grafischen Verarbeitung von Kunststoffen haben wir Einblick in die umweltgerechte Auswahl von Kunststoffen und Materialien in den meisten Branchen. All dies macht uns zu einem \u00e4u\u00dferst kompetenten Partner. Nutzen Sie uns als Resonanzboden, Ideengeber, Inspirator und Lieferant. Wir sind immer verf\u00fcgbar, nicht zuletzt, um unsere eigene Entwicklung zu f\u00f6rdern!<\/p><\/div><span class=\"x-image e34-e6 my-p my-q\"><img decoding=\"async\" src=\"https:\/\/inplastor.se\/wp-content\/uploads\/2025\/10\/PRE00555-scaled.jpg\" width=\"1280\" height=\"699\" alt=\"Bild\" loading=\"lazy\"><\/span><\/div><\/div><\/div><\/div><div class=\"x-section e34-e7 my-0 my-1 my-4\"><div class=\"x-row x-container max width e34-e8 my-6 my-7 my-8 my-a\"><div class=\"x-row-inner\"><div class=\"x-col e34-e9 my-e\"><div class=\"x-row x-container max width e34-e10 my-6 my-7 my-8 my-b\"><div class=\"x-row-inner\"><div class=\"x-col e34-e11 my-e my-f\"><span class=\"x-image e34-e12 my-p my-r\"><img decoding=\"async\" src=\"https:\/\/inplastor.se\/wp-content\/uploads\/2020\/06\/rise-2.png\" width=\"292\" height=\"373\" alt=\"Bild\" loading=\"lazy\"><\/span><div class=\"x-text x-text-headline e34-e13 my-g my-h my-j\"><div class=\"x-text-content\"><div class=\"x-text-content-text\"><h2 class=\"x-text-content-text-primary\">Hohe Umwelt- und Qualit\u00e4tssicherheit<\/h2>\n<\/div><\/div><\/div><div class=\"x-text x-content e34-e14 my-l my-n\">Unsere gesamte Produktion ist qualit\u00e4tszertifiziert nach ISO 9001 und umweltzertifiziert nach ISO 14001. Dies bedeutet, dass wir die Verantwortung f\u00fcr unseren Teil der Produktionskette \u00fcbernehmen k\u00f6nnen und die h\u00f6chsten Anforderungen an Umwelt, Qualit\u00e4t und Produktsicherheit erf\u00fcllen.<\/div><\/div><\/div><\/div><\/div><\/div><\/div><div class=\"x-row x-container max width e34-e15 my-6 my-8 my-c\"><div class=\"x-row-inner\"><div class=\"x-col e34-e16 my-e\"><i class=\"x-icon e34-e17 my-s\" aria-hidden=\"true\" data-x-icon-o=\"&#xf1c1;\"><\/i><hr class=\"x-line e34-e18 my-t\"\/><a class=\"x-anchor x-anchor-button e34-e19 my-u\" tabindex=\"0\" href=\"https:\/\/inplastor.se\/wp-content\/uploads\/2025\/08\/1812-2024-ISO9001.pdf\" target=\"_blank\" rel=\"noopener noreferrer\"><div class=\"x-anchor-content\"><div class=\"x-anchor-text\"><span class=\"x-anchor-text-primary\">ISO 9001<\/span><\/div><\/div><\/a><\/div><div class=\"x-col e34-e20 my-e\"><i class=\"x-icon e34-e21 my-s\" aria-hidden=\"true\" data-x-icon-o=\"&#xf1c1;\"><\/i><hr class=\"x-line e34-e22 my-t\"\/><a class=\"x-anchor x-anchor-button e34-e23 my-u\" tabindex=\"0\" href=\"https:\/\/inplastor.se\/wp-content\/uploads\/2025\/08\/1812M-2024-ISO14001.pdf\" target=\"_blank\" rel=\"noopener noreferrer\"><div class=\"x-anchor-content\"><div class=\"x-anchor-text\"><span class=\"x-anchor-text-primary\">ISO 14001<\/span><\/div><\/div><\/a><\/div><div class=\"x-col e34-e24 my-e\"><i class=\"x-icon e34-e25 my-s\" aria-hidden=\"true\" data-x-icon-o=\"&#xf1c1;\"><\/i><hr class=\"x-line e34-e26 my-t\"\/><a class=\"x-anchor x-anchor-button e34-e27 my-u\" tabindex=\"0\" href=\"https:\/\/inplastor.se\/wp-content\/uploads\/2025\/08\/alg-20.pdf\" target=\"_blank\" rel=\"noopener noreferrer\"><div class=\"x-anchor-content\"><div class=\"x-anchor-text\"><span class=\"x-anchor-text-primary\">ALG 20<\/span><\/div><\/div><\/a><\/div><\/div><\/div><\/div><div class=\"x-section e34-e28 my-0 my-3 my-5\"><div class=\"x-row x-container max width e34-e29 my-6 my-8 my-d\"><div class=\"x-row-inner\"><div class=\"x-col e34-e30 my-e\"><div class=\"x-text x-text-headline e34-e31 my-g my-i my-k\"><div class=\"x-text-content\"><div class=\"x-text-content-text\"><h2 class=\"x-text-content-text-primary\">Jedes Alter hat seine Chancen<\/h2>\n<\/div><\/div><\/div><div class=\"x-text x-content e34-e32 my-l my-o\"><p>Wir bieten ma\u00dfgeschneiderte L\u00f6sungen f\u00fcr die meisten Branchen seit 1957, als Volkswagen seine erste Vollheckscheibe einf\u00fchrte. Damals war ein Schl\u00fcsselanh\u00e4nger mit einem aus Kunststoff geformten Logo ein verkaufsstarker Werbeartikel.<\/p>\n<p>Heute k\u00f6nnen es Regalaufsteller\/Ladenwerbung f\u00fcr gesunde S\u00e4fte oder Verpackungen f\u00fcr Designobjekte sein. Wir sorgen daf\u00fcr, dass Sie die L\u00f6sung bekommen, die Sie wollen, oder besser gesagt, die Ihre Zielgruppen und die Zukunft brauchen.<\/p><\/div><\/div><div class=\"x-col e34-e33 my-e\"><span class=\"x-image e34-e34 my-p my-q\"><img decoding=\"async\" src=\"https:\/\/inplastor.se\/wp-content\/uploads\/2020\/04\/DSC07675-scaled-e1588147883955.jpg\" width=\"719\" height=\"710\" alt=\"Bild\" loading=\"lazy\"><\/span><\/div><\/div><\/div><\/div><\/div>","protected":false},"excerpt":{"rendered":"<p>Nutzen Sie unsere Ressourcen &amp; unser Know-how Wir verwirklichen Ihre gedruckte Botschaft! Wir sind heute marktf\u00fchrend im grafischen Bereich, spezialisiert auf den Druck und die Verarbeitung von Kunststoffen. Unsere Kunden kommen aus praktisch allen Branchen, wie dem Einzelhandel, der Werbung, der Pharmaindustrie, der Automobilindustrie und anderen produzierenden Industrien. Aber wir arbeiten nat\u00fcrlich mit allen Arten von Unternehmen, gro\u00dfen wie kleinen \u2013 unabh\u00e4ngig von der Branche. Als Marktf\u00fchrer im Bereich... <a href=\"https:\/\/inplastor.se\/de\/foretaget\/\" class=\"more-link\">Mehr lesen<\/a><\/p>","protected":false},"author":1,"featured_media":0,"parent":0,"menu_order":0,"comment_status":"closed","ping_status":"closed","template":"template-blank-4.php","meta":{"rs_blank_template":"","rs_page_bg_color":"","slide_template_v7":"","footnotes":""},"class_list":["post-34","page","type-page","status-publish","hentry","no-post-thumbnail"],"_links":{"self":[{"href":"https:\/\/inplastor.se\/de\/wp-json\/wp\/v2\/pages\/34","targetHints":{"allow":["GET"]}}],"collection":[{"href":"https:\/\/inplastor.se\/de\/wp-json\/wp\/v2\/pages"}],"about":[{"href":"https:\/\/inplastor.se\/de\/wp-json\/wp\/v2\/types\/page"}],"author":[{"embeddable":true,"href":"https:\/\/inplastor.se\/de\/wp-json\/wp\/v2\/users\/1"}],"replies":[{"embeddable":true,"href":"https:\/\/inplastor.se\/de\/wp-json\/wp\/v2\/comments?post=34"}],"version-history":[{"count":23,"href":"https:\/\/inplastor.se\/de\/wp-json\/wp\/v2\/pages\/34\/revisions"}],"predecessor-version":[{"id":430,"href":"https:\/\/inplastor.se\/de\/wp-json\/wp\/v2\/pages\/34\/revisions\/430"}],"wp:attachment":[{"href":"https:\/\/inplastor.se\/de\/wp-json\/wp\/v2\/media?parent=34"}],"curies":[{"name":"wp","href":"https:\/\/api.w.org\/{rel}","templated":true}]}}