{"id":38,"date":"2020-04-28T09:57:01","date_gmt":"2020-04-28T08:57:01","guid":{"rendered":"https:\/\/inplastor.se\/?page_id=38"},"modified":"2025-11-25T11:16:24","modified_gmt":"2025-11-25T10:16:24","slug":"zu-kunststoffen","status":"publish","type":"page","link":"https:\/\/inplastor.se\/de\/om-plast\/","title":{"rendered":"Kunststoffe"},"content":{"rendered":"<div id=\"cs-content\" class=\"cs-content\"><div class=\"x-section e38-e1 m12-0 m12-1 m12-2\"><div class=\"x-bg\" aria-hidden=\"true\"><div class=\"x-bg-layer-lower-image\" data-x-element-bg-layer=\"{&quot;parallaxSize&quot;:&quot;150%&quot;,&quot;parallaxDir&quot;:&quot;v&quot;,&quot;parallaxRev&quot;:false}\"><\/div><\/div><div class=\"x-row x-container max width e38-e2 m12-8 m12-9 m12-a\"><div class=\"x-row-inner\"><div class=\"x-col e38-e3 m12-g\"><\/div><\/div><\/div><\/div><div class=\"x-section e38-e4 m12-0 m12-3 m12-4\"><div class=\"x-row x-container max width e38-e5 m12-8 m12-9 m12-b\"><div class=\"x-row-inner\"><div class=\"x-col e38-e6 m12-g\"><div class=\"x-text x-text-headline e38-e7 m12-i m12-j\"><div class=\"x-text-content\"><div class=\"x-text-content-text\"><h1 class=\"x-text-content-text-primary\">Wir wissen, wie man Kunststoffdrucke und Ihren eigenen Druck auf Kunststoff erstellt!<\/h1>\n<\/div><\/div><\/div><div class=\"x-text x-content e38-e8 m12-l m12-m m12-n m12-o\"><p>Inplastor betreibt derzeit ein umfangreiches Druckgesch\u00e4ft. Wir drucken auf Kunststoff, Holz und verschiedene andere Materialien. Wir haben ein sehr hohes Ma\u00df an Fachwissen \u00fcber das Bedrucken der meisten Materialien entwickelt und verwenden haupts\u00e4chlich drei Drucktechniken. Siebdruck, Offsetdruck und Digitaldruck in kleinen und gro\u00dfen Formaten.<br \/>In allen F\u00e4llen ist das Ergebnis eine starke und haltbare Druckoberfl\u00e4che, die der hohen Widerstandsf\u00e4higkeit des Materials gegen Abrieb, Feuchtigkeit und Chemikalien entspricht.<\/p>\n<p>Inplastor ist seit 1994 qualit\u00e4ts- und umweltzertifiziert. Durch kontinuierliche Verbesserungsarbeit, einschlie\u00dflich der Zusammenarbeit mit f\u00fchrenden Materialherstellern, k\u00f6nnen wir st\u00e4ndig verbesserte Druckverfahren und eine h\u00f6here Produktqualit\u00e4t entwickeln.<\/p><\/div><span class=\"x-image e38-e9 m12-r m12-s\"><img decoding=\"async\" src=\"https:\/\/inplastor.se\/wp-content\/uploads\/2025\/10\/PRE00583-2-scaled.jpg\" width=\"1280\" height=\"853\" alt=\"Bild\" loading=\"lazy\"><\/span><\/div><\/div><\/div><\/div><div class=\"x-section e38-e10 m12-0 m12-3 m12-5\"><div class=\"x-row x-container max width e38-e11 m12-8 m12-9 m12-c\"><div class=\"x-row-inner\"><div class=\"x-col e38-e12 m12-g\"><div class=\"x-row x-container max width e38-e13 m12-8 m12-9 m12-d\"><div class=\"x-row-inner\"><div class=\"x-col e38-e14 m12-g m12-h\"><div class=\"x-text x-text-headline e38-e15 m12-i m12-k\"><div class=\"x-text-content\"><div class=\"x-text-content-text\"><h2 class=\"x-text-content-text-primary\">Die richtigen Materialien f\u00fcr jede Umgebung<\/h2>\n<\/div><\/div><\/div><div class=\"x-text x-content e38-e16 m12-l m12-n m12-p\"><span>Kunststoff ist ein hochflexibles Material, das sich in den meisten Situationen bew\u00e4hrt. Seine hohe Best\u00e4ndigkeit gegen Feuchtigkeit, K\u00e4lte und Chemikalien macht es ideal f\u00fcr den Einsatz in allen Klimazonen und bei allen Temperaturen: in Innenr\u00e4umen, z. B. in K\u00fchl- und Gefrierschr\u00e4nken, Werkst\u00e4tten und anderen anspruchsvollen Umgebungen. Im Freien bleibt das Material sehr lange neu, ungeachtet aller \u00e4u\u00dferen Einfl\u00fcsse, die anderen Werbe- und Informationstr\u00e4gern normalerweise das Leben schwer und langweilig machen.<\/span><\/div><\/div><\/div><\/div><\/div><\/div><\/div><\/div><div class=\"x-section e38-e17 m12-0 m12-3 m12-6\"><div class=\"x-row x-container max width e38-e18 m12-8 m12-9 m12-e\"><div class=\"x-row-inner\"><div class=\"x-col e38-e19 m12-g\"><div class=\"x-text x-text-headline e38-e20 m12-i m12-j\"><div class=\"x-text-content\"><div class=\"x-text-content-text\"><h2 class=\"x-text-content-text-primary\">Kleine Plastikschule<\/h2>\n<\/div><\/div><\/div><div class=\"x-text x-content e38-e21 m12-n m12-o m12-q\"><p><span>Kunststoff, vom lateinischen Plasticus (formbar), geh\u00f6rt zu der gro\u00dfen Gruppe der polymeren Werkstoffe.<\/span><br \/>\n<span>Polymere Materialien beziehen sich in der Regel auf eine organische Verbindung aus sehr gro\u00dfen Molek\u00fclen in langen Kettenformationen.<\/span><br \/>\n<br \/>\n<span>Polymere kommen sowohl in nat\u00fcrlicher Form, z. B. als Proteine, als auch in synthetischer Form als Basis f\u00fcr Kunststoffe vor. Das macht Polymere zu einem weit verbreiteten Material. Wir verwenden sie in Kleidung, Farben, Zahlungskarten, Verpackungen, Computern, Schildern und vielen anderen Dingen, die heute als selbstverst\u00e4ndlicher Teil unseres t\u00e4glichen Lebens angesehen werden.<\/span><br \/>\n<br \/>\n<span>Kunststoffe als Werkstoff gibt es heute in einer Vielzahl von Varianten und Zusammensetzungen. Kunststoffe basieren auf Polymeren, die aus sogenannten Monomeren durch einen Prozess namens Polymerisation aufgebaut werden.<\/span><br \/>\n<br \/>\n<span>Den entstandenen Polymeren werden dann verschiedene Additive zugesetzt, wodurch Kunststoffe mit unterschiedlichen Eigenschaften entstehen.<\/span><\/p><\/div><\/div><div class=\"x-col e38-e22 m12-g\"><span class=\"x-image e38-e23 m12-r m12-t\"><img decoding=\"async\" src=\"https:\/\/inplastor.se\/wp-content\/uploads\/2020\/04\/image.png\" width=\"290\" height=\"200\" alt=\"Bild\" loading=\"lazy\"><\/span><\/div><\/div><\/div><\/div><div class=\"x-section e38-e24 m12-0 m12-2 m12-7\"><div class=\"x-bg\" aria-hidden=\"true\"><div class=\"x-bg-layer-lower-image\" data-x-element-bg-layer=\"{&quot;parallaxSize&quot;:&quot;150%&quot;,&quot;parallaxDir&quot;:&quot;v&quot;,&quot;parallaxRev&quot;:false}\"><\/div><\/div><div class=\"x-row x-container max width e38-e25 m12-8 m12-9 m12-f\"><div class=\"x-row-inner\"><div class=\"x-col e38-e26 m12-g\"><\/div><\/div><\/div><\/div><\/div>","protected":false},"excerpt":{"rendered":"<p>Vi vet hur man skapar plasttryck och sitt eget tryck p\u00e5 plast! Inplastor driver idag en omfattande tryckeriverksamhet. Vi trycker p&aring; plast, tr&auml; samt diverse olika material. Vi har med detta utvecklat mycket h&ouml;g kompetens f&ouml;r tryck p&aring; de flesta material och anv&auml;nder i huvudsak tre trycktekniker. Screentryck, Offsettryck&nbsp;och Digitaltryck i sm&aring; och stora format.Resultatet blir i samtliga fallen en &#8230; <a href=\"https:\/\/inplastor.se\/de\/om-plast\/\" class=\"more-link\">Mehr lesen<\/a><\/p>","protected":false},"author":1,"featured_media":0,"parent":0,"menu_order":0,"comment_status":"closed","ping_status":"closed","template":"template-blank-4.php","meta":{"rs_blank_template":"","rs_page_bg_color":"","slide_template_v7":"","footnotes":""},"class_list":["post-38","page","type-page","status-publish","hentry","no-post-thumbnail"],"_links":{"self":[{"href":"https:\/\/inplastor.se\/de\/wp-json\/wp\/v2\/pages\/38","targetHints":{"allow":["GET"]}}],"collection":[{"href":"https:\/\/inplastor.se\/de\/wp-json\/wp\/v2\/pages"}],"about":[{"href":"https:\/\/inplastor.se\/de\/wp-json\/wp\/v2\/types\/page"}],"author":[{"embeddable":true,"href":"https:\/\/inplastor.se\/de\/wp-json\/wp\/v2\/users\/1"}],"replies":[{"embeddable":true,"href":"https:\/\/inplastor.se\/de\/wp-json\/wp\/v2\/comments?post=38"}],"version-history":[{"count":8,"href":"https:\/\/inplastor.se\/de\/wp-json\/wp\/v2\/pages\/38\/revisions"}],"predecessor-version":[{"id":429,"href":"https:\/\/inplastor.se\/de\/wp-json\/wp\/v2\/pages\/38\/revisions\/429"}],"wp:attachment":[{"href":"https:\/\/inplastor.se\/de\/wp-json\/wp\/v2\/media?parent=38"}],"curies":[{"name":"wp","href":"https:\/\/api.w.org\/{rel}","templated":true}]}}