{"id":40,"date":"2020-04-28T09:57:18","date_gmt":"2020-04-28T08:57:18","guid":{"rendered":"https:\/\/inplastor.se\/?page_id=40"},"modified":"2025-11-25T11:17:41","modified_gmt":"2025-11-25T10:17:41","slug":"druckvorstufe","status":"publish","type":"page","link":"https:\/\/inplastor.se\/de\/prepress\/","title":{"rendered":"Prepress"},"content":{"rendered":"<div id=\"cs-content\" class=\"cs-content\"><div class=\"x-section e40-e1 m14-0\"><div class=\"x-row x-container max width e40-e2 m14-1 m14-2\"><div class=\"x-row-inner\"><div class=\"x-col e40-e3 m14-3\"><span class=\"x-image e40-e4 m14-4\"><img decoding=\"async\" src=\"https:\/\/inplastor.se\/wp-content\/uploads\/2020\/04\/DSC07710-scaled.jpg\" width=\"2560\" height=\"1439\" alt=\"Bild\" loading=\"lazy\"><\/span><div class=\"x-text x-text-headline e40-e5 m14-5\"><div class=\"x-text-content\"><div class=\"x-text-content-text\"><h1 class=\"x-text-content-text-primary\">Prepress<\/h1>\n<\/div><\/div><\/div><div class=\"x-text x-content e40-e6 m14-6\"><p><span>Die Druckvorstufenabteilung von Inplastor arbeitet eng mit Projektmanagern und Druckereien zusammen. Wir verf\u00fcgen \u00fcber umfangreiche Erfahrungen mit den speziellen Vorstufenarbeiten, die f\u00fcr eine erfolgreiche Druckproduktion erforderlich sind.<\/span><\/p>\n<p>Der direkte Kontakt zu uns gew\u00e4hrleistet einen schnellen und sicheren Umgang mit digitalen Dateien und Dokumenten. Wir helfen Ihnen gerne bei der Erstellung von digitalen Farbproofs, Matchprints oder PDFs. Auch beim Scannen von Bildern und bei Layoutarbeiten k\u00f6nnen wir Ihnen helfen.<\/p>\n<p>Wenn Sie sich daf\u00fcr entscheiden, einen Teil der Druckvorstufe selbst zu \u00fcbernehmen, beachten Sie bitte unsere Anweisungen f\u00fcr die Druckvorstufe, die Sie durch Anklicken des unten stehenden Links leicht aufrufen k\u00f6nnen. Dort finden Sie auch Informationen dar\u00fcber, wohin Sie sich bei Fragen wenden k\u00f6nnen.<\/p>\n<p><a href=\"https:\/\/inplastor.se\/wp-content\/uploads\/2020\/05\/Prepressinstruktion-sv_eng_2020.pdf\" target=\"_blank\" title=\"Anweisungen f\u00fcr die Druckvorstufe\" rel=\"noopener\">Klicken Sie hier, um Anweisungen f\u00fcr die Druckvorstufe herunterzuladen.<\/a><\/p><\/div><span class=\"x-image e40-e7 m14-4\"><img decoding=\"async\" src=\"https:\/\/inplastor.se\/wp-content\/uploads\/2025\/10\/PRE00565-scaled.jpg\" width=\"2560\" height=\"1707\" alt=\"Bild\" loading=\"lazy\"><\/span><\/div><\/div><\/div><\/div><\/div>","protected":false},"excerpt":{"rendered":"<p>Die Prepress-Abteilung von Inplastor arbeitet eng mit Projektmanagern und der Druckerei zusammen. Wir verf\u00fcgen \u00fcber umfassende Erfahrung in der speziellen Prepress-Arbeit, die f\u00fcr eine erfolgreiche Druckproduktion erforderlich ist. Direkter Kontakt mit uns erm\u00f6glicht eine schnelle und sichere Bearbeitung digitaler Dateien und Dokumente. Gerne unterst\u00fctzen wir Sie bei der Erstellung von digitalen Farbabz\u00fcgen, Matchprints oder PDFs. Wenn Sie Bildscans und Layoutarbeiten ben\u00f6tigen, k\u00f6nnen wir auch ... <a href=\"https:\/\/inplastor.se\/de\/prepress\/\" class=\"more-link\">Mehr lesen<\/a><\/p>","protected":false},"author":1,"featured_media":0,"parent":0,"menu_order":0,"comment_status":"closed","ping_status":"closed","template":"template-blank-4.php","meta":{"rs_blank_template":"","rs_page_bg_color":"","slide_template_v7":"","footnotes":""},"class_list":["post-40","page","type-page","status-publish","hentry","no-post-thumbnail"],"_links":{"self":[{"href":"https:\/\/inplastor.se\/de\/wp-json\/wp\/v2\/pages\/40","targetHints":{"allow":["GET"]}}],"collection":[{"href":"https:\/\/inplastor.se\/de\/wp-json\/wp\/v2\/pages"}],"about":[{"href":"https:\/\/inplastor.se\/de\/wp-json\/wp\/v2\/types\/page"}],"author":[{"embeddable":true,"href":"https:\/\/inplastor.se\/de\/wp-json\/wp\/v2\/users\/1"}],"replies":[{"embeddable":true,"href":"https:\/\/inplastor.se\/de\/wp-json\/wp\/v2\/comments?post=40"}],"version-history":[{"count":5,"href":"https:\/\/inplastor.se\/de\/wp-json\/wp\/v2\/pages\/40\/revisions"}],"predecessor-version":[{"id":412,"href":"https:\/\/inplastor.se\/de\/wp-json\/wp\/v2\/pages\/40\/revisions\/412"}],"wp:attachment":[{"href":"https:\/\/inplastor.se\/de\/wp-json\/wp\/v2\/media?parent=40"}],"curies":[{"name":"wp","href":"https:\/\/api.w.org\/{rel}","templated":true}]}}