{"id":438,"date":"2025-12-05T15:29:01","date_gmt":"2025-12-05T14:29:01","guid":{"rendered":"https:\/\/inplastor.se\/?page_id=438"},"modified":"2026-03-24T14:13:43","modified_gmt":"2026-03-24T13:13:43","slug":"werbeartikel-mit-druck","status":"publish","type":"page","link":"https:\/\/inplastor.se\/de\/produkter\/reklamprodukter-med-tryck\/","title":{"rendered":"Werbeartikel mit Druck"},"content":{"rendered":"<div id=\"cs-content\" class=\"cs-content\"><div class=\"x-section e438-e1 mc6-0 mc6-1 mc6-2\"><div class=\"x-row x-container max width e438-e2 mc6-7 mc6-8 mc6-a mc6-b\"><div class=\"x-row-inner\"><div class=\"x-col e438-e3 mc6-n\"><div class=\"x-text x-text-headline e438-e4 mc6-p mc6-q\"><div class=\"x-text-content\"><div class=\"x-text-content-text\"><h1 class=\"x-text-content-text-primary\">Werbeartikel mit Druck<\/h1>\n<\/div><\/div><\/div><div class=\"x-text x-content e438-e5 mc6-s mc6-t mc6-u mc6-v mc6-w mc6-x\"><p>Wir produzieren in Schweden individuell bedruckte Werbeartikel f\u00fcr Marketingabteilungen, Agenturen und Eink\u00e4ufer, die nachhaltige Kunststoffl\u00f6sungen von einem erfahrenen Spezialisten w\u00fcnschen. Mit uns setzen Sie Ideen und Kampagnenbotschaften in Druckerzeugnisse um, die lange halten, gesehen und genutzt werden - von Schildern und Aufklebern bis hin zu Mousepads, Handb\u00fcchern und POS-Materialien. Sie erhalten einen Partner, der \u00fcber 60 Jahre Erfahrung im Kunststoffdruck mit moderner Technologie und Materialien kombiniert, die Ihren \u00f6kologischen Fu\u00dfabdruck reduzieren, ohne Kompromisse bei Qualit\u00e4t oder Design einzugehen.<\/p>\n<p><a href=\"https:\/\/inplastor.se\/de\/kontakt\/\">Fordern Sie hier ein kostenloses Angebot f\u00fcr bedruckte Werbeartikel an<\/a><\/p>\n<p><strong>ODER...<\/strong><\/p><\/div><a class=\"x-anchor x-anchor-button e438-e6 mc6-13\" tabindex=\"0\" href=\"https:\/\/outlook.office.com\/book\/Inplastor@InplastorABMotala.onmicrosoft.com\/s\/6oJAp5_c4Uu3BWfocV13pQ2?ismsaljsauthenabled\" target=\"_blank\" rel=\"noopener\"><div class=\"x-anchor-content\"><div class=\"x-anchor-text\"><span class=\"x-anchor-text-primary\">Buchen Sie ein Treffen<\/span><\/div><\/div><\/a><\/div><\/div><\/div><\/div><div class=\"x-section e438-e7 mc6-0 mc6-1 mc6-3\"><div class=\"x-row x-container max width e438-e8 mc6-7 mc6-8 mc6-a mc6-c\"><div class=\"x-row-inner\"><div class=\"x-col e438-e9 mc6-n\"><div class=\"x-row x-container max width e438-e10 mc6-7 mc6-8 mc6-a mc6-d\"><div class=\"x-row-inner\"><div class=\"x-col e438-e11 mc6-n mc6-o\"><div class=\"x-text x-text-headline e438-e12 mc6-p mc6-r\"><div class=\"x-text-content\"><div class=\"x-text-content-text\"><h2 class=\"x-text-content-text-primary\">Wie wir Unternehmen helfen, mit Werbeartikeln aufzufallen<\/h2>\n<\/div><\/div><\/div><div class=\"x-text x-content e438-e13 mc6-s mc6-t mc6-v mc6-w mc6-y mc6-z\"><p><span style=\"font-weight: 400;\">Wenn Sie Werbemittel mit Druck von Inplastor bestellen, erhalten Sie eine Komplettl\u00f6sung, bei der wir die Verantwortung f\u00fcr die gesamte Kette \u00fcbernehmen, von der ersten Idee bis zum fertigen, gelieferten Produkt. Wir arbeiten eng mit Ihrer Marketingabteilung oder Agentur zusammen und helfen Ihnen bei der Auswahl der richtigen Produkte, Formate, Materialien und Drucktechniken f\u00fcr Ihre Kampagne, Ihre Marke und Ihr Budget.\u00a0<\/span><\/p>\n<p><span style=\"font-weight: 400;\">In der Praxis bedeutet das, dass wir gemeinsam definieren, welches Verhalten Sie beeinflussen m\u00f6chten \u2013 mehr Ladenbesuche, mehr QR-Code-Scans, h\u00f6here Werbeerinnerung oder gesteigerte Loyalit\u00e4t \u2013 und dies dann mit der richtigen Kombination aus Schildern, Aufklebern, Karten, Handb\u00fcchern, Mousepads oder anderem verkaufsf\u00f6rdernden Material abgleichen.<\/span><\/p><\/div><\/div><\/div><\/div><\/div><\/div><\/div><\/div><div class=\"x-section e438-e14 mc6-0 mc6-1 mc6-3\"><div class=\"x-row x-container max width e438-e15 mc6-7 mc6-8 mc6-a mc6-e\"><div class=\"x-row-inner\"><div class=\"x-col e438-e16 mc6-n\"><div class=\"x-row x-container max width e438-e17 mc6-7 mc6-8 mc6-a mc6-f\"><div class=\"x-row-inner\"><div class=\"x-col e438-e18 mc6-n mc6-o\"><div class=\"x-text x-text-headline e438-e19 mc6-p mc6-r\"><div class=\"x-text-content\"><div class=\"x-text-content-text\"><h2 class=\"x-text-content-text-primary\">Werbedruck, der die Marke aufbaut<\/h2>\n<\/div><\/div><\/div><div class=\"x-text x-content e438-e20 mc6-s mc6-t mc6-v mc6-w mc6-y mc6-z\"><p><span style=\"font-weight: 400;\">Werbedruck von Inplastor ist ideal f\u00fcr Marketingabteilungen, Agenturen und Eink\u00e4ufer, die Kampagnenideen in gedruckte Werbeartikel umwandeln m\u00f6chten, die auch tats\u00e4chlich genutzt werden. Wir produzieren ma\u00dfgeschneiderte Kunststoffl\u00f6sungen, bei denen die Botschaft klar erkennbar, professionell wirkt und dem Alltag standh\u00e4lt \u2013 von Schildern, Aufklebern und POS-Materialien bis hin zu Mousepads und Anleitungen, die Verschlei\u00df aushalten m\u00fcssen., <br \/>feuchtigkeit und handhabung.<\/span><\/p>\n<p><span style=\"font-weight: 400;\">Sie erhalten einen Partner, der die gesamte Kette verantwortet: Wir helfen Ihnen bei der Auswahl des richtigen Produkts, Formats, Materials und Druckverfahrens, je nachdem, was Sie erreichen m\u00f6chten \u2013 mehr Stopps im Regal, mehr QR-Scans oder eine h\u00f6here Erinnerung an die Botschaft. Mit Siebdruck, Digitaldruck, Offset und Spezialeffekten wie Lentikulardruck k\u00f6nnen wir die L\u00f6sung f\u00fcr kurzfristige Kampagnen und langfristiges Basismaterial anpassen.<\/span><\/p>\n<p><span style=\"font-weight: 400;\">samtidigt guider vi dig till mer h\u00e5llbara materialval, inklusive biobaserade alternativ med l\u00e4gre klimatavtryck, utan att kompromissa med kvalitet eller design. Resultatet: reklamtryck som st\u00e4rker varum\u00e4rket, h\u00e5ller l\u00e4ngre och <br \/>geliefert mit klaren Lieferzeiten.<\/span><\/p><\/div><\/div><\/div><\/div><\/div><\/div><\/div><\/div><div class=\"x-section e438-e21 mc6-0 mc6-1 mc6-4\"><div class=\"x-row x-container max width e438-e22 mc6-7 mc6-8 mc6-a mc6-g\"><div class=\"x-row-inner\"><div class=\"x-col e438-e23 mc6-n\"><div class=\"x-text x-text-headline e438-e24 mc6-p mc6-q\"><div class=\"x-text-content\"><div class=\"x-text-content-text\"><h3 class=\"x-text-content-text-primary\">Materialien, Drucktechnik und Nachhaltigkeit in der Praxis<\/h3>\n<\/div><\/div><\/div><div class=\"x-text x-content e438-e25 mc6-v mc6-w mc6-x mc6-10\"><p style=\"text-align: left;\">Wir stellen Werbeartikel aus Kunststoffen und biobasierten Materialien her und verwenden dabei fortschrittliche Drucktechniken wie Siebdruck, Digitaldruck, Offsetdruck und Speziall\u00f6sungen wie den Lentikulardruck f\u00fcr besondere Aufmerksamkeit. Sie k\u00f6nnen sowohl an kleinen als auch an gro\u00dfen Auflagen, wiederkehrenden Kampagnen und dauerhaften Basismaterialien arbeiten, wie z. B. Ladenschildern oder Bedienungsanleitungen, die Feuchtigkeit, Abnutzung und Chemikalien standhalten m\u00fcssen.<\/p>\n<p style=\"text-align: left;\">Wir sorgen f\u00fcr gleichbleibende Qualit\u00e4t, Liefertreue und klare Vorlaufzeiten, damit Ihre Kampagnen in ganz Schweden wie geplant laufen. Gleichzeitig helfen wir Ihnen, eine bewusste Materialwahl zu treffen, die sowohl Ihr Marken- als auch Ihr Nachhaltigkeitsprofil st\u00e4rkt, einschlie\u00dflich biobasierter Alternativen, die im Vergleich zu herk\u00f6mmlichen Kunststoffen das Klima weniger belasten.<\/p><\/div><\/div><\/div><\/div><div class=\"x-row x-container max width e438-e26 mc6-8 mc6-9 mc6-h mc6-i\"><div class=\"x-row-inner\"><div class=\"x-col e438-e27 mc6-n\"><div class=\"x-text x-content e438-e28 mc6-t mc6-v mc6-11 mc6-12\"><\/div><a class=\"x-anchor x-anchor-button e438-e29 mc6-13\" tabindex=\"0\" href=\"https:\/\/outlook.office.com\/book\/Inplastor@InplastorABMotala.onmicrosoft.com\/s\/6oJAp5_c4Uu3BWfocV13pQ2?ismsaljsauthenabled\" target=\"_blank\" rel=\"noopener noreferrer\"><div class=\"x-anchor-content\"><div class=\"x-anchor-text\"><span class=\"x-anchor-text-primary\">Buchen Sie ein Treffen<\/span><\/div><\/div><\/a><\/div><\/div><\/div><\/div><div class=\"x-section e438-e30 mc6-0 mc6-1 mc6-3\"><div class=\"x-row x-container max width e438-e31 mc6-7 mc6-8 mc6-a mc6-j\"><div class=\"x-row-inner\"><div class=\"x-col e438-e32 mc6-n\"><div class=\"x-row x-container max width e438-e33 mc6-7 mc6-8 mc6-a mc6-k\"><div class=\"x-row-inner\"><div class=\"x-col e438-e34 mc6-n mc6-o\"><div class=\"x-text x-text-headline e438-e35 mc6-p mc6-r\"><div class=\"x-text-content\"><div class=\"x-text-content-text\"><h2 class=\"x-text-content-text-primary\">Warum Unternehmen Kunststoffverpackungen f\u00fcr ihre Werbeartikel w\u00e4hlen<\/h2>\n<\/div><\/div><\/div><div class=\"x-text x-content e438-e36 mc6-s mc6-t mc6-v mc6-w mc6-y mc6-z\"><p>Wenn Sie sich f\u00fcr einen Anbieter von bedruckten Werbeartikeln in Schweden entscheiden, wollen Sie sicher sein, dass das Ergebnis sowohl praktisch als auch kommerziell funktioniert. Inplastor setzt auf langfristige Beziehungen und markenbildende Produkte und nicht auf einmalige L\u00f6sungen, die schnell ihre Wirkung verlieren. Seit 1957 besch\u00e4ftigen wir uns mit dem Bedrucken von Kunststoffen und haben einen Ansatz entwickelt, bei dem grafische Kompetenz, technisches Know-how und Materialkenntnis Hand in Hand gehen. Das bedeutet, dass Sie eine Beratung erhalten, die alles abdeckt, von der Frage, wie das Produkt im Verkaufsregal aussehen soll, bis hin zu der Frage, wie es sich in der Hand anf\u00fchlt und wie lange es in der Praxis halten wird.<br \/>\nNachhaltige Materialauswahl, die Ihre Marke st\u00e4rkt<\/p>\n<p>Wir arbeiten auch aktiv mit nachhaltigeren Materialien, einschlie\u00dflich unserer biobasierten Optionen, die auf erneuerbaren Rohstoffen basieren und einen geringeren Kohlenstoff-Fu\u00dfabdruck als herk\u00f6mmliche Kunststoffe haben. Dies gibt Ihnen die M\u00f6glichkeit, eine starke Sichtbarkeit mit klaren Nachhaltigkeitsargumenten in Ihrer Kommunikation zu kombinieren. Wir helfen Ihnen dabei, dies sowohl im Design als auch in den Texten zum Ausdruck zu bringen, so dass der Endkunde tats\u00e4chlich versteht, warum Ihre Werbeartikel durchdachter sind als die der Konkurrenz. Unsere Produktion in Schweden bedeutet auch k\u00fcrzere Vorlaufzeiten, einen sichereren Dialog und eine einfache Nachbereitung.<\/p><\/div><\/div><\/div><\/div><\/div><\/div><\/div><div class=\"x-row x-container max width e438-e37 mc6-8 mc6-9 mc6-h mc6-l\"><div class=\"x-row-inner\"><div class=\"x-col e438-e38 mc6-n\"><div class=\"x-text x-content e438-e39 mc6-v mc6-z mc6-10 mc6-12 mc6-6\">\n<h2>H\u00e4ufig gestellte Fragen und Antworten<\/h2>\n<div style=\"text-align:left;\">\n<h3>Was versteht man unter bedruckten Werbeartikeln?<\/h3>\n<p>Unter bedruckten Werbeartikeln verstehen wir individuell gestaltete Kunststoffprodukte wie Schilder, Aufkleber, Mousepads, Handb\u00fccher und POS-Materialien, auf die Ihre Botschaft, Ihr Logo oder das Design Ihrer Kampagne gedruckt wird, um die Marke zu st\u00e4rken.<\/p>\n\n<h3>F\u00fcr wen sind Ihre gedruckten Werbeartikel geeignet?<\/h3>\n<p>Unsere bedruckten Werbeartikel eignen sich vor allem f\u00fcr Marketingabteilungen, Werbeagenturen und Eink\u00e4ufer, die nachhaltige, aufmerksamkeitsstarke L\u00f6sungen f\u00fcr Kampagnen, Ladenumgebungen und Branding in Schweden ben\u00f6tigen.<\/p>\n\n<h3>Welche Materialien und Drucktechniken verwenden Sie?<\/h3>\n<p>Wir stellen Werbeartikel sowohl aus Kunststoff als auch aus biobasierten Materialien her und verwenden Siebdruck, Digitaldruck, Offsetdruck und Lentikulardruck, wenn Sie eine besondere visuelle Wirkung erzielen m\u00f6chten.<\/p>\n\n<h3>Wie arbeiten Sie bei Ihren Produkten mit Nachhaltigkeit?<\/h3>\n<p>Wir arbeiten aktiv mit biobasierten Materialien auf der Grundlage nachwachsender Rohstoffe, die einen geringeren Kohlenstoff-Fu\u00dfabdruck als herk\u00f6mmliche Kunststoffe haben, und helfen Ihnen bei der Auswahl von L\u00f6sungen, die sowohl Ihr Nachhaltigkeitsprofil als auch Ihre Marke st\u00e4rken.<\/p>\n<\/div><\/div><\/div><\/div><\/div><\/div><div class=\"x-section e438-e40 mc6-0 mc6-5\"><div class=\"x-bg\" aria-hidden=\"true\"><div class=\"x-bg-layer-lower-image\" data-x-element-bg-layer=\"{&quot;parallaxSize&quot;:&quot;150%&quot;,&quot;parallaxDir&quot;:&quot;v&quot;,&quot;parallaxRev&quot;:false}\"><\/div><\/div><div class=\"x-row x-container max width e438-e41 mc6-7 mc6-8 mc6-a mc6-m\"><div class=\"x-row-inner\"><div class=\"x-col e438-e42 mc6-n\"><\/div><\/div><\/div><\/div><\/div>","protected":false},"excerpt":{"rendered":"<p>Bedruckte Werbeartikel Wir produzieren in Schweden ma\u00dfgeschneiderte bedruckte Werbeartikel f\u00fcr Marketingabteilungen, Agenturen und Eink\u00e4ufer, die nachhaltige Kunststoffl\u00f6sungen von einem erfahrenen Spezialisten w\u00fcnschen. Mit uns setzen Sie Ideen und Kampagnenbotschaften in Druckerzeugnisse um, die lange halten, gesehen und genutzt werden - von Schildern und Aufklebern bis hin zu Mousepads, Handb\u00fcchern und POS-Materialien. Sie bekommen einen Partner, der \u00fcber 60 Jahre Erfahrung vereint... <a href=\"https:\/\/inplastor.se\/de\/produkter\/reklamprodukter-med-tryck\/\" class=\"more-link\">Mehr lesen<\/a><\/p>","protected":false},"author":3,"featured_media":0,"parent":36,"menu_order":0,"comment_status":"closed","ping_status":"closed","template":"template-blank-4.php","meta":{"rs_blank_template":"","rs_page_bg_color":"","slide_template_v7":"","footnotes":""},"class_list":["post-438","page","type-page","status-publish","hentry","no-post-thumbnail"],"_links":{"self":[{"href":"https:\/\/inplastor.se\/de\/wp-json\/wp\/v2\/pages\/438","targetHints":{"allow":["GET"]}}],"collection":[{"href":"https:\/\/inplastor.se\/de\/wp-json\/wp\/v2\/pages"}],"about":[{"href":"https:\/\/inplastor.se\/de\/wp-json\/wp\/v2\/types\/page"}],"author":[{"embeddable":true,"href":"https:\/\/inplastor.se\/de\/wp-json\/wp\/v2\/users\/3"}],"replies":[{"embeddable":true,"href":"https:\/\/inplastor.se\/de\/wp-json\/wp\/v2\/comments?post=438"}],"version-history":[{"count":5,"href":"https:\/\/inplastor.se\/de\/wp-json\/wp\/v2\/pages\/438\/revisions"}],"predecessor-version":[{"id":513,"href":"https:\/\/inplastor.se\/de\/wp-json\/wp\/v2\/pages\/438\/revisions\/513"}],"up":[{"embeddable":true,"href":"https:\/\/inplastor.se\/de\/wp-json\/wp\/v2\/pages\/36"}],"wp:attachment":[{"href":"https:\/\/inplastor.se\/de\/wp-json\/wp\/v2\/media?parent=438"}],"curies":[{"name":"wp","href":"https:\/\/api.w.org\/{rel}","templated":true}]}}