{"id":333,"date":"2025-08-26T14:45:46","date_gmt":"2025-08-26T13:45:46","guid":{"rendered":"https:\/\/inplastor.se\/?page_id=333"},"modified":"2026-03-24T13:48:40","modified_gmt":"2026-03-24T12:48:40","slug":"cs-87-100","status":"publish","type":"page","link":"https:\/\/inplastor.se\/en\/produkter\/cs-87-100\/","title":{"rendered":"CS87-100"},"content":{"rendered":"<div id=\"cs-content\" class=\"cs-content\"><div class=\"x-section e333-e1 m99-0 m99-1 m99-2\"><div class=\"x-row x-container max width e333-e2 m99-6 m99-7 m99-8 m99-c m99-d\"><div class=\"x-row-inner\"><div class=\"x-col e333-e3 m99-q m99-r\"><div class=\"x-text x-text-headline e333-e4 m99-u m99-v m99-w\"><div class=\"x-text-content\"><div class=\"x-text-content-text\"><h1 class=\"x-text-content-text-primary\">CS87-100&trade; - v&aring;r egen gr&ouml;na revolution!<\/h1>\n<\/div><\/div><\/div><div class=\"x-text x-content e333-e5 m99-z m99-10 m99-11 m99-12 m99-13 m99-14\"><p>P&aring; Inplastor &auml;r vi specialister p&aring; tryck p&aring; plast, en kunskap och kompetens vi byggt sedan 1957. Plast &auml;r ett fantastiskt material p&aring; m&aring;nga s&auml;tt, l&auml;tt att bearbeta, f&ouml;rh&aring;llandevis billigt, slitstarkt och t&aring;ligt. Men det finns ocks&aring; en baksida. De allra flesta plaster (eller polymerer, som &auml;r den mer vetenskapliga ben&auml;mningen) &auml;r baserade p&aring; fossil r&aring;vara, n&auml;rmare best&auml;mt olja.<\/p>\n<p>Detta &auml;r problematiskt p&aring; flera s&auml;tt. Olja &auml;r inte en o&auml;ndlig resurs, utan kommer att ta slut. Tillverkningsprocedurerna f&ouml;r att framst&auml;lla plasten orsakar ocks&aring; h&ouml;ga koldioxidutsl&auml;pp, och &auml;r ofta beroende av giftiga kemikalier som riskerar att skada b&aring;de m&auml;nniska och natur. P&aring; senare tid har ocks&aring; riskerna kring microplaster och PFAS-kemikalier (\"evighetskemikalier\") lyfts fram som saker som g&ouml;r v&aring;r plastkonsumtion &auml;n mer problematisk.<\/p>\n<p>V&aring;ren 2022 best&auml;mde vi oss f&ouml;r att vi tillsammans med v&aring;ra samarbetspartners <a href=\"https:\/\/www.brigo.com\/\" target=\"_blank\" rel=\"noopener\">Brigo<\/a> och <a href=\"https:\/\/biqmaterials.com\/en\/home\" target=\"_blank\" rel=\"noopener\">BIQ Materials<\/a> ska bli en del utav l&ouml;sningen ist&auml;llet f&ouml;r problemet. Ett intensivt utvecklingsarbete tog fart, och akt&ouml;rer runt om i hela v&auml;rlden blev inblandade f&ouml;r att bidra med sin expertis. Resultatet av detta arbete &auml;r CS87-100&trade;, en milstolpe i v&aring;r snart 70-&aring;riga historia.<\/p><\/div><\/div><\/div><\/div><\/div><div class=\"x-section e333-e6 m99-0 m99-1 m99-3\"><div class=\"x-row x-container max width e333-e7 m99-6 m99-7 m99-8 m99-c m99-e\"><div class=\"x-row-inner\"><div class=\"x-col e333-e8 m99-q m99-r\"><div class=\"x-row x-container max width e333-e9 m99-6 m99-7 m99-8 m99-c m99-f\"><div class=\"x-row-inner\"><div class=\"x-col e333-e10 m99-q m99-r m99-s\"><div class=\"x-text x-text-headline e333-e11 m99-u m99-v m99-x\"><div class=\"x-text-content\"><div class=\"x-text-content-text\"><h2 class=\"x-text-content-text-primary\">Vad &auml;r CS87-100&trade;?<\/h2>\n<\/div><\/div><\/div><div class=\"x-text x-content e333-e12 m99-z m99-10 m99-12 m99-13 m99-15\"><p>M&aring;lbilden med det material som vi kallar CS87-100&trade; var fr&aring;n b&ouml;rjan att hitta ett material som p&aring; ett bra s&auml;tt skulle kunna ers&auml;tta andra polymerer s&aring;som PP och PVC i v&aring;r tryckeriproduktion. Vi tror inte p&aring; att ers&auml;tta ett material med ett s&auml;mre men milj&ouml;v&auml;nligt alternativ, och d&auml;rf&ouml;r var materialets funktion och prestanda i absoluta fokus redan fr&aring;n start. H&ouml;g h&aring;llfasthet, flexibilitet och god tryckbarhet, det tummar vi aldrig p&aring;!<\/p>\n<p>Dessutom ville vi ha ett material som var sn&auml;llt mot milj&ouml;n. CS87-100&trade; best&aring;r d&auml;rf&ouml;r utav 87% f&ouml;rnybar r&aring;vara (basen &auml;r en PLA-plast utvunnen ur sockerr&ouml;r) och &auml;r 100% fri fr&aring;n skadliga &auml;mnen. Materialet inneh&aring;ller s&aring;ledes inga farliga l&ouml;sningsmedel eller andra kemikalier, och bildar inga dioxiner eller microplaster vid nedbrytning. F&ouml;r ja, CS87-100&trade; &auml;r biologiskt nedbrytbart, &aring;tervinningsbart och bildar heller inga farliga &auml;mnen vid f&ouml;rbr&auml;nning. Allt f&ouml;r att p&aring;verkan p&aring; v&aring;r milj&ouml; ska bli s&aring; l&aring;g som m&ouml;jligt, oavsett var materialet hamnar.<\/p>\n<p>Men h&aring;llbarhet &auml;r ju som bekant mer &auml;n bara rena milj&ouml;krav. Det har d&auml;rf&ouml;r varit viktigt f&ouml;r oss att hela leveranskedjan ska vara kontrollerad ur ett brett h&aring;llbarhetsperspektiv, med FN:s h&aring;llbarhetsm&aring;l som utg&aring;ngspunkt.<\/p><\/div><\/div><\/div><\/div><\/div><\/div><\/div><\/div><div class=\"x-section e333-e13 m99-0 m99-1 m99-4\"><div class=\"x-row x-container max width e333-e14 m99-6 m99-7 m99-8 m99-c m99-g\"><div class=\"x-row-inner\"><div class=\"x-col e333-e15 m99-q m99-r\"><div class=\"x-text x-text-headline e333-e16 m99-u m99-v m99-w\"><div class=\"x-text-content\"><div class=\"x-text-content-text\"><h2 class=\"x-text-content-text-primary\">Resan har bara b&ouml;rjat<\/h2>\n<\/div><\/div><\/div><div class=\"x-text x-content e333-e17 m99-12 m99-13 m99-14 m99-16\"><p>Utvecklingen utav v&aring;rt nya material &auml;r ett st&auml;ndigt p&aring;g&aring;ende projekt, och en resa mot ett st&auml;ndigt f&ouml;rb&auml;ttrat material. Vi har som m&aring;lbild att inom 3-5 &aring;r uppn&aring; en negativ CO2 p&aring;verkan, fr&auml;mst genom att utveckla odlingsprocesserna f&ouml;r sockerr&ouml;ren.&nbsp;<\/p>\n<p>Vi jobbar ocks&aring; kontinuerligt med att &ouml;ka den f&ouml;rnyelsebara andelen i materialet, men precis som i b&ouml;rjan utav resan kompromissar vi aldrig med materialets prestanda.<\/p>\n<p>&nbsp;Vi tror p&aring; att nyckeln f&ouml;r att skapa material som &auml;r h&aring;llbara p&aring; riktigt, &auml;r att sj&auml;lva grunden m&aring;ste vara gr&ouml;n fr&aring;n b&ouml;rjan. CS87-100&trade; &auml;r ett lysande exempel p&aring; n&auml;r innovation, samarbete och fokus p&aring; funktion skapat n&aring;got som kan styra om plasttryckeribranchen till mer h&aring;llbara alternativ p&aring; riktigt. Eller ocks&aring; &auml;r det bara ett exempel p&aring; sunt f&ouml;rnuft - eller som vi s&auml;ger: Common Sense!<\/p><\/div><\/div><div class=\"x-col e333-e18 m99-q m99-t\"><div class=\"x-text x-text-headline e333-e19 m99-v m99-w m99-y\"><div class=\"x-text-content\"><div class=\"x-text-content-text\"><h2 class=\"x-text-content-text-primary\">CS87-100&trade; i korthet<\/h2>\n<\/div><\/div><\/div><div class=\"x-text x-content e333-e20 m99-12 m99-16 m99-17 m99-18\"><ul>\n<li>87 % f&ouml;rnybara r&aring;varor<\/li>\n<li>100 % fri fr&aring;n skadliga &auml;mnen<\/li>\n<li>Biologiskt nedbrytbar<\/li>\n<li>Inga mikroplaster vid nedbrytning<\/li>\n<li>78 % l&auml;gre CO2-avtryck j&auml;mf&ouml;rt med traditionell plast<\/li>\n<li>H&ouml;g prestanda: h&aring;llfast, flexibel och tryckbar<\/li>\n<li>L&auml;mpad f&ouml;r reklam, f&ouml;rpackning, industri och konsumentprodukter<\/li>\n<\/ul><\/div><\/div><\/div><\/div><div class=\"x-row x-container max width e333-e21 m99-7 m99-9 m99-a m99-h m99-i\"><div class=\"x-row-inner\"><div class=\"x-col e333-e22 m99-q m99-r\"><div class=\"x-text x-content e333-e23 m99-10 m99-12 m99-17 m99-19\"><p>CS87-100&trade; har med st&ouml;rsta s&auml;kerhet en plats i er marknadsf&ouml;ring och i ert h&aring;llbarhetsarbete. Boka ett m&ouml;te f&ouml;r oss s&aring; ber&auml;ttar vi mer<\/p><\/div><a class=\"x-anchor x-anchor-button e333-e24 m99-1a\" tabindex=\"0\" href=\"https:\/\/outlook.office.com\/book\/Inplastor@InplastorABMotala.onmicrosoft.com\/s\/6oJAp5_c4Uu3BWfocV13pQ2?ismsaljsauthenabled\" target=\"_blank\" rel=\"noopener noreferrer\"><div class=\"x-anchor-content\"><div class=\"x-anchor-text\"><span class=\"x-anchor-text-primary\">Boka ett m\u00f6te<\/span><\/div><\/div><\/a><\/div><\/div><\/div><\/div><div class=\"x-section e333-e25 m99-0 m99-1 m99-3\"><div class=\"x-row x-container max width e333-e26 m99-6 m99-7 m99-8 m99-c m99-j\"><div class=\"x-row-inner\"><div class=\"x-col e333-e27 m99-q m99-r\"><div class=\"x-row x-container max width e333-e28 m99-6 m99-7 m99-8 m99-c m99-k\"><div class=\"x-row-inner\"><div class=\"x-col e333-e29 m99-q m99-r m99-s\"><div class=\"x-text x-text-headline e333-e30 m99-u m99-v m99-x\"><div class=\"x-text-content\"><div class=\"x-text-content-text\"><h2 class=\"x-text-content-text-primary\">Vad s&auml;ger andra?<\/h2>\n<\/div><\/div><\/div><div class=\"x-text x-content e333-e31 m99-z m99-10 m99-12 m99-13 m99-15\"><p>CS-87\/100 finns redan nu ute hos flera av v&aring;ra kunder, och har ocks&aring; f&aring;tt uppm&auml;rksamhet i media:<\/p>\n<p>Branschtidiningen&nbsp;<a href=\"https:\/\/signprint.se\/2025\/08\/21\/plasttryckeri-utvecklar-miljovanligt-skyltmaterial\/\" target=\"_blank\" rel=\"noopener\">Sign&amp;Print 2025-08-21<\/a><\/p><\/div><\/div><\/div><\/div><div class=\"x-row e333-e32 m99-7 m99-9 m99-a m99-h m99-l\"><div class=\"x-row-inner\"><div class=\"x-col e333-e33 m99-q m99-r\"><span class=\"x-image e333-e34 m99-1b\"><img decoding=\"async\" src=\"https:\/\/inplastor.se\/wp-content\/uploads\/2025\/08\/Brigo_1.jpg\" width=\"375\" height=\"285\" alt=\"Image\" loading=\"lazy\"><\/span><\/div><div class=\"x-col e333-e35 m99-q m99-r\"><span class=\"x-image e333-e36 m99-1b\"><img decoding=\"async\" src=\"https:\/\/inplastor.se\/wp-content\/uploads\/2025\/08\/volvo-cars.jpeg\" width=\"225\" height=\"225\" alt=\"Image\" loading=\"lazy\"><\/span><\/div><div class=\"x-col e333-e37 m99-q m99-r\"><span class=\"x-image e333-e38 m99-1b\"><img decoding=\"async\" src=\"https:\/\/inplastor.se\/wp-content\/uploads\/2025\/08\/Svenska-kyrkan.jpeg\" width=\"467\" height=\"467\" alt=\"Image\" loading=\"lazy\"><\/span><\/div><div class=\"x-col e333-e39 m99-q m99-r\"><span class=\"x-image e333-e40 m99-1b\"><img decoding=\"async\" src=\"https:\/\/inplastor.se\/wp-content\/uploads\/2025\/08\/Lantmannen_logo_center.png\" width=\"515\" height=\"449\" alt=\"Image\" loading=\"lazy\"><\/span><\/div><\/div><\/div><div class=\"x-row e333-e41 m99-7 m99-8 m99-9 m99-b m99-h m99-m\"><div class=\"x-row-inner\"><div class=\"x-col e333-e42 m99-q m99-r\"><span class=\"x-image e333-e43 m99-1b\"><img decoding=\"async\" src=\"https:\/\/inplastor.se\/wp-content\/uploads\/2025\/08\/skoda.png\" width=\"200\" height=\"200\" alt=\"Image\" loading=\"lazy\"><\/span><\/div><div class=\"x-col e333-e44 m99-q m99-r\"><span class=\"x-image e333-e45 m99-1b\"><img decoding=\"async\" src=\"https:\/\/inplastor.se\/wp-content\/uploads\/2025\/08\/Cupra.jpg\" width=\"1205\" height=\"980\" alt=\"Image\" loading=\"lazy\"><\/span><\/div><div class=\"x-col e333-e46 m99-q m99-r\"><\/div><div class=\"x-col e333-e47 m99-q m99-r\"><\/div><\/div><\/div><\/div><\/div><\/div><\/div><div class=\"x-section e333-e49 m99-0 m99-1 m99-3\"><div class=\"x-row x-container max width e333-e50 m99-6 m99-7 m99-8 m99-c m99-n\"><div class=\"x-row-inner\"><div class=\"x-col e333-e51 m99-q m99-r\"><div class=\"x-row x-container max width e333-e52 m99-6 m99-7 m99-8 m99-c m99-o\"><div class=\"x-row-inner\"><div class=\"x-col e333-e53 m99-q m99-r m99-s\"><div class=\"x-text x-text-headline e333-e54 m99-u m99-v m99-x\"><div class=\"x-text-content\"><div class=\"x-text-content-text\"><h2 class=\"x-text-content-text-primary\">Vanliga fr&aring;gor om CS87-100<\/h2>\n<\/div><\/div><\/div><div class=\"x-text x-content e333-e55 m99-z m99-10 m99-12 m99-13 m99-15\"><div style=\"text-align: left;\">\n<div class=\"flex flex-col text-sm pb-25\">\n<section class=\"text-token-text-primary w-full focus:outline-none [--shadow-height:45px] has-data-writing-block:pointer-events-none has-data-writing-block:-mt-(--shadow-height) has-data-writing-block:pt-(--shadow-height) [&amp;:has([data-writing-block])&gt;*]:pointer-events-auto scroll-mt-[calc(var(--header-height)+min(200px,max(70px,20svh)))]\" dir=\"auto\" data-turn-id=\"request-69143dbb-23d8-8328-ad43-19a6e544cfb9-5\" data-testid=\"conversation-turn-90\" data-scroll-anchor=\"true\" data-turn=\"assistant\">\n<div class=\"text-base my-auto mx-auto pb-10 [--thread-content-margin:var(--thread-content-margin-xs,calc(var(--spacing)*4))] @w-sm\/main:[--thread-content-margin:var(--thread-content-margin-sm,calc(var(--spacing)*6))] @w-lg\/main:[--thread-content-margin:var(--thread-content-margin-lg,calc(var(--spacing)*16))] px-(--thread-content-margin)\">\n<div class=\"[--thread-content-max-width:40rem] @w-lg\/main:[--thread-content-max-width:48rem] mx-auto max-w-(--thread-content-max-width) flex-1 group\/turn-messages focus-visible:outline-hidden relative flex w-full min-w-0 flex-col agent-turn\">\n<div class=\"flex max-w-full flex-col gap-4 grow\">\n<div class=\"min-h-8 text-message relative flex w-full flex-col items-end gap-2 text-start break-words whitespace-normal outline-none keyboard-focused:focus-ring [.text-message+&amp;]:mt-1\" dir=\"auto\" tabindex=\"0\" data-message-author-role=\"assistant\" data-message-id=\"661767f5-633b-468f-b988-f95739d594bc\" data-message-model-slug=\"gpt-5-2-thinking\" data-turn-start-message=\"true\">\n<div class=\"flex w-full flex-col gap-1 empty:hidden\">\n<div class=\"markdown prose dark:prose-invert w-full wrap-break-word light markdown-new-styling\">\n<h3 data-section-id=\"9wedlx\" data-start=\"0\" data-end=\"24\">Vad &auml;r CS87-100&trade;?<\/h3>\n<p data-start=\"25\" data-end=\"332\">CS87-100&trade; &auml;r Inplastors egenutvecklade plastmaterial som ska kunna ers&auml;tta traditionella polymerer som PP och PVC i tryckproduktion &ndash; utan att kompromissa med funktion. Materialet &auml;r framtaget med fokus p&aring; h&ouml;g h&aring;llfasthet, flexibilitet och god tryckbarhet, samtidigt som det har tydliga h&aring;llbarhetsf&ouml;rdelar.<\/p>\n<h3 data-section-id=\"5btmo\" data-start=\"334\" data-end=\"377\">Varf&ouml;r tog Inplastor fram CS87-100&trade;?<\/h3>\n<p data-start=\"378\" data-end=\"724\">De flesta plaster bygger p&aring; fossil r&aring;vara (olja) och kan ge h&ouml;ga koldioxidutsl&auml;pp samt risker kopplade till kemikalier, mikroplaster och PFAS. Inplastor startade d&auml;rf&ouml;r ett utvecklingsarbete 2022 tillsammans med Brigo och BIQ Materials f&ouml;r att bli en del av l&ouml;sningen och skapa ett material med l&auml;gre milj&ouml;p&aring;verkan och kontrollerad leveranskedja.<\/p>\n<h3 data-section-id=\"17nobgr\" data-start=\"726\" data-end=\"784\">Hur h&aring;llbart &auml;r CS87-100&trade; j&auml;mf&ouml;rt med vanlig plast?<\/h3>\n<p data-start=\"785\" data-end=\"1077\">CS87-100&trade; best&aring;r av 87 % f&ouml;rnybar r&aring;vara (PLA fr&aring;n sockerr&ouml;r), &auml;r 100 % fritt fr&aring;n skadliga &auml;mnen och &auml;r b&aring;de biologiskt nedbrytbart och &aring;tervinningsbart. Materialet bildar varken dioxiner eller mikroplaster vid nedbrytning och har cirka 78 % l&auml;gre CO\u2082-avtryck j&auml;mf&ouml;rt med traditionell plast.<\/p>\n<h3 data-section-id=\"10gwdh8\" data-start=\"1079\" data-end=\"1144\">Vad kan CS87-100&trade; anv&auml;ndas till?<\/h3>\n<p data-start=\"1145\" data-end=\"1429\" data-is-last-node=\"\" data-is-only-node=\"\">CS87-100&trade; passar f&ouml;r m&aring;nga anv&auml;ndningsomr&aring;den d&auml;r tryck p&aring; plast beh&ouml;vs, exempelvis reklamprodukter, f&ouml;rpackning, industrim&auml;rkning och konsumentprodukter. Vill ni se om materialet passar er applikation kan ni boka ett m&ouml;te s&aring; g&aring;r Inplastor igenom kravbild, materialval och n&auml;sta steg.<\/p>\n<\/div>\n<\/div>\n<\/div>\n<\/div>\n<\/div>\n<\/div>\n<\/section>\n<\/div>\n<\/div><\/div><script type=\"application\/ld+json\"> { \"@context\": \"https:\/\/schema.org\", \"@type\": \"FAQPage\", \"mainEntity\": [ { \"@type\": \"Question\", \"name\": \"Vad \u00e4r CS87-100\u2122?\", \"acceptedAnswer\": { \"@type\": \"Answer\", \"text\": \"CS87-100\u2122 \u00e4r Inplastors egenutvecklade plastmaterial som ska kunna ers\u00e4tta traditionella polymerer som PP och PVC i tryckproduktion \u2013 utan att kompromissa med funktion. Materialet \u00e4r framtaget med fokus p\u00e5 h\u00f6g h\u00e5llfasthet, flexibilitet och god tryckbarhet, samtidigt som det har tydliga h\u00e5llbarhetsf\u00f6rdelar.\" } }, { \"@type\": \"Question\", \"name\": \"Varf\u00f6r tog Inplastor fram CS87-100\u2122?\", \"acceptedAnswer\": { \"@type\": \"Answer\", \"text\": \"De flesta plaster bygger p\u00e5 fossil r\u00e5vara (olja) och kan ge h\u00f6ga koldioxidutsl\u00e4pp samt risker kopplade till kemikalier, mikroplaster och PFAS. Inplastor startade d\u00e4rf\u00f6r ett utvecklingsarbete 2022 tillsammans med Brigo och BIQ Materials f\u00f6r att bli en del av l\u00f6sningen och skapa ett material med l\u00e4gre milj\u00f6p\u00e5verkan och kontrollerad leveranskedja.\" } }, { \"@type\": \"Question\", \"name\": \"Hur h\u00e5llbart \u00e4r CS87-100\u2122 j\u00e4mf\u00f6rt med vanlig plast?\", \"acceptedAnswer\": { \"@type\": \"Answer\", \"text\": \"CS87-100\u2122 best\u00e5r av 87 % f\u00f6rnybar r\u00e5vara (PLA fr\u00e5n sockerr\u00f6r), \u00e4r 100 % fritt fr\u00e5n skadliga \u00e4mnen och \u00e4r b\u00e5de biologiskt nedbrytbart och \u00e5tervinningsbart. Materialet bildar varken dioxiner eller mikroplaster vid nedbrytning och har cirka 78 % l\u00e4gre CO\u2082-avtryck j\u00e4mf\u00f6rt med traditionell plast.\" } }, { \"@type\": \"Question\", \"name\": \"Vad kan CS87-100\u2122 anv\u00e4ndas till?\", \"acceptedAnswer\": { \"@type\": \"Answer\", \"text\": \"CS87-100\u2122 passar f\u00f6r m\u00e5nga anv\u00e4ndningsomr\u00e5den d\u00e4r tryck p\u00e5 plast beh\u00f6vs, exempelvis reklamprodukter, f\u00f6rpackning, industrim\u00e4rkning och konsumentprodukter. Vill ni se om materialet passar er applikation kan ni boka ett m\u00f6te s\u00e5 g\u00e5r Inplastor igenom kravbild, materialval och n\u00e4sta steg.\" } } ] } <\/script>\n<\/div><\/div><\/div><\/div><\/div><\/div><\/div><div class=\"x-section e333-e57 m99-0 m99-5\"><div class=\"x-bg\" aria-hidden=\"true\"><div class=\"x-bg-layer-lower-image\" data-x-element-bg-layer=\"{&quot;parallaxSize&quot;:&quot;150%&quot;,&quot;parallaxDir&quot;:&quot;v&quot;,&quot;parallaxRev&quot;:false}\"><\/div><\/div><div class=\"x-row x-container max width e333-e58 m99-6 m99-7 m99-8 m99-c m99-p\"><div class=\"x-row-inner\"><div class=\"x-col e333-e59 m99-q m99-r\"><\/div><\/div><\/div><\/div><\/div>\n","protected":false},"excerpt":{"rendered":"<p>CS87-100\u2122 - our own green revolution! At Inplastor, we are specialists in printing on plastic, a knowledge and expertise we have built since 1957. Plastic is a fantastic material in many ways, easy to process, relatively cheap, durable and tough. But there is also a downside. The vast majority of plastics (or polymers, as they are more scientifically known) are based on... <a href=\"https:\/\/inplastor.se\/en\/produkter\/cs-87-100\/\" class=\"more-link\">Read More<\/a><\/p>","protected":false},"author":2,"featured_media":0,"parent":36,"menu_order":0,"comment_status":"closed","ping_status":"closed","template":"template-blank-4.php","meta":{"rs_blank_template":"","rs_page_bg_color":"","slide_template_v7":"","footnotes":""},"class_list":["post-333","page","type-page","status-publish","hentry","no-post-thumbnail"],"_links":{"self":[{"href":"https:\/\/inplastor.se\/en\/wp-json\/wp\/v2\/pages\/333","targetHints":{"allow":["GET"]}}],"collection":[{"href":"https:\/\/inplastor.se\/en\/wp-json\/wp\/v2\/pages"}],"about":[{"href":"https:\/\/inplastor.se\/en\/wp-json\/wp\/v2\/types\/page"}],"author":[{"embeddable":true,"href":"https:\/\/inplastor.se\/en\/wp-json\/wp\/v2\/users\/2"}],"replies":[{"embeddable":true,"href":"https:\/\/inplastor.se\/en\/wp-json\/wp\/v2\/comments?post=333"}],"version-history":[{"count":19,"href":"https:\/\/inplastor.se\/en\/wp-json\/wp\/v2\/pages\/333\/revisions"}],"predecessor-version":[{"id":510,"href":"https:\/\/inplastor.se\/en\/wp-json\/wp\/v2\/pages\/333\/revisions\/510"}],"up":[{"embeddable":true,"href":"https:\/\/inplastor.se\/en\/wp-json\/wp\/v2\/pages\/36"}],"wp:attachment":[{"href":"https:\/\/inplastor.se\/en\/wp-json\/wp\/v2\/media?parent=333"}],"curies":[{"name":"wp","href":"https:\/\/api.w.org\/{rel}","templated":true}]}}