{"id":433,"date":"2025-12-05T14:03:03","date_gmt":"2025-12-05T13:03:03","guid":{"rendered":"https:\/\/inplastor.se\/?page_id=433"},"modified":"2025-12-05T15:50:19","modified_gmt":"2025-12-05T14:50:19","slug":"lenticular-printing","status":"publish","type":"page","link":"https:\/\/inplastor.se\/en\/produkter\/lentikulart-tryck\/","title":{"rendered":"Lenticular printing"},"content":{"rendered":"<div id=\"cs-content\" class=\"cs-content\"><div class=\"x-section e433-e1 mc1-0 mc1-1 mc1-2\"><div class=\"x-row x-container max width e433-e2 mc1-6 mc1-7 mc1-8 mc1-c mc1-d\"><div class=\"x-row-inner\"><div class=\"x-col e433-e3 mc1-o mc1-p\"><div class=\"x-text x-text-headline e433-e4 mc1-s mc1-t mc1-u\"><div class=\"x-text-content\"><div class=\"x-text-content-text\"><h1 class=\"x-text-content-text-primary\">Lentikul&auml;rt tryck &ndash; skapa 3D-effekter f&ouml;r din reklam<\/h1>\n<\/div><\/div><\/div><div class=\"x-text x-content e433-e5 mc1-x mc1-y mc1-z mc1-10 mc1-11 mc1-12\"><p>Lentikul&auml;rt tryck &auml;r den perfekta l&ouml;sningen f&ouml;r att f&aring; din reklam att verkligen sticka ut. Genom att anv&auml;nda avancerad lentikul&auml;rteknik kan vi skapa flip-effekter, animationer och 3D-bilder som f&aring;ngar uppm&auml;rksamheten och h&aring;ller kvar den l&auml;ngre. Den h&auml;r typen av tryck anv&auml;nds med f&ouml;rdel f&ouml;r POS-material, hyllvippor, vykort och andra reklamprodukter. Med lentikul&auml;rt tryck kan du se till att ditt budskap syns och minns &ndash; g&aring;ng p&aring; g&aring;ng.<\/p>\n<p><a href=\"https:\/\/inplastor.se\/kontakt\/\">F&aring; offert p&aring; lentikul&auml;rt tryck idag &ndash; kontakta oss f&ouml;r mer information och pris.<\/a><\/p>\n<p><strong>ELLER...<\/strong><\/p><\/div><a class=\"x-anchor x-anchor-button e433-e6 mc1-17\" tabindex=\"0\" href=\"https:\/\/outlook.office.com\/book\/Inplastor@InplastorABMotala.onmicrosoft.com\/s\/6oJAp5_c4Uu3BWfocV13pQ2?ismsaljsauthenabled\" target=\"_blank\" rel=\"noopener\"><div class=\"x-anchor-content\"><div class=\"x-anchor-text\"><span class=\"x-anchor-text-primary\">Boka ett m&ouml;te<\/span><\/div><\/div><\/a><\/div><\/div><\/div><\/div><div class=\"x-section e433-e7 mc1-0 mc1-1 mc1-3\"><div class=\"x-row x-container max width e433-e8 mc1-6 mc1-7 mc1-8 mc1-c mc1-e\"><div class=\"x-row-inner\"><div class=\"x-col e433-e9 mc1-o mc1-p\"><div class=\"x-row x-container max width e433-e10 mc1-6 mc1-7 mc1-8 mc1-c mc1-f\"><div class=\"x-row-inner\"><div class=\"x-col e433-e11 mc1-o mc1-p mc1-q\"><div class=\"x-text x-text-headline e433-e12 mc1-s mc1-t mc1-v\"><div class=\"x-text-content\"><div class=\"x-text-content-text\"><h2 class=\"x-text-content-text-primary\">LEntikul&auml;rt tryck i korthet<\/h2>\n<\/div><\/div><\/div><div class=\"x-text x-content e433-e13 mc1-x mc1-y mc1-10 mc1-11 mc1-13\"><p><span style=\"font-weight: 400;\">Lentikul&auml;rt tryck inneb&auml;r att man skapar visuella effekter som g&ouml;r att bilder &auml;ndras beroende p&aring; betraktningsvinkel. Tekniken fungerar genom att dela upp en bild i tunna \"skivor\" som sedan placeras i en speciell linsfilm. Genom att justera vinkeln p&aring; filmen skapas en 3D- eller animationsk&auml;nsla. Lentikul&auml;rt tryck anv&auml;nds inom m&aring;nga omr&aring;den, bland annat f&ouml;r POS-skyltar, inbjudningar, vykort, och mer.<\/span><\/p>\n<p><span style=\"font-weight: 400;\">Det unika med lentikul&auml;rteknik &auml;r att bilderna uppfattas som levande, vilket g&ouml;r att de drar till sig uppm&auml;rksamhet och &ouml;kar engagemanget hos m&aring;lgruppen. Detta &auml;r s&auml;rskilt anv&auml;ndbart n&auml;r du vill skapa en stark visuell impact p&aring; din reklam.<\/span><\/p><\/div><\/div><\/div><\/div><\/div><\/div><\/div><\/div><div class=\"x-section e433-e14 mc1-0 mc1-1 mc1-4\"><div class=\"x-row x-container max width e433-e15 mc1-6 mc1-7 mc1-8 mc1-c mc1-g\"><div class=\"x-row-inner\"><div class=\"x-col e433-e16 mc1-o mc1-p\"><div class=\"x-text x-text-headline e433-e17 mc1-s mc1-t mc1-u\"><div class=\"x-text-content\"><div class=\"x-text-content-text\"><h2 class=\"x-text-content-text-primary\">Vi levererar lentikul&auml;rt tryck &ouml;ver hela sveroge<\/h2>\n<\/div><\/div><\/div><div class=\"x-text x-content e433-e18 mc1-10 mc1-11 mc1-12 mc1-14\"><p style=\"text-align: left;\">Inplastor erbjuder lentikul&auml;rt tryck med h&ouml;g kvalitet till f&ouml;retag och organisationer &ouml;ver hela Sverige. Oavsett om du &auml;r baserad i Stockholm, G&ouml;teborg, Malm&ouml; eller n&aring;gon annan stad, kan vi snabbt leverera skr&auml;ddarsydda l&ouml;sningar f&ouml;r ditt projekt. Vi har l&aring;ng erfarenhet av att leverera lentikul&auml;rt tryck i b&aring;de sm&aring; och stora volymer och anpassar produktionen efter dina behov och deadlines. Tack vare v&aring;rt effektiva logistikn&auml;tverk och v&aring;r svenska produktion kan vi s&auml;kerst&auml;lla snabba leveranser utan att tumma p&aring; kvaliteten.<\/p><\/div><\/div><div class=\"x-col e433-e19 mc1-o mc1-r\"><div class=\"x-text x-text-headline e433-e20 mc1-t mc1-u mc1-w\"><div class=\"x-text-content\"><div class=\"x-text-content-text\"><h3 class=\"x-text-content-text-primary\">D&auml;rf&ouml;r &auml;r Inplastor det r&auml;tta valet<\/h3>\n<\/div><\/div><\/div><div class=\"x-text x-content e433-e21 mc1-10 mc1-14 mc1-15\"><ul>\n<li style=\"text-align: left;\"><strong>Erfarenhet av lentikul&auml;rt tryck<\/strong>&ndash; l&aring;ng erfarenhet av att skapa lentikul&auml;ra produkter.<\/li>\n<li style=\"text-align: left;\"><strong>H&ouml;gkvalitativ teknik<\/strong><span style=\"font-family: inherit; font-size: 1em; font-weight: inherit; letter-spacing: 0em;\"> &ndash; vi anv&auml;nder den senaste tekniken f&ouml;r att s&auml;kerst&auml;lla h&ouml;gsta kvalitet p&aring; v&aring;ra tryck.<\/span><\/li>\n<li style=\"text-align: left;\"><strong>Skr&auml;ddarsydda l&ouml;sningar<\/strong> &ndash; vi hj&auml;lper dig att skapa unika och anpassade designl&ouml;sningar som passar dina behov.<\/li>\n<li style=\"text-align: left;\"><strong>Snabba leveranser<\/strong><span style=\"font-family: inherit; font-size: 1em; font-weight: inherit; letter-spacing: 0em;\"> &ndash; korta ledtider, s&aring; att du snabbt kan b&ouml;rja anv&auml;nda dina lentikul&auml;ra tryckprodukter.<\/span><\/li>\n<\/ul><\/div><\/div><\/div><\/div><div class=\"x-row x-container max width e433-e22 mc1-7 mc1-9 mc1-a mc1-h mc1-i\"><div class=\"x-row-inner\"><div class=\"x-col e433-e23 mc1-o mc1-p\"><div class=\"x-text x-content e433-e24 mc1-y mc1-10 mc1-15 mc1-16\"><\/div><a class=\"x-anchor x-anchor-button e433-e25 mc1-17\" tabindex=\"0\" href=\"https:\/\/outlook.office.com\/book\/Inplastor@InplastorABMotala.onmicrosoft.com\/s\/6oJAp5_c4Uu3BWfocV13pQ2?ismsaljsauthenabled\" target=\"_blank\" rel=\"noopener noreferrer\"><div class=\"x-anchor-content\"><div class=\"x-anchor-text\"><span class=\"x-anchor-text-primary\">Boka ett m\u00f6te<\/span><\/div><\/div><\/a><\/div><\/div><\/div><\/div><div class=\"x-section e433-e26 mc1-0 mc1-1 mc1-3\"><div class=\"x-row x-container max width e433-e27 mc1-6 mc1-7 mc1-8 mc1-c mc1-j\"><div class=\"x-row-inner\"><div class=\"x-col e433-e28 mc1-o mc1-p\"><div class=\"x-row x-container max width e433-e29 mc1-6 mc1-7 mc1-8 mc1-c mc1-k\"><div class=\"x-row-inner\"><div class=\"x-col e433-e30 mc1-o mc1-p mc1-q\"><div class=\"x-text x-text-headline e433-e31 mc1-s mc1-t mc1-v\"><div class=\"x-text-content\"><div class=\"x-text-content-text\"><h2 class=\"x-text-content-text-primary\">Vanliga fr&aring;gor om lentikul&auml;rt tryck<\/h2>\n<\/div><\/div><\/div><div class=\"x-text x-content e433-e32 mc1-x mc1-y mc1-10 mc1-11 mc1-13\"><h3 style=\"text-align: left;\">Vad &auml;r lentikul&auml;rt tryck?<\/h3>\n<p style=\"text-align: left;\">Lentikul&auml;rt tryck skapar visuella effekter som f&aring;r bilder att f&ouml;r&auml;ndras beroende p&aring; betraktningsvinkel. Genom att anv&auml;nda en speciell linsfilm och dela upp en bild i tunna skivor kan vi skapa effekter som flip, animationer eller 3D-bilder. Detta g&ouml;r att bilder uppfattas som levande, vilket g&ouml;r lentikul&auml;rt tryck s&auml;rskilt effektivt f&ouml;r POS-material, vykort, inbjudningar och andra reklamprodukter.<\/p>\n<h3 style=\"text-align: left;\">Vilka f&ouml;rdelar ger lentikul&auml;rt tryck f&ouml;r min reklam?<\/h3>\n<p style=\"text-align: left;\">Lentikul&auml;rt tryck f&aring;ngar uppm&auml;rksamhet och &ouml;kar engagemanget, vilket g&ouml;r det till ett perfekt val f&ouml;r reklammaterial. Eftersom bilder &auml;ndras beroende p&aring; betraktningsvinkel skapar lentikul&auml;rt tryck en stark visuell impact, vilket g&ouml;r att ditt budskap f&aring;r l&auml;ngre synlighet och b&auml;ttre intryck hos mottagarna.<\/p>\n<h3 style=\"text-align: left;\">Vad ing&aring;r i lentikul&auml;rt tryck hos Inplastor?<\/h3>\n<p style=\"text-align: left;\">Hos Inplastor f&aring;r du skr&auml;ddarsydda lentikul&auml;ra produkter med h&ouml;gkvalitativ teknik. Vi erbjuder hela processen fr&aring;n design och konceptualisering till produktion och leverans. V&aring;r produktion sker enligt ISO 9001 och ISO 14001, vilket s&auml;kerst&auml;ller att alla produkter h&aring;ller h&ouml;gsta kvalitet och &auml;r milj&ouml;v&auml;nliga.<\/p>\n<h3 style=\"text-align: left;\">Levererar ni lentikul&auml;rt tryck &ouml;ver hela Sverige?<\/h3>\n<p style=\"text-align: left;\">Ja, Inplastor levererar lentikul&auml;rt tryck till f&ouml;retag och organisationer &ouml;ver hela Sverige. Oavsett om du befinner dig i Stockholm, G&ouml;teborg, Malm&ouml; eller n&aring;gon annan ort, kan vi snabbt leverera dina lentikul&auml;ra produkter med h&ouml;g kvalitet och effektiva ledtider.<\/p><\/div><script type=\"application\/ld+json\">\n{\n  \"@context\": \"https:\/\/schema.org\",\n  \"@type\": \"FAQPage\",\n  \"mainEntity\": [\n    {\n      \"@type\": \"Question\",\n      \"name\": \"Vad \u00e4r lentikul\u00e4rt tryck?\",\n      \"acceptedAnswer\": {\n        \"@type\": \"Answer\",\n        \"text\": \"Lentikul\u00e4rt tryck skapar visuella effekter som f\u00e5r bilder att f\u00f6r\u00e4ndras beroende p\u00e5 betraktningsvinkel. Genom att anv\u00e4nda en speciell linsfilm och dela upp en bild i tunna skivor kan vi skapa effekter som flip, animationer eller 3D-bilder.\"\n      }\n    },\n    {\n      \"@type\": \"Question\",\n      \"name\": \"Vilka f\u00f6rdelar ger lentikul\u00e4rt tryck f\u00f6r min reklam?\",\n      \"acceptedAnswer\": {\n        \"@type\": \"Answer\",\n        \"text\": \"Lentikul\u00e4rt tryck f\u00e5ngar uppm\u00e4rksamhet och \u00f6kar engagemanget, vilket g\u00f6r det till ett perfekt val f\u00f6r reklammaterial. Eftersom bilder \u00e4ndras beroende p\u00e5 betraktningsvinkel skapar lentikul\u00e4rt tryck en stark visuell impact.\"\n      }\n    },\n    {\n      \"@type\": \"Question\",\n      \"name\": \"Vad ing\u00e5r i lentikul\u00e4rt tryck hos Inplastor?\",\n      \"acceptedAnswer\": {\n        \"@type\": \"Answer\",\n        \"text\": \"Hos Inplastor f\u00e5r du skr\u00e4ddarsydda lentikul\u00e4ra produkter med h\u00f6gkvalitativ teknik. Vi erbjuder hela processen fr\u00e5n design och konceptualisering till produktion och leverans, allt enligt ISO 9001 och ISO 14001.\"\n      }\n    },\n    {\n      \"@type\": \"Question\",\n      \"name\": \"Levererar ni lentikul\u00e4rt tryck \u00f6ver hela Sverige?\",\n      \"acceptedAnswer\": {\n        \"@type\": \"Answer\",\n        \"text\": \"Ja, Inplastor levererar lentikul\u00e4rt tryck till f\u00f6retag och organisationer \u00f6ver hela Sverige. Vi erbjuder snabba leveranser med h\u00f6g kvalitet oavsett din plats.\"\n      }\n    }\n  ]\n}\n<\/script>\n<\/div><\/div><\/div><div class=\"x-row e433-e34 mc1-7 mc1-9 mc1-a mc1-h mc1-l\"><div class=\"x-row-inner\"><\/div><\/div><div class=\"x-row e433-e35 mc1-7 mc1-8 mc1-9 mc1-b mc1-h mc1-m\"><div class=\"x-row-inner\"><\/div><\/div><\/div><\/div><\/div><\/div><div class=\"x-section e433-e36 mc1-0 mc1-5\"><div class=\"x-bg\" aria-hidden=\"true\"><div class=\"x-bg-layer-lower-image\" data-x-element-bg-layer=\"{&quot;parallaxSize&quot;:&quot;150%&quot;,&quot;parallaxDir&quot;:&quot;v&quot;,&quot;parallaxRev&quot;:false}\"><\/div><\/div><div class=\"x-row x-container max width e433-e37 mc1-6 mc1-7 mc1-8 mc1-c mc1-n\"><div class=\"x-row-inner\"><div class=\"x-col e433-e38 mc1-o mc1-p\"><\/div><\/div><\/div><\/div><\/div>\n","protected":false},"excerpt":{"rendered":"<p>Lenticular printing - creating 3D effects for your advertising Lenticular printing is the perfect solution to make your advertising really stand out. Using advanced lenticular technology, we can create flip effects, animations and 3D images that grab attention and hold it for longer. This type of printing is ideal for POS materials, shelf-talkers, postcards and other promotional products. With lenticular ... <a href=\"https:\/\/inplastor.se\/en\/produkter\/lentikulart-tryck\/\" class=\"more-link\">Read More<\/a><\/p>","protected":false},"author":3,"featured_media":0,"parent":36,"menu_order":0,"comment_status":"closed","ping_status":"closed","template":"template-blank-4.php","meta":{"rs_blank_template":"","rs_page_bg_color":"","slide_template_v7":"","footnotes":""},"class_list":["post-433","page","type-page","status-publish","hentry","no-post-thumbnail"],"_links":{"self":[{"href":"https:\/\/inplastor.se\/en\/wp-json\/wp\/v2\/pages\/433","targetHints":{"allow":["GET"]}}],"collection":[{"href":"https:\/\/inplastor.se\/en\/wp-json\/wp\/v2\/pages"}],"about":[{"href":"https:\/\/inplastor.se\/en\/wp-json\/wp\/v2\/types\/page"}],"author":[{"embeddable":true,"href":"https:\/\/inplastor.se\/en\/wp-json\/wp\/v2\/users\/3"}],"replies":[{"embeddable":true,"href":"https:\/\/inplastor.se\/en\/wp-json\/wp\/v2\/comments?post=433"}],"version-history":[{"count":4,"href":"https:\/\/inplastor.se\/en\/wp-json\/wp\/v2\/pages\/433\/revisions"}],"predecessor-version":[{"id":437,"href":"https:\/\/inplastor.se\/en\/wp-json\/wp\/v2\/pages\/433\/revisions\/437"}],"up":[{"embeddable":true,"href":"https:\/\/inplastor.se\/en\/wp-json\/wp\/v2\/pages\/36"}],"wp:attachment":[{"href":"https:\/\/inplastor.se\/en\/wp-json\/wp\/v2\/media?parent=433"}],"curies":[{"name":"wp","href":"https:\/\/api.w.org\/{rel}","templated":true}]}}