{"id":120,"date":"2020-05-06T08:10:36","date_gmt":"2020-05-06T07:10:36","guid":{"rendered":"https:\/\/inplastor.se\/?page_id=120"},"modified":"2025-11-25T11:13:14","modified_gmt":"2025-11-25T10:13:14","slug":"gdpr","status":"publish","type":"page","link":"https:\/\/inplastor.se\/fi\/gdpr\/","title":{"rendered":"GDPR"},"content":{"rendered":"<div id=\"cs-content\" class=\"cs-content\"><div class=\"x-section e120-e1 m3c-0\"><div class=\"x-row x-container max width e120-e2 m3c-1 m3c-2\"><div class=\"x-row-inner\"><div class=\"x-col e120-e3 m3c-3\"><div class=\"x-text x-text-headline e120-e4 m3c-4\"><div class=\"x-text-content\"><div class=\"x-text-content-text\"><h1 class=\"x-text-content-text-primary\">GDPR<\/h1>\n<\/div><\/div><\/div><div class=\"x-text x-content e120-e5 m3c-5\"><p><strong>N\u00e4in ker\u00e4\u00e4mme tietoja Inplastor AB:ss\u00e4:<br \/>\n<\/strong> Henkil\u00f6tietoja tallennetaan, jotta voidaan tehd\u00e4 tarjouksia, hallinnoida tilauksia, l\u00e4hett\u00e4\u00e4 uutiskirjeit\u00e4 jne. jatkuvaa liiketoimintaa varten. Ker\u00e4\u00e4mme henkil\u00f6tietoja, jotka annetaan meille vapaaehtoisesti esimerkiksi silloin, kun tehd\u00e4\u00e4n tiedusteluja ja tilauksia ja kun p\u00e4\u00e4t\u00e4t tilata uutiskirjeit\u00e4 tai olla yhteydess\u00e4 meihin s\u00e4hk\u00f6postitse ja muissa kanavissa, joihin asiakkaat\/toimittajat ovat rekister\u00f6ityneet. Ker\u00e4\u00e4m\u00e4mme tiedot sis\u00e4lt\u00e4v\u00e4t nimen, postiosoitteen, s\u00e4hk\u00f6postiosoitteen, puhelinnumeron, ammattinimikkeen ja muita tietoja, jotka meid\u00e4n on tallennettava, jotta yhteisty\u00f6 toimisi parhaalla mahdollisella tavalla.<\/p>\n<p><strong>Miten k\u00e4yt\u00e4mme ker\u00e4\u00e4mi\u00e4mme ja tallentamiamme tietoja:<\/strong><\/p>\n<p>K\u00e4yt\u00e4mme henkil\u00f6tietoja seuraaviin tarkoituksiin: L\u00e4hett\u00e4\u00e4 sinulle uutiskirjeit\u00e4 ja tietoja tarjouksista ja tilauksista. Pit\u00e4\u00e4 kirjaa henkil\u00f6ist\u00e4, jotka ovat olleet yhteydess\u00e4 meihin. Emme myy, vuokraa, jaa tai muulla tavoin luovuta tietoja kolmannelle osapuolelle.<\/p>\n\n<strong>Henkil\u00f6tietojesi k\u00e4yt\u00f6n syyt<\/strong>\n<p>Kun k\u00e4sittelemme henkil\u00f6tietoja t\u00e4ss\u00e4 ilmoituksessa selostettuihin tarkoituksiin, vetoamme oikeutettuihin etuihimme, jotka liittyv\u00e4t liikesuhteiden yll\u00e4pit\u00e4miseen ja yhteydenpitoon kanssasi liikekontaktina. Noudatamme sovellettavia lakeja sek\u00e4 laillisia oikeuksia ja vapauksia liiketoimissamme.<\/p>\n\n<strong>Miten jaamme ker\u00e4\u00e4mi\u00e4mme tietoja<\/strong>\n<p>Henkil\u00f6tiedot ovat vain niiden henkil\u00f6iden saatavilla, joiden on k\u00e4sitelt\u00e4v\u00e4 henkil\u00f6tietoja edell\u00e4 mainittuja tarkoituksia varten. Saatamme joutua jakamaan joitain henkil\u00f6tietoja tavarantoimittajillemme, kuten kuljetuspalvelujen tarjoajillemme.<\/p>\n\n<strong>Varastointi<\/strong>\n<p>Henkil\u00f6tietoja s\u00e4ilytet\u00e4\u00e4n ilmoitettuja tarkoituksia varten ja niin kauan kuin asiakas jatkaa ostosten tekemist\u00e4 kanssamme. Jos asiakkaat poistuvat rekisterist\u00e4, lopetamme tietojen k\u00e4sittelyn ja poistamme henkil\u00f6tiedot asiakasrekisterist\u00e4mme. Kirjanpitoaineisto arkistoidaan 7 vuoden ajan voimassa olevan lains\u00e4\u00e4d\u00e4nn\u00f6n mukaisesti.<\/p>\n\n<strong>Turvallisuus ja turvallisuus<\/strong>\n<p>K\u00e4yt\u00e4mme turvatoimia henkil\u00f6tietojen suojaamiseksi katoamiselta ja luvattomien henkil\u00f6iden p\u00e4\u00e4sylt\u00e4. Tarkistamme s\u00e4\u00e4nn\u00f6llisesti menettelyj\u00e4mme varmistaaksemme, ett\u00e4 j\u00e4rjestelm\u00e4mme ovat turvallisia ja suojattuja.<\/p>\n\n<strong>Asiakkaan\/toimittajan valinnat ja oikeudet<\/strong>\n<p>Asiakkaana\/toimittajana sinulla on aina oikeus pyyt\u00e4\u00e4 ote ja pyyt\u00e4\u00e4, ett\u00e4 korjaamme virheelliset tiedot. Sinulla asiakkaana\/toimittajana on oikeus pyyt\u00e4\u00e4 tietojesi poistamista, ja voit milloin tahansa halutessasi poistua rekisterist\u00e4, jolloin tietojenk\u00e4sittelymme edell\u00e4 mainittuihin tarkoituksiin p\u00e4\u00e4ttyy ja poistamme henkil\u00f6tiedot rekisterist\u00e4mme. Rekisterist\u00e4 poistaminen tapahtuu l\u00e4hett\u00e4m\u00e4ll\u00e4 s\u00e4hk\u00f6postia osoitteeseen <a href=\"mailto:info@inplastor.se\" target=\"_blank\" rel=\"noopener\">info@inplastor.se<\/a><\/p><\/div><span class=\"x-image e120-e6 m3c-6\"><img decoding=\"async\" src=\"https:\/\/inplastor.se\/wp-content\/uploads\/2025\/10\/PRE00532-scaled.jpg\" width=\"1280\" height=\"853\" alt=\"Kuva\" loading=\"lazy\"><\/span><\/div><\/div><\/div><\/div><\/div>","protected":false},"excerpt":{"rendered":"<p>GDPR Miten ker\u00e4\u00e4mme tietoja Inplastor AB:ss\u00e4: Henkil\u00f6tietoja tallennetaan, jotta voimme tehd\u00e4 tarjouksia, hallinnoida tilauksia, uutiskirjeit\u00e4 jne. jatkuvaa liiketoimintaa varten. Ker\u00e4\u00e4mme meille vapaaehtoisesti annettuja henkil\u00f6tietoja esimerkiksi silloin, kun tehd\u00e4\u00e4n tiedusteluja ja tilauksia ja kun p\u00e4\u00e4t\u00e4t tilata uutiskirjeit\u00e4 tai olla yhteydess\u00e4 meihin s\u00e4hk\u00f6postitse ja muiden kanavien kautta.... <a href=\"https:\/\/inplastor.se\/fi\/gdpr\/\" class=\"more-link\">Lue lis\u00e4\u00e4<\/a><\/p>","protected":false},"author":1,"featured_media":0,"parent":0,"menu_order":0,"comment_status":"closed","ping_status":"closed","template":"template-blank-4.php","meta":{"rs_blank_template":"","rs_page_bg_color":"#ffffff","slide_template_v7":"","footnotes":""},"class_list":["post-120","page","type-page","status-publish","hentry","no-post-thumbnail"],"_links":{"self":[{"href":"https:\/\/inplastor.se\/fi\/wp-json\/wp\/v2\/pages\/120","targetHints":{"allow":["GET"]}}],"collection":[{"href":"https:\/\/inplastor.se\/fi\/wp-json\/wp\/v2\/pages"}],"about":[{"href":"https:\/\/inplastor.se\/fi\/wp-json\/wp\/v2\/types\/page"}],"author":[{"embeddable":true,"href":"https:\/\/inplastor.se\/fi\/wp-json\/wp\/v2\/users\/1"}],"replies":[{"embeddable":true,"href":"https:\/\/inplastor.se\/fi\/wp-json\/wp\/v2\/comments?post=120"}],"version-history":[{"count":3,"href":"https:\/\/inplastor.se\/fi\/wp-json\/wp\/v2\/pages\/120\/revisions"}],"predecessor-version":[{"id":413,"href":"https:\/\/inplastor.se\/fi\/wp-json\/wp\/v2\/pages\/120\/revisions\/413"}],"wp:attachment":[{"href":"https:\/\/inplastor.se\/fi\/wp-json\/wp\/v2\/media?parent=120"}],"curies":[{"name":"wp","href":"https:\/\/api.w.org\/{rel}","templated":true}]}}