{"id":34,"date":"2020-04-28T09:56:29","date_gmt":"2020-04-28T08:56:29","guid":{"rendered":"https:\/\/inplastor.se\/?page_id=34"},"modified":"2025-11-25T11:19:47","modified_gmt":"2025-11-25T10:19:47","slug":"tehty","status":"publish","type":"page","link":"https:\/\/inplastor.se\/fi\/foretaget\/","title":{"rendered":"Yritys"},"content":{"rendered":"<div id=\"cs-content\" class=\"cs-content\"><div class=\"x-section e34-e1 my-0 my-1 my-2 my-3\"><div class=\"x-row x-container max width e34-e2 my-6 my-7 my-8 my-9\"><div class=\"x-row-inner\"><div class=\"x-col e34-e3 my-e\"><div class=\"x-text x-text-headline e34-e4 my-g my-h my-i\"><div class=\"x-text-content\"><div class=\"x-text-content-text\"><h1 class=\"x-text-content-text-primary\">Hy\u00f6dynn\u00e4 resurssejamme ja asiantuntemustamme<\/h1>\n<\/div><\/div><\/div><div class=\"x-text x-content e34-e5 my-l my-m\"><p><b>Toteutamme painetun viestisi! <\/b><\/p>\n<p>Nyky\u00e4\u00e4n olemme markkinajohtaja graafisen alan yrityksiss\u00e4, jotka ovat erikoistuneet muovien painamiseen ja k\u00e4sittelyyn.<\/p>\n<p>Asiakkaitamme on l\u00e4hes kaikilla teollisuudenaloilla, kuten v\u00e4hitt\u00e4iskaupassa, mainonnassa, l\u00e4\u00e4keteollisuudessa, autoteollisuudessa ja muussa teollisuudessa. Ty\u00f6skentelemme tietenkin kaikenlaisten yritysten kanssa, niin suurten kuin pientenkin - toimialasta riippumatta.<\/p>\n<p>Muovien painamisen ja graafisen k\u00e4sittelyn markkinajohtajana meill\u00e4 on n\u00e4kemyst\u00e4 siit\u00e4, miten muovit ja materiaalit voidaan valita ymp\u00e4rist\u00f6n kannalta oikein useimmilla teollisuudenaloilla. Kaikki t\u00e4m\u00e4 tekee meist\u00e4 eritt\u00e4in p\u00e4tev\u00e4n kumppanin. K\u00e4yt\u00e4 meit\u00e4 \u00e4\u00e4nitorvena, ideoiden kehitt\u00e4j\u00e4n\u00e4, innoittajana ja toimittajana. Olemme aina k\u00e4ytett\u00e4viss\u00e4, eik\u00e4 v\u00e4hiten oman kehityksemme ravitsemiseksi!<\/p><\/div><span class=\"x-image e34-e6 my-p my-q\"><img decoding=\"async\" src=\"https:\/\/inplastor.se\/wp-content\/uploads\/2025\/10\/PRE00555-scaled.jpg\" width=\"1280\" height=\"699\" alt=\"Kuva\" loading=\"lazy\"><\/span><\/div><\/div><\/div><\/div><div class=\"x-section e34-e7 my-0 my-1 my-4\"><div class=\"x-row x-container max width e34-e8 my-6 my-7 my-8 my-a\"><div class=\"x-row-inner\"><div class=\"x-col e34-e9 my-e\"><div class=\"x-row x-container max width e34-e10 my-6 my-7 my-8 my-b\"><div class=\"x-row-inner\"><div class=\"x-col e34-e11 my-e my-f\"><span class=\"x-image e34-e12 my-p my-r\"><img decoding=\"async\" src=\"https:\/\/inplastor.se\/wp-content\/uploads\/2020\/06\/rise-2.png\" width=\"292\" height=\"373\" alt=\"Kuva\" loading=\"lazy\"><\/span><div class=\"x-text x-text-headline e34-e13 my-g my-h my-j\"><div class=\"x-text-content\"><div class=\"x-text-content-text\"><h2 class=\"x-text-content-text-primary\">Korkea ymp\u00e4rist\u00f6- ja laadunvarmistus<\/h2>\n<\/div><\/div><\/div><div class=\"x-text x-content e34-e14 my-l my-n\">Kaikki tuotantomme on ISO 9001 -laatusertifioitu ja ISO 14001 -ymp\u00e4rist\u00f6sertifioitu. T\u00e4m\u00e4 tarkoittaa, ett\u00e4 voimme ottaa taatusti vastuun omasta osuudestamme tuotantoketjussa ja ett\u00e4 t\u00e4yt\u00e4mme nykyp\u00e4iv\u00e4n korkeimmat ymp\u00e4rist\u00f6-, laatu- ja tuoteturvallisuusvaatimukset.<\/div><\/div><\/div><\/div><\/div><\/div><\/div><div class=\"x-row x-container max width e34-e15 my-6 my-8 my-c\"><div class=\"x-row-inner\"><div class=\"x-col e34-e16 my-e\"><i class=\"x-icon e34-e17 my-s\" aria-hidden=\"true\" data-x-icon-o=\"&#xf1c1;\"><\/i><hr class=\"x-line e34-e18 my-t\"\/><a class=\"x-anchor x-anchor-button e34-e19 my-u\" tabindex=\"0\" href=\"https:\/\/inplastor.se\/wp-content\/uploads\/2025\/08\/1812-2024-ISO9001.pdf\" target=\"_blank\" rel=\"noopener noreferrer\"><div class=\"x-anchor-content\"><div class=\"x-anchor-text\"><span class=\"x-anchor-text-primary\">ISO 9001<\/span><\/div><\/div><\/a><\/div><div class=\"x-col e34-e20 my-e\"><i class=\"x-icon e34-e21 my-s\" aria-hidden=\"true\" data-x-icon-o=\"&#xf1c1;\"><\/i><hr class=\"x-line e34-e22 my-t\"\/><a class=\"x-anchor x-anchor-button e34-e23 my-u\" tabindex=\"0\" href=\"https:\/\/inplastor.se\/wp-content\/uploads\/2025\/08\/1812M-2024-ISO14001.pdf\" target=\"_blank\" rel=\"noopener noreferrer\"><div class=\"x-anchor-content\"><div class=\"x-anchor-text\"><span class=\"x-anchor-text-primary\">ISO 14001<\/span><\/div><\/div><\/a><\/div><div class=\"x-col e34-e24 my-e\"><i class=\"x-icon e34-e25 my-s\" aria-hidden=\"true\" data-x-icon-o=\"&#xf1c1;\"><\/i><hr class=\"x-line e34-e26 my-t\"\/><a class=\"x-anchor x-anchor-button e34-e27 my-u\" tabindex=\"0\" href=\"https:\/\/inplastor.se\/wp-content\/uploads\/2025\/08\/alg-20.pdf\" target=\"_blank\" rel=\"noopener noreferrer\"><div class=\"x-anchor-content\"><div class=\"x-anchor-text\"><span class=\"x-anchor-text-primary\">ALG 20<\/span><\/div><\/div><\/a><\/div><\/div><\/div><\/div><div class=\"x-section e34-e28 my-0 my-3 my-5\"><div class=\"x-row x-container max width e34-e29 my-6 my-8 my-d\"><div class=\"x-row-inner\"><div class=\"x-col e34-e30 my-e\"><div class=\"x-text x-text-headline e34-e31 my-g my-i my-k\"><div class=\"x-text-content\"><div class=\"x-text-content-text\"><h2 class=\"x-text-content-text-primary\">Jokaisella i\u00e4ll\u00e4 on mahdollisuutensa<\/h2>\n<\/div><\/div><\/div><div class=\"x-text x-content e34-e32 my-l my-o\"><p>Olemme tarjonneet r\u00e4\u00e4t\u00e4l\u00f6ityj\u00e4 ratkaisuja useimmille teollisuudenaloille vuodesta 1957 l\u00e4htien, jolloin Volkswagen esitteli ensimm\u00e4isen t\u00e4ysimittaisen takaikkunansa. Muovisella logolla varustettu avaimenper\u00e4 oli tuohon aikaan myydyin mainostuote.<\/p>\n<p>Nyky\u00e4\u00e4n se voi olla terveellisten mehujen hyllymainoksia tai myym\u00e4l\u00e4mainoksia tai design-esineiden pakkauksia. Varmistamme, ett\u00e4 saat haluamasi ratkaisun tai pikemminkin sen, jota kohderyhm\u00e4si ja tulevaisuus edellytt\u00e4v\u00e4t.<\/p><\/div><\/div><div class=\"x-col e34-e33 my-e\"><span class=\"x-image e34-e34 my-p my-q\"><img decoding=\"async\" src=\"https:\/\/inplastor.se\/wp-content\/uploads\/2020\/04\/DSC07675-scaled-e1588147883955.jpg\" width=\"719\" height=\"710\" alt=\"Kuva\" loading=\"lazy\"><\/span><\/div><\/div><\/div><\/div><\/div>","protected":false},"excerpt":{"rendered":"<p>Hy\u00f6dynn\u00e4 resurssejamme ja osaamistamme Toteutamme painetun viestisi! Olemme nyky\u00e4\u00e4n graafisen alan markkinajohtaja, joka on erikoistunut muovien painamiseen ja jalostamiseen. Asiakkaitamme l\u00f6ytyy l\u00e4hes kaikilta toimialoilta, kuten v\u00e4hitt\u00e4iskaupasta, mainonnasta, l\u00e4\u00e4keteollisuudesta, autoteollisuudesta ja muusta valmistusteollisuudesta. Mutta luonnollisesti teemme yhteisty\u00f6t\u00e4 kaikenlaisten yritysten kanssa, niin suurten kuin pientenkin - toimialasta riippumatta. Markkinajohtajana... <a href=\"https:\/\/inplastor.se\/fi\/foretaget\/\" class=\"more-link\">Lue lis\u00e4\u00e4<\/a><\/p>","protected":false},"author":1,"featured_media":0,"parent":0,"menu_order":0,"comment_status":"closed","ping_status":"closed","template":"template-blank-4.php","meta":{"rs_blank_template":"","rs_page_bg_color":"","slide_template_v7":"","footnotes":""},"class_list":["post-34","page","type-page","status-publish","hentry","no-post-thumbnail"],"_links":{"self":[{"href":"https:\/\/inplastor.se\/fi\/wp-json\/wp\/v2\/pages\/34","targetHints":{"allow":["GET"]}}],"collection":[{"href":"https:\/\/inplastor.se\/fi\/wp-json\/wp\/v2\/pages"}],"about":[{"href":"https:\/\/inplastor.se\/fi\/wp-json\/wp\/v2\/types\/page"}],"author":[{"embeddable":true,"href":"https:\/\/inplastor.se\/fi\/wp-json\/wp\/v2\/users\/1"}],"replies":[{"embeddable":true,"href":"https:\/\/inplastor.se\/fi\/wp-json\/wp\/v2\/comments?post=34"}],"version-history":[{"count":23,"href":"https:\/\/inplastor.se\/fi\/wp-json\/wp\/v2\/pages\/34\/revisions"}],"predecessor-version":[{"id":430,"href":"https:\/\/inplastor.se\/fi\/wp-json\/wp\/v2\/pages\/34\/revisions\/430"}],"wp:attachment":[{"href":"https:\/\/inplastor.se\/fi\/wp-json\/wp\/v2\/media?parent=34"}],"curies":[{"name":"wp","href":"https:\/\/api.w.org\/{rel}","templated":true}]}}