{"id":38,"date":"2020-04-28T09:57:01","date_gmt":"2020-04-28T08:57:01","guid":{"rendered":"https:\/\/inplastor.se\/?page_id=38"},"modified":"2025-11-25T11:16:24","modified_gmt":"2025-11-25T10:16:24","slug":"muovista","status":"publish","type":"page","link":"https:\/\/inplastor.se\/fi\/om-plast\/","title":{"rendered":"Muovista"},"content":{"rendered":"<div id=\"cs-content\" class=\"cs-content\"><div class=\"x-section e38-e1 m12-0 m12-1 m12-2\"><div class=\"x-bg\" aria-hidden=\"true\"><div class=\"x-bg-layer-lower-image\" data-x-element-bg-layer=\"{&quot;parallaxSize&quot;:&quot;150%&quot;,&quot;parallaxDir&quot;:&quot;v&quot;,&quot;parallaxRev&quot;:false}\"><\/div><\/div><div class=\"x-row x-container max width e38-e2 m12-8 m12-9 m12-a\"><div class=\"x-row-inner\"><div class=\"x-col e38-e3 m12-g\"><\/div><\/div><\/div><\/div><div class=\"x-section e38-e4 m12-0 m12-3 m12-4\"><div class=\"x-row x-container max width e38-e5 m12-8 m12-9 m12-b\"><div class=\"x-row-inner\"><div class=\"x-col e38-e6 m12-g\"><div class=\"x-text x-text-headline e38-e7 m12-i m12-j\"><div class=\"x-text-content\"><div class=\"x-text-content-text\"><h1 class=\"x-text-content-text-primary\">Osaamme luoda muovitulosteita ja oman tulostuksesi muoville!<\/h1>\n<\/div><\/div><\/div><div class=\"x-text x-content e38-e8 m12-l m12-m m12-n m12-o\"><p>Inplastor harjoittaa t\u00e4ll\u00e4 hetkell\u00e4 laajaa painotoimintaa. Painamme muoville, puulle ja monille muille materiaaleille. Olemme kehitt\u00e4neet eritt\u00e4in korkean asiantuntemuksen useimpien materiaalien painamisessa ja k\u00e4yt\u00e4mme p\u00e4\u00e4asiassa kolmea painotekniikkaa. Seulapainatusta, offsetpainatusta ja digitaalipainatusta pieniss\u00e4 ja suurissa formaateissa.<br \/>Kaikissa tapauksissa tuloksena on vahva ja kest\u00e4v\u00e4 tulostuspinta, joka vastaa materiaalin korkeaa kulutuksen, kosteuden ja kemikaalien kest\u00e4vyytt\u00e4.<\/p>\n<p>Inplastor on ollut laatu- ja ymp\u00e4rist\u00f6sertifioitu vuodesta 1994 l\u00e4htien. Jatkuvan parantamisty\u00f6n ja johtavien materiaalivalmistajien kanssa teht\u00e4v\u00e4n yhteisty\u00f6n avulla voimme jatkuvasti kehitt\u00e4\u00e4 parempia painomenetelmi\u00e4 ja lis\u00e4t\u00e4 tuotteiden laatua.<\/p><\/div><span class=\"x-image e38-e9 m12-r m12-s\"><img decoding=\"async\" src=\"https:\/\/inplastor.se\/wp-content\/uploads\/2025\/10\/PRE00583-2-scaled.jpg\" width=\"1280\" height=\"853\" alt=\"Kuva\" loading=\"lazy\"><\/span><\/div><\/div><\/div><\/div><div class=\"x-section e38-e10 m12-0 m12-3 m12-5\"><div class=\"x-row x-container max width e38-e11 m12-8 m12-9 m12-c\"><div class=\"x-row-inner\"><div class=\"x-col e38-e12 m12-g\"><div class=\"x-row x-container max width e38-e13 m12-8 m12-9 m12-d\"><div class=\"x-row-inner\"><div class=\"x-col e38-e14 m12-g m12-h\"><div class=\"x-text x-text-headline e38-e15 m12-i m12-k\"><div class=\"x-text-content\"><div class=\"x-text-content-text\"><h2 class=\"x-text-content-text-primary\">Oikeat materiaalit jokaiseen ymp\u00e4rist\u00f6\u00f6n<\/h2>\n<\/div><\/div><\/div><div class=\"x-text x-content e38-e16 m12-l m12-n m12-p\"><span>Muovi on eritt\u00e4in joustava materiaali, joka toimii hyvin useimmissa tilanteissa. Koska se kest\u00e4\u00e4 hyvin kosteutta, kylm\u00e4\u00e4 ja kemikaaleja, se soveltuu erinomaisesti k\u00e4ytett\u00e4v\u00e4ksi kaikissa ilmasto- ja l\u00e4mp\u00f6tiloissa: sis\u00e4tiloissa, esimerkiksi j\u00e4\u00e4kaapeissa ja pakastimissa, ty\u00f6pajoissa ja muissa vaativissa ymp\u00e4rist\u00f6iss\u00e4. Ulkona materiaali, joka s\u00e4ilytt\u00e4\u00e4 uutuutensa hyvin pitk\u00e4\u00e4n huolimatta kaikista ulkoisista voimista, jotka yleens\u00e4 tekev\u00e4t el\u00e4m\u00e4st\u00e4 rumaa ja tyls\u00e4\u00e4 muille mainos- ja informaatiov\u00e4lineille.<\/span><\/div><\/div><\/div><\/div><\/div><\/div><\/div><\/div><div class=\"x-section e38-e17 m12-0 m12-3 m12-6\"><div class=\"x-row x-container max width e38-e18 m12-8 m12-9 m12-e\"><div class=\"x-row-inner\"><div class=\"x-col e38-e19 m12-g\"><div class=\"x-text x-text-headline e38-e20 m12-i m12-j\"><div class=\"x-text-content\"><div class=\"x-text-content-text\"><h2 class=\"x-text-content-text-primary\">Pieni muovinen koulu<\/h2>\n<\/div><\/div><\/div><div class=\"x-text x-content e38-e21 m12-n m12-o m12-q\"><p><span>Muovi, joka tulee latinan Plasticus-sanasta (muovailtava), kuuluu polymeerimateriaalien suureen ryhm\u00e4\u00e4n.<\/span><br \/>\n<span>Polymeerimateriaaleilla tarkoitetaan yleens\u00e4 orgaanista yhdistett\u00e4, joka koostuu hyvin suurista molekyyleist\u00e4 pitkiss\u00e4 ketjuissa.<\/span><br \/>\n<br \/>\n<span>Polymeerej\u00e4 esiintyy sek\u00e4 luonnollisessa muodossa, kuten proteiineissa, ett\u00e4 synteettisess\u00e4 muodossa muovien pohjana. T\u00e4m\u00e4n vuoksi polymeerit ovat hyvin yleisi\u00e4 materiaaleja. K\u00e4yt\u00e4mme niit\u00e4 vaatteissa, maaleissa, maksukorteissa, pakkauksissa, tietokoneissa, opasteissa ja monissa muissa asioissa, jotka ovat nyky\u00e4\u00e4n luonnollinen osa jokap\u00e4iv\u00e4ist\u00e4 el\u00e4m\u00e4\u00e4mme.<\/span><br \/>\n<br \/>\n<span>Muoveja on nyky\u00e4\u00e4n materiaalina lukuisia eri variaatioita ja koostumuksia. Muovit perustuvat polymeereihin, jotka muodostuvat niin sanotuista monomeereist\u00e4 polymerisaatioksi kutsutun prosessin avulla.<\/span><br \/>\n<br \/>\n<span>T\u00e4m\u00e4n j\u00e4lkeen tuloksena syntyviin polymeereihin lis\u00e4t\u00e4\u00e4n erilaisia lis\u00e4aineita, ja tuloksena on muovia, jolla on erilaisia ominaisuuksia.<\/span><\/p><\/div><\/div><div class=\"x-col e38-e22 m12-g\"><span class=\"x-image e38-e23 m12-r m12-t\"><img decoding=\"async\" src=\"https:\/\/inplastor.se\/wp-content\/uploads\/2020\/04\/image.png\" width=\"290\" height=\"200\" alt=\"Kuva\" loading=\"lazy\"><\/span><\/div><\/div><\/div><\/div><div class=\"x-section e38-e24 m12-0 m12-2 m12-7\"><div class=\"x-bg\" aria-hidden=\"true\"><div class=\"x-bg-layer-lower-image\" data-x-element-bg-layer=\"{&quot;parallaxSize&quot;:&quot;150%&quot;,&quot;parallaxDir&quot;:&quot;v&quot;,&quot;parallaxRev&quot;:false}\"><\/div><\/div><div class=\"x-row x-container max width e38-e25 m12-8 m12-9 m12-f\"><div class=\"x-row-inner\"><div class=\"x-col e38-e26 m12-g\"><\/div><\/div><\/div><\/div><\/div>","protected":false},"excerpt":{"rendered":"<p>Osaamme luoda muovitulosteita ja oman tulostuksen muoville! Inplastor harjoittaa t\u00e4ll\u00e4 hetkell\u00e4 laajaa painotoimintaa. Painamme muoville, puulle ja monille muille materiaaleille. T\u00e4m\u00e4n my\u00f6t\u00e4 olemme kehitt\u00e4neet eritt\u00e4in korkean asiantuntemuksen tulostamiseen useimmille materiaaleille ja k\u00e4yt\u00e4mme p\u00e4\u00e4asiassa kolmea tulostustekniikkaa. Seulapainatus, offsetpainatus ja digitaalipainatus pieniss\u00e4 ja suurissa formaateissa.Tuloksena on kaikissa tapauksissa ... <a href=\"https:\/\/inplastor.se\/fi\/om-plast\/\" class=\"more-link\">Lue lis\u00e4\u00e4<\/a><\/p>","protected":false},"author":1,"featured_media":0,"parent":0,"menu_order":0,"comment_status":"closed","ping_status":"closed","template":"template-blank-4.php","meta":{"rs_blank_template":"","rs_page_bg_color":"","slide_template_v7":"","footnotes":""},"class_list":["post-38","page","type-page","status-publish","hentry","no-post-thumbnail"],"_links":{"self":[{"href":"https:\/\/inplastor.se\/fi\/wp-json\/wp\/v2\/pages\/38","targetHints":{"allow":["GET"]}}],"collection":[{"href":"https:\/\/inplastor.se\/fi\/wp-json\/wp\/v2\/pages"}],"about":[{"href":"https:\/\/inplastor.se\/fi\/wp-json\/wp\/v2\/types\/page"}],"author":[{"embeddable":true,"href":"https:\/\/inplastor.se\/fi\/wp-json\/wp\/v2\/users\/1"}],"replies":[{"embeddable":true,"href":"https:\/\/inplastor.se\/fi\/wp-json\/wp\/v2\/comments?post=38"}],"version-history":[{"count":8,"href":"https:\/\/inplastor.se\/fi\/wp-json\/wp\/v2\/pages\/38\/revisions"}],"predecessor-version":[{"id":429,"href":"https:\/\/inplastor.se\/fi\/wp-json\/wp\/v2\/pages\/38\/revisions\/429"}],"wp:attachment":[{"href":"https:\/\/inplastor.se\/fi\/wp-json\/wp\/v2\/media?parent=38"}],"curies":[{"name":"wp","href":"https:\/\/api.w.org\/{rel}","templated":true}]}}