{"id":40,"date":"2020-04-28T09:57:18","date_gmt":"2020-04-28T08:57:18","guid":{"rendered":"https:\/\/inplastor.se\/?page_id=40"},"modified":"2025-11-25T11:17:41","modified_gmt":"2025-11-25T10:17:41","slug":"esipaino","status":"publish","type":"page","link":"https:\/\/inplastor.se\/fi\/prepress\/","title":{"rendered":"Prepress"},"content":{"rendered":"<div id=\"cs-content\" class=\"cs-content\"><div class=\"x-section e40-e1 m14-0\"><div class=\"x-row x-container max width e40-e2 m14-1 m14-2\"><div class=\"x-row-inner\"><div class=\"x-col e40-e3 m14-3\"><span class=\"x-image e40-e4 m14-4\"><img decoding=\"async\" src=\"https:\/\/inplastor.se\/wp-content\/uploads\/2020\/04\/DSC07710-scaled.jpg\" width=\"2560\" height=\"1439\" alt=\"Kuva\" loading=\"lazy\"><\/span><div class=\"x-text x-text-headline e40-e5 m14-5\"><div class=\"x-text-content\"><div class=\"x-text-content-text\"><h1 class=\"x-text-content-text-primary\">Prepress<\/h1>\n<\/div><\/div><\/div><div class=\"x-text x-content e40-e6 m14-6\"><p><span>Inplastorin prepress-osasto tekee tiivist\u00e4 yhteisty\u00f6t\u00e4 projektip\u00e4\u00e4llik\u00f6iden ja kirjapainojen kanssa. Meill\u00e4 on laaja kokemus painotuotannon onnistumisen edellytt\u00e4m\u00e4st\u00e4 erikoistuneesta esipainoty\u00f6skentelyst\u00e4.<\/span><\/p>\n<p>Suora yhteys meihin takaa digitaalisten tiedostojen ja asiakirjojen nopean ja turvallisen k\u00e4sittelyn. Autamme sinua mielell\u00e4mme tuottamaan digitaalisia v\u00e4rivedoksia, tulosteita tai PDF-tiedostoja. Jos tarvitset kuvien skannausta ja asettelua, voimme auttaa my\u00f6s siin\u00e4.<\/p>\n<p>Jos p\u00e4\u00e4t\u00e4t tehd\u00e4 osan esipainoty\u00f6st\u00e4si itse, tutustu esipaino-ohjeisiimme, joihin p\u00e4\u00e4set helposti klikkaamalla alla olevaa linkki\u00e4. Sielt\u00e4 l\u00f6yd\u00e4t my\u00f6s tietoa siit\u00e4, mihin voit k\u00e4\u00e4nty\u00e4, jos sinulla on kysytt\u00e4v\u00e4\u00e4.<\/p>\n<p><a href=\"https:\/\/inplastor.se\/wp-content\/uploads\/2020\/05\/Prepressinstruktion-sv_eng_2020.pdf\" target=\"_blank\" title=\"Prepress-ohjeet\" rel=\"noopener\">Lataa esipaino-ohjeet klikkaamalla t\u00e4st\u00e4.<\/a><\/p><\/div><span class=\"x-image e40-e7 m14-4\"><img decoding=\"async\" src=\"https:\/\/inplastor.se\/wp-content\/uploads\/2025\/10\/PRE00565-scaled.jpg\" width=\"2560\" height=\"1707\" alt=\"Kuva\" loading=\"lazy\"><\/span><\/div><\/div><\/div><\/div><\/div>","protected":false},"excerpt":{"rendered":"<p>Prepress Inplastorin prepress-osasto tekee tiivist\u00e4 yhteisty\u00f6t\u00e4 projektip\u00e4\u00e4llik\u00f6iden ja painotalojen kanssa. Meill\u00e4 on laaja kokemus painotuotannon onnistumisen edellytt\u00e4m\u00e4st\u00e4 erikoistuneesta esipainoty\u00f6st\u00e4. Suora yhteys meihin takaa digitaalisten tiedostojen ja asiakirjojen nopean ja turvallisen k\u00e4sittelyn. Autamme sinua mielell\u00e4mme tuottamaan digitaalisen v\u00e4riproofin, vastaavuustulosteen tai PDF-tiedoston. Jos tarvitset kuvien skannausta ja asetteluty\u00f6t\u00e4, voimme my\u00f6s ... <a href=\"https:\/\/inplastor.se\/fi\/prepress\/\" class=\"more-link\">Lue lis\u00e4\u00e4<\/a><\/p>","protected":false},"author":1,"featured_media":0,"parent":0,"menu_order":0,"comment_status":"closed","ping_status":"closed","template":"template-blank-4.php","meta":{"rs_blank_template":"","rs_page_bg_color":"","slide_template_v7":"","footnotes":""},"class_list":["post-40","page","type-page","status-publish","hentry","no-post-thumbnail"],"_links":{"self":[{"href":"https:\/\/inplastor.se\/fi\/wp-json\/wp\/v2\/pages\/40","targetHints":{"allow":["GET"]}}],"collection":[{"href":"https:\/\/inplastor.se\/fi\/wp-json\/wp\/v2\/pages"}],"about":[{"href":"https:\/\/inplastor.se\/fi\/wp-json\/wp\/v2\/types\/page"}],"author":[{"embeddable":true,"href":"https:\/\/inplastor.se\/fi\/wp-json\/wp\/v2\/users\/1"}],"replies":[{"embeddable":true,"href":"https:\/\/inplastor.se\/fi\/wp-json\/wp\/v2\/comments?post=40"}],"version-history":[{"count":5,"href":"https:\/\/inplastor.se\/fi\/wp-json\/wp\/v2\/pages\/40\/revisions"}],"predecessor-version":[{"id":412,"href":"https:\/\/inplastor.se\/fi\/wp-json\/wp\/v2\/pages\/40\/revisions\/412"}],"wp:attachment":[{"href":"https:\/\/inplastor.se\/fi\/wp-json\/wp\/v2\/media?parent=40"}],"curies":[{"name":"wp","href":"https:\/\/api.w.org\/{rel}","templated":true}]}}