{"id":42,"date":"2020-04-28T09:57:28","date_gmt":"2020-04-28T08:57:28","guid":{"rendered":"https:\/\/inplastor.se\/?page_id=42"},"modified":"2026-03-26T09:01:28","modified_gmt":"2026-03-26T08:01:28","slug":"ota-yhteytta","status":"publish","type":"page","link":"https:\/\/inplastor.se\/fi\/kontakt\/","title":{"rendered":"Ota yhteytt\u00e4"},"content":{"rendered":"<div id=\"cs-content\" class=\"cs-content\"><div class=\"x-section e42-e1 m16-0\"><div class=\"x-row x-container max width e42-e2 m16-1 m16-2 m16-3 m16-4\"><div class=\"x-row-inner\"><div class=\"x-col e42-e3 m16-a\"><div class=\"x-text x-text-headline e42-e4 m16-b m16-c\"><div class=\"x-text-content\"><div class=\"x-text-content-text\"><h1 class=\"x-text-content-text-primary\">Ota meihin yhteytt\u00e4 osoitteessa<\/h1>\n<\/div><\/div><\/div><a class=\"x-anchor x-anchor-button e42-e5 m16-e\" tabindex=\"0\" href=\"https:\/\/outlook.office.com\/book\/Inplastor@InplastorABMotala.onmicrosoft.com\/s\/6oJAp5_c4Uu3BWfocV13pQ2?ismsaljsauthenabled\" target=\"_blank\" rel=\"noopener noreferrer\"><div class=\"x-anchor-content\"><div class=\"x-anchor-text\"><span class=\"x-anchor-text-primary\">Varaa tapaaminen kanssamme<\/span><\/div><\/div><\/a><div class=\"x-row x-container max width e42-e6 m16-1 m16-2 m16-3 m16-5\"><div class=\"x-row-inner\"><div class=\"x-col e42-e7 m16-a\"><div class=\"x-text x-content e42-e8 m16-f m16-g m16-h\"><p>Tai t\u00e4yt\u00e4 yhteystietosi alla, niin otamme sinuun yhteytt\u00e4 pian!<\/p><\/div><div class=\"x-content-area e42-e9 m16-k\"><p>\n<div class=\"wpcf7 no-js\" id=\"wpcf7-f357-o1\" lang=\"sv-SE\" dir=\"ltr\" data-wpcf7-id=\"357\">\n<div class=\"screen-reader-response\"><p role=\"status\" aria-live=\"polite\" aria-atomic=\"true\"><\/p> <ul><\/ul><\/div>\n<form action=\"\/fi\/wp-json\/wp\/v2\/pages\/42#wpcf7-f357-o1\" method=\"post\" class=\"wpcf7-form init\" aria-label=\"Kontaktformul\u00e4r\" novalidate=\"novalidate\" data-status=\"init\" data-trp-original-action=\"\/fi\/wp-json\/wp\/v2\/pages\/42#wpcf7-f357-o1\">\n<fieldset class=\"hidden-fields-container\"><input type=\"hidden\" name=\"_wpcf7\" value=\"357\" \/><input type=\"hidden\" name=\"_wpcf7_version\" value=\"6.1.5\" \/><input type=\"hidden\" name=\"_wpcf7_locale\" value=\"sv_SE\" \/><input type=\"hidden\" name=\"_wpcf7_unit_tag\" value=\"wpcf7-f357-o1\" \/><input type=\"hidden\" name=\"_wpcf7_container_post\" value=\"0\" \/><input type=\"hidden\" name=\"_wpcf7_posted_data_hash\" value=\"\" \/>\n<\/fieldset>\n<p><label> Organisaation nimi<br \/>\n<span class=\"wpcf7-form-control-wrap\" data-name=\"your-name\"><input size=\"40\" maxlength=\"400\" class=\"wpcf7-form-control wpcf7-text wpcf7-validates-as-required\" aria-required=\"true\" aria-invalid=\"false\" value=\"\" type=\"text\" name=\"your-name\" \/><\/span> <\/label>\n<\/p>\n<p><label> S\u00e4hk\u00f6postiosoitteesi<br \/>\n<span class=\"wpcf7-form-control-wrap\" data-name=\"your-email\"><input size=\"40\" maxlength=\"400\" class=\"wpcf7-form-control wpcf7-email wpcf7-validates-as-required wpcf7-text wpcf7-validates-as-email\" aria-required=\"true\" aria-invalid=\"false\" value=\"\" type=\"email\" name=\"your-email\" \/><\/span> <\/label>\n<\/p>\n<p><label> Puhelinnumerosi<br \/>\n<span class=\"wpcf7-form-control-wrap\" data-name=\"tel-419\"><input size=\"40\" maxlength=\"400\" class=\"wpcf7-form-control wpcf7-tel wpcf7-text wpcf7-validates-as-tel\" aria-invalid=\"false\" value=\"\" type=\"tel\" name=\"tel-419\" \/><\/span> <\/label>\n<\/p>\n<p><label> Ilmoitus<br \/>\n<span class=\"wpcf7-form-control-wrap\" data-name=\"your-message\"><textarea cols=\"40\" rows=\"10\" maxlength=\"2000\" class=\"wpcf7-form-control wpcf7-textarea\" aria-invalid=\"false\" name=\"your-message\"><\/textarea><\/span> <\/label>\n<\/p>\n<p><input class=\"wpcf7-form-control wpcf7-submit has-spinner\" type=\"submit\" value=\"L\u00e4het\u00e4\" \/>\n<\/p><div class=\"wpcf7-response-output\" aria-hidden=\"true\"><\/div>\n<input type=\"hidden\" name=\"trp-form-language\" value=\"fi\"\/><\/form>\n<\/div>\n<\/p><\/div><div class=\"x-text x-text-headline e42-e10 m16-c m16-d\"><div class=\"x-text-content\"><div class=\"x-text-content-text\"><h2 class=\"x-text-content-text-primary\">Inplastor ab<\/h2>\n<\/div><\/div><\/div><\/div><\/div><\/div><\/div><\/div><\/div><div class=\"x-row x-container max width e42-e11 m16-1 m16-3 m16-6\"><div class=\"x-row-inner\"><div class=\"x-col e42-e12 m16-a\"><div class=\"x-text x-content e42-e13 m16-g m16-h m16-i\"><p>Medeviv\u00e4gen 81<br \/>\n591 50 MOTALA<\/p>\n<p>Puhelin. 0141-22 43 00<\/p>\n<p>Tervetuloa tilauksesi kanssa: <a href=\"mailto:order@inplastor.se\">order@inplastor.se<\/a><br \/>\nKaikki muut kysymykset on l\u00e4hetett\u00e4v\u00e4 osoitteeseen: <a href=\"mailto:info@inplastor.se\">info@inplastor.se<\/a><\/p><\/div><a class=\"x-image e42-e14 m16-l m16-m\" href=\"https:\/\/www.facebook.com\/Inplastor-AB-109956354494153\" target=\"_blank\" rel=\"noopener noreferrer\"><img decoding=\"async\" src=\"https:\/\/inplastor.se\/wp-content\/uploads\/2021\/03\/facebook.png\" width=\"181\" height=\"181\" alt=\"Kuva\" loading=\"lazy\"><\/a><a class=\"x-image e42-e15 m16-l m16-m\" href=\"https:\/\/www.instagram.com\/inplastor_ab\/\" target=\"_blank\" rel=\"noopener noreferrer\"><img decoding=\"async\" src=\"https:\/\/inplastor.se\/wp-content\/uploads\/2021\/03\/instagram.png\" width=\"181\" height=\"181\" alt=\"Kuva\" loading=\"lazy\"><\/a><\/div><\/div><\/div><div class=\"x-row e42-e16 m16-1 m16-3 m16-7\"><div class=\"x-row-inner\"><div class=\"x-col e42-e21 m16-a\"><span class=\"x-image e42-e22 m16-l m16-n m16-o\"><img decoding=\"async\" src=\"https:\/\/inplastor.se\/wp-content\/uploads\/2025\/10\/1.jpg\" width=\"748\" height=\"779\" alt=\"Kuva\" loading=\"lazy\"><\/span><div class=\"x-text x-text-headline e42-e23 m16-c m16-d\"><div class=\"x-text-content\"><div class=\"x-text-content-text\"><h2 class=\"x-text-content-text-primary\">Martin Damberg<\/h2>\n<\/div><\/div><\/div><div class=\"x-text x-content e42-e24 m16-g m16-i m16-j\"><p>Toimitusjohtaja<br \/>Matkapuhelimet. <a href=\"tel:+46722386550\">+46 72 238 65 50<\/a><br \/>Posti. <a href=\"mailto:martin@inplastor.se\">martin@inplastor.se<\/a><\/p><\/div><\/div><div class=\"x-col e42-e25 m16-a\"><span class=\"x-image e42-e26 m16-l m16-o m16-p\"><img decoding=\"async\" src=\"https:\/\/inplastor.se\/wp-content\/uploads\/2025\/10\/7-1.jpg\" width=\"748\" height=\"779\" alt=\"Kuva\" loading=\"lazy\"><\/span><div class=\"x-text x-text-headline e42-e27 m16-c m16-d\"><div class=\"x-text-content\"><div class=\"x-text-content-text\"><h2 class=\"x-text-content-text-primary\">Patrick Fagerl\u00f6f<\/h2>\n<\/div><\/div><\/div><div class=\"x-text x-content e42-e28 m16-g m16-i m16-j\"><p>Projektip\u00e4\u00e4llikk\u00f6 \/ tuotantop\u00e4\u00e4llikk\u00f6<br \/>\nPuhelin dir: <a href=\"tel:+46141224336\">+46 141 22 43 36<\/a><br \/>\nMatkapuhelimet: <a href=\"tel:+46790060230\">+46 79 00 60 230<\/a><br \/>\nPosti: <a href=\"mailto:patrick@inplastor.se\">patrick@inplastor.se<\/a><\/p><\/div><\/div><div class=\"x-col e42-e29 m16-a\"><span class=\"x-image e42-e30 m16-l m16-o m16-p\"><img decoding=\"async\" src=\"https:\/\/inplastor.se\/wp-content\/uploads\/2025\/10\/5.jpg\" width=\"748\" height=\"779\" alt=\"Kuva\" loading=\"lazy\"><\/span><div class=\"x-text x-text-headline e42-e31 m16-c m16-d\"><div class=\"x-text-content\"><div class=\"x-text-content-text\"><h2 class=\"x-text-content-text-primary\">ELISABETH EKLUNDH<\/h2>\n<\/div><\/div><\/div><div class=\"x-text x-content e42-e32 m16-g m16-i m16-j\"><p>Projektip\u00e4\u00e4llikk\u00f6\/hankinnat<br \/>Puhelin dir. <a href=\"tel:+46141224353\">+46 141-22 43 53<\/a> <br \/>Matkapuhelimet. <a href=\"tel:+46706844552\">+46 70 684 4552<\/a> <br \/>Posti. <a href=\"mailto:elisabeth@inplastor.se\">elisabeth@inplastor.se<\/a><\/p><\/div><\/div><\/div><\/div><div class=\"x-row e42-e33 m16-1 m16-3 m16-8\"><div class=\"x-row-inner\"><div class=\"x-col e42-e34 m16-a\"><span class=\"x-image e42-e35 m16-l m16-o m16-p\"><img decoding=\"async\" src=\"https:\/\/inplastor.se\/wp-content\/uploads\/2025\/10\/4.jpg\" width=\"748\" height=\"779\" alt=\"Kuva\" loading=\"lazy\"><\/span><div class=\"x-text x-text-headline e42-e36 m16-c m16-d\"><div class=\"x-text-content\"><div class=\"x-text-content-text\"><h2 class=\"x-text-content-text-primary\">Thomas Wihlmark<\/h2>\n<\/div><\/div><\/div><div class=\"x-text x-content e42-e37 m16-g m16-i m16-j\"><p>Projektip\u00e4\u00e4llikk\u00f6\/graafinen suunnittelu<br \/>\nPuhelin dir. <a href=\"tel:+46141224343\">+46 141-22 43 43<\/a><br \/>\nMatkapuhelimet. <a href=\"tel:+46704223331\">+46 70 422 33 31<\/a><br \/>\nPosti. <a href=\"mailto:thomas@inplastor.se\">thomas@inplastor.se<\/a><\/p><\/div><\/div><div class=\"x-col e42-e38 m16-a\"><span class=\"x-image e42-e39 m16-l m16-o m16-p\"><img decoding=\"async\" src=\"https:\/\/inplastor.se\/wp-content\/uploads\/2025\/10\/6.jpg\" width=\"748\" height=\"779\" alt=\"Kuva\" loading=\"lazy\"><\/span><div class=\"x-text x-text-headline e42-e40 m16-c m16-d\"><div class=\"x-text-content\"><div class=\"x-text-content-text\"><h2 class=\"x-text-content-text-primary\">Lotta H\u00e4ggblad<\/h2>\n<\/div><\/div><\/div><div class=\"x-text x-content e42-e41 m16-g m16-i m16-j\"><p>Projektip\u00e4\u00e4llikk\u00f6\/graafinen suunnittelu<br \/>\nPuhelin dir. <a href=\"tel:+46141224349\">+46 141-22 43 49<\/a><br \/>\nMatkapuhelimet. <a href=\"tel:+46141224349\">+46 70 625 46 64<\/a><br \/>\nPosti. <a href=\"mailto:lotta@inplastor.se\">lotta@inplastor.se<\/a><\/p><\/div><\/div><\/div><\/div><div class=\"x-row e42-e42 m16-1 m16-3 m16-9\"><div class=\"x-row-inner\"><div class=\"x-col e42-e43 m16-a\"><span class=\"x-image e42-e44 m16-l m16-o m16-p\"><img decoding=\"async\" src=\"https:\/\/inplastor.se\/wp-content\/uploads\/2025\/10\/3.jpg\" width=\"748\" height=\"779\" alt=\"Kuva\" loading=\"lazy\"><\/span><div class=\"x-text x-text-headline e42-e45 m16-c m16-d\"><div class=\"x-text-content\"><div class=\"x-text-content-text\"><h2 class=\"x-text-content-text-primary\">H\u00e5kan Kindstr\u00f6m<\/h2>\n<\/div><\/div><\/div><div class=\"x-text x-content e42-e46 m16-g m16-i m16-j\"><p>Vanhempi neuvonantaja \/ hallituksen j\u00e4sen<br \/>Puhelin dir. <a href=\"tel:+46141224334\">+46 141-22 43 34<\/a><br \/>Matkapuhelimet. <a href=\"tel:+46736844550\">+46 73 684 45 50<\/a><br \/>Posti. <a href=\"mailto:hakan@inplastor.se\">hakan@inplastor.se<\/a><\/p><\/div><\/div><div class=\"x-col e42-e47 m16-a\"><span class=\"x-image e42-e48 m16-l m16-o m16-p\"><img decoding=\"async\" src=\"https:\/\/inplastor.se\/wp-content\/uploads\/2025\/10\/2.jpg\" width=\"748\" height=\"779\" alt=\"Kuva\" loading=\"lazy\"><\/span><div class=\"x-text x-text-headline e42-e49 m16-c m16-d\"><div class=\"x-text-content\"><div class=\"x-text-content-text\"><h2 class=\"x-text-content-text-primary\">Johan H\u00f6ckert<\/h2>\n<\/div><\/div><\/div><div class=\"x-text x-content e42-e50 m16-g m16-i m16-j\"><p>Myyntijohtaja<br \/>Puhelin dir. <a href=\"tel:+46141216191\">+46 141-22 43 23<\/a><br \/>Matkapuhelimet. <a href=\"tel:+46702172809\">+46 70 217 28 09<\/a><br \/>Posti. <a href=\"mailto:johan@inplastor.se\">johan@inplastor.se<\/a><\/p><\/div><\/div><div class=\"x-col e42-e51 m16-a\"><span class=\"x-image e42-e52 m16-l m16-o m16-q\"><img decoding=\"async\" src=\"https:\/\/inplastor.se\/wp-content\/uploads\/2020\/05\/DSC_1977-scaled-e1589274454381.jpg\" width=\"902\" height=\"857\" alt=\"Kuva\" loading=\"lazy\"><\/span><div class=\"x-text x-text-headline e42-e53 m16-c m16-d\"><div class=\"x-text-content\"><div class=\"x-text-content-text\"><h2 class=\"x-text-content-text-primary\">Norton<\/h2>\n<\/div><\/div><\/div><div class=\"x-text x-content e42-e54 m16-g m16-i m16-j\"><p>Turvallisuusp\u00e4\u00e4llikk\u00f6<br \/>Matkapuhelin: +46 70 - VOFF VOFF VOFF<br \/>Posti. <a href=\"mailto:info@inplastor.se\">norton@inplastor.se<\/a><\/p><\/div><\/div><\/div><\/div><\/div><\/div>","protected":false},"excerpt":{"rendered":"<p>Kontakta oss Boka ett m\u00f6te med ossEller fyll i dina kontaktuppgifter nedan, s&aring; &aring;terkommer vi inom kort! Namn Din e-post Ditt telefonnummer Meddelande Inplastor ab Medeviv\u00e4gen 81 591 50 MOTALA Telefon. 0141-22 43 00 V\u00e4lkommen med din best\u00e4llning: order@inplastor.se Alla \u00f6vriga fr\u00e5gor skickas till: info@inplastor.seMartin damberg Managing DirectorMobil. +46 72&nbsp; 238 65 50Mail. martin@inplastor.sePatrick Fagerl\u00f6f Project Manager \/ Production Manager &#8230; <a href=\"https:\/\/inplastor.se\/fi\/kontakt\/\" class=\"more-link\">Lue lis\u00e4\u00e4<\/a><\/p>","protected":false},"author":1,"featured_media":0,"parent":0,"menu_order":0,"comment_status":"closed","ping_status":"closed","template":"template-blank-4.php","meta":{"rs_blank_template":"","rs_page_bg_color":"","slide_template_v7":"","footnotes":""},"class_list":["post-42","page","type-page","status-publish","hentry","no-post-thumbnail"],"_links":{"self":[{"href":"https:\/\/inplastor.se\/fi\/wp-json\/wp\/v2\/pages\/42","targetHints":{"allow":["GET"]}}],"collection":[{"href":"https:\/\/inplastor.se\/fi\/wp-json\/wp\/v2\/pages"}],"about":[{"href":"https:\/\/inplastor.se\/fi\/wp-json\/wp\/v2\/types\/page"}],"author":[{"embeddable":true,"href":"https:\/\/inplastor.se\/fi\/wp-json\/wp\/v2\/users\/1"}],"replies":[{"embeddable":true,"href":"https:\/\/inplastor.se\/fi\/wp-json\/wp\/v2\/comments?post=42"}],"version-history":[{"count":50,"href":"https:\/\/inplastor.se\/fi\/wp-json\/wp\/v2\/pages\/42\/revisions"}],"predecessor-version":[{"id":522,"href":"https:\/\/inplastor.se\/fi\/wp-json\/wp\/v2\/pages\/42\/revisions\/522"}],"wp:attachment":[{"href":"https:\/\/inplastor.se\/fi\/wp-json\/wp\/v2\/media?parent=42"}],"curies":[{"name":"wp","href":"https:\/\/api.w.org\/{rel}","templated":true}]}}