{"id":438,"date":"2025-12-05T15:29:01","date_gmt":"2025-12-05T14:29:01","guid":{"rendered":"https:\/\/inplastor.se\/?page_id=438"},"modified":"2026-03-24T14:13:43","modified_gmt":"2026-03-24T13:13:43","slug":"myynninedistamistuotteet-painatuksella","status":"publish","type":"page","link":"https:\/\/inplastor.se\/fi\/produkter\/reklamprodukter-med-tryck\/","title":{"rendered":"Myynninedist\u00e4mistuotteet, joissa on painatus"},"content":{"rendered":"<div id=\"cs-content\" class=\"cs-content\"><div class=\"x-section e438-e1 mc6-0 mc6-1 mc6-2\"><div class=\"x-row x-container max width e438-e2 mc6-7 mc6-8 mc6-a mc6-b\"><div class=\"x-row-inner\"><div class=\"x-col e438-e3 mc6-n\"><div class=\"x-text x-text-headline e438-e4 mc6-p mc6-q\"><div class=\"x-text-content\"><div class=\"x-text-content-text\"><h1 class=\"x-text-content-text-primary\">Myynninedist\u00e4mistuotteet, joissa on painatus<\/h1>\n<\/div><\/div><\/div><div class=\"x-text x-content e438-e5 mc6-s mc6-t mc6-u mc6-v mc6-w mc6-x\"><p>Valmistamme Ruotsissa r\u00e4\u00e4t\u00e4l\u00f6ityj\u00e4 painettuja mainostuotteita markkinointiosastoille, toimistoille ja ostajille, jotka haluavat kest\u00e4vi\u00e4 muoviratkaisuja kokeneelta asiantuntijalta. Meid\u00e4n avullamme ideat ja kampanjaviestit muuttuvat painotuotteiksi, jotka kest\u00e4v\u00e4t, jotka n\u00e4kyv\u00e4t ja joita k\u00e4ytet\u00e4\u00e4n - kylteist\u00e4 ja tarroista hiirimattoihin, k\u00e4sikirjoihin ja POS-materiaaleihin. Saat kumppanin, joka yhdist\u00e4\u00e4 yli 60 vuoden kokemuksen muovipainatuksesta nykyaikaiseen teknologiaan ja materiaaleihin, jotka pienent\u00e4v\u00e4t hiilijalanj\u00e4lke\u00e4si laadusta tai muotoilusta tinkim\u00e4tt\u00e4.<\/p>\n<p><a href=\"https:\/\/inplastor.se\/fi\/ota-yhteytta\/\">Pyyd\u00e4 ilmainen tarjous painetuista mainostuotteista t\u00e4\u00e4lt\u00e4.<\/a><\/p>\n<p><strong>TAI...<\/strong><\/p><\/div><a class=\"x-anchor x-anchor-button e438-e6 mc6-13\" tabindex=\"0\" href=\"https:\/\/outlook.office.com\/book\/Inplastor@InplastorABMotala.onmicrosoft.com\/s\/6oJAp5_c4Uu3BWfocV13pQ2?ismsaljsauthenabled\" target=\"_blank\" rel=\"noopener\"><div class=\"x-anchor-content\"><div class=\"x-anchor-text\"><span class=\"x-anchor-text-primary\">Varaa kokous<\/span><\/div><\/div><\/a><\/div><\/div><\/div><\/div><div class=\"x-section e438-e7 mc6-0 mc6-1 mc6-3\"><div class=\"x-row x-container max width e438-e8 mc6-7 mc6-8 mc6-a mc6-c\"><div class=\"x-row-inner\"><div class=\"x-col e438-e9 mc6-n\"><div class=\"x-row x-container max width e438-e10 mc6-7 mc6-8 mc6-a mc6-d\"><div class=\"x-row-inner\"><div class=\"x-col e438-e11 mc6-n mc6-o\"><div class=\"x-text x-text-headline e438-e12 mc6-p mc6-r\"><div class=\"x-text-content\"><div class=\"x-text-content-text\"><h2 class=\"x-text-content-text-primary\">Miten autamme yrityksi\u00e4 tulemaan huomatuiksi mainostuotteilla?<\/h2>\n<\/div><\/div><\/div><div class=\"x-text x-content e438-e13 mc6-s mc6-t mc6-v mc6-w mc6-y mc6-z\"><p><span style=\"font-weight: 400;\">Kun tilaat painettuja mainostuotteita Inplastorilta, saat kokonaisratkaisun, jossa vastaamme koko ketjusta aina ensimm\u00e4isest\u00e4 ideasta valmiiseen, toimitettuun tuotteeseen. Ty\u00f6skentelemme tiiviisti markkinointiosastosi tai toimistosi kanssa ja autamme sinua valitsemaan oikeat tuotteet, muodot, materiaalit ja painotekniikat kampanjaasi, br\u00e4ndi\u00e4si ja budjettiisi.\u00a0<\/span><\/p>\n<p><span style=\"font-weight: 400;\">K\u00e4yt\u00e4nn\u00f6ss\u00e4 t\u00e4m\u00e4 tarkoittaa, ett\u00e4 m\u00e4\u00e4rittelemme yhdess\u00e4, mit\u00e4 k\u00e4ytt\u00e4ytymist\u00e4 haluat vaikuttaa \u2013 lis\u00e4\u00e4 myym\u00e4l\u00e4k\u00e4yntej\u00e4, useampia QR-koodin skannauksia, parempaa viestin muistamista tai lis\u00e4\u00e4ntynytt\u00e4 uskollisuutta \u2013 ja yhdist\u00e4mme sen sitten oikeaan yhdistelm\u00e4\u00e4n kylttej\u00e4, tarroja, kortteja, ohjekirjoja, hiirimattoja tai muuta myynti\u00e4 edist\u00e4v\u00e4\u00e4 materiaalia.<\/span><\/p><\/div><\/div><\/div><\/div><\/div><\/div><\/div><\/div><div class=\"x-section e438-e14 mc6-0 mc6-1 mc6-3\"><div class=\"x-row x-container max width e438-e15 mc6-7 mc6-8 mc6-a mc6-e\"><div class=\"x-row-inner\"><div class=\"x-col e438-e16 mc6-n\"><div class=\"x-row x-container max width e438-e17 mc6-7 mc6-8 mc6-a mc6-f\"><div class=\"x-row-inner\"><div class=\"x-col e438-e18 mc6-n mc6-o\"><div class=\"x-text x-text-headline e438-e19 mc6-p mc6-r\"><div class=\"x-text-content\"><div class=\"x-text-content-text\"><h2 class=\"x-text-content-text-primary\">Br\u00e4ndi\u00e4 rakentava mainospainatus<\/h2>\n<\/div><\/div><\/div><div class=\"x-text x-content e438-e20 mc6-s mc6-t mc6-v mc6-w mc6-y mc6-z\"><p><span style=\"font-weight: 400;\">Inplastorin mainostuotteet sopivat markkinointiosastoille, toimistoille ja ostajille, jotka haluavat muuttaa kampanjaideoita painetuiksi mainostuotteiksi, joita todella k\u00e4ytet\u00e4\u00e4n. Valmistamme r\u00e4\u00e4t\u00e4l\u00f6ityj\u00e4 muoviratkaisuja, joissa viesti n\u00e4kyy selv\u00e4sti, tuntuu ammattimaiselta ja kest\u00e4\u00e4 arjen \u2013 mainoksista, tarroista ja myym\u00e4l\u00e4materiaaleista hiirimattoihin ja k\u00e4ytt\u00f6ohjeisiin, joiden on kestett\u00e4v\u00e4 kulutusta., <br \/>kosteus ja k\u00e4sittely.<\/span><\/p>\n<p><span style=\"font-weight: 400;\">Saat kumppanin, joka ottaa vastuun koko ketjusta: autamme sinua valitsemaan oikean tuotteen, formaatin, materiaalin ja painotekniikan sen mukaan, mit\u00e4 haluat saavuttaa \u2013 enemm\u00e4n pys\u00e4hdyksi\u00e4 hyllyll\u00e4, enemm\u00e4n QR-skannauksia tai korkeampaa viestin muistia. Silkkipainatuksella, digitaalipainatuksella, offsetpainatuksella ja erikoistehosteilla, kuten lentikulaarisella painatuksella, voimme r\u00e4\u00e4t\u00e4l\u00f6id\u00e4 ratkaisun sek\u00e4 lyhyisiin kampanjoihin ett\u00e4 pitk\u00e4aikaiseen perustuotteeseen.<\/span><\/p>\n<p><span style=\"font-weight: 400;\">Samtidigt guidar vi dig till mer h\u00e5llbara materialval, inklusive biobaserade alternativ med l\u00e4gre klimatavtryck, utan att kompromissa med kvalitet eller design. Tuloksena: br\u00e4ndi\u00e4 vahvistavat, kest\u00e4v\u00e4t mainostuotteet <br \/>toimitetaan selkeill\u00e4 toimitusaikoilla.<\/span><\/p><\/div><\/div><\/div><\/div><\/div><\/div><\/div><\/div><div class=\"x-section e438-e21 mc6-0 mc6-1 mc6-4\"><div class=\"x-row x-container max width e438-e22 mc6-7 mc6-8 mc6-a mc6-g\"><div class=\"x-row-inner\"><div class=\"x-col e438-e23 mc6-n\"><div class=\"x-text x-text-headline e438-e24 mc6-p mc6-q\"><div class=\"x-text-content\"><div class=\"x-text-content-text\"><h3 class=\"x-text-content-text-primary\">Materiaalit, painotekniikka ja kest\u00e4v\u00e4 kehitys k\u00e4yt\u00e4nn\u00f6ss\u00e4<\/h3>\n<\/div><\/div><\/div><div class=\"x-text x-content e438-e25 mc6-v mc6-w mc6-x mc6-10\"><p style=\"text-align: left;\">Valmistamme mainostuotteita muovista ja biopohjaisista materiaaleista k\u00e4ytt\u00e4en edistyksellisi\u00e4 painotekniikoita, kuten silkkipainatusta, digitaalipainatusta, offsetpainatusta ja erikoisratkaisuja, kuten linssikuvapainatusta, joka lis\u00e4\u00e4 huomiota. Voit ty\u00f6skennell\u00e4 sek\u00e4 lyhyiden ett\u00e4 pitkien sarjojen, toistuvien kampanjoiden ja jatkuvien perusmateriaalien, kuten myym\u00e4l\u00e4kylttien tai k\u00e4ytt\u00f6ohjeiden parissa, joiden on kestett\u00e4v\u00e4 kosteutta, kulutusta ja kemikaaleja.<\/p>\n<p style=\"text-align: left;\">Varmistamme tasaisen laadun, toimitusvarmuuden ja selke\u00e4t l\u00e4pimenoajat, jotta kampanjasi kulkevat suunnitellusti koko Ruotsissa. Samalla autamme sinua tekem\u00e4\u00e4n tietoisia materiaalivalintoja, jotka vahvistavat sek\u00e4 br\u00e4ndi\u00e4si ett\u00e4 kest\u00e4vyysprofiiliasi, mukaan lukien biopohjaiset vaihtoehdot, jotka v\u00e4hent\u00e4v\u00e4t ilmastovaikutuksia perinteisiin muoveihin verrattuna.<\/p><\/div><\/div><\/div><\/div><div class=\"x-row x-container max width e438-e26 mc6-8 mc6-9 mc6-h mc6-i\"><div class=\"x-row-inner\"><div class=\"x-col e438-e27 mc6-n\"><div class=\"x-text x-content e438-e28 mc6-t mc6-v mc6-11 mc6-12\"><\/div><a class=\"x-anchor x-anchor-button e438-e29 mc6-13\" tabindex=\"0\" href=\"https:\/\/outlook.office.com\/book\/Inplastor@InplastorABMotala.onmicrosoft.com\/s\/6oJAp5_c4Uu3BWfocV13pQ2?ismsaljsauthenabled\" target=\"_blank\" rel=\"noopener noreferrer\"><div class=\"x-anchor-content\"><div class=\"x-anchor-text\"><span class=\"x-anchor-text-primary\">Varaa kokous<\/span><\/div><\/div><\/a><\/div><\/div><\/div><\/div><div class=\"x-section e438-e30 mc6-0 mc6-1 mc6-3\"><div class=\"x-row x-container max width e438-e31 mc6-7 mc6-8 mc6-a mc6-j\"><div class=\"x-row-inner\"><div class=\"x-col e438-e32 mc6-n\"><div class=\"x-row x-container max width e438-e33 mc6-7 mc6-8 mc6-a mc6-k\"><div class=\"x-row-inner\"><div class=\"x-col e438-e34 mc6-n mc6-o\"><div class=\"x-text x-text-headline e438-e35 mc6-p mc6-r\"><div class=\"x-text-content\"><div class=\"x-text-content-text\"><h2 class=\"x-text-content-text-primary\">Miksi yritykset valitsevat muovik\u00e4\u00e4reet mainostuotteilleen?<\/h2>\n<\/div><\/div><\/div><div class=\"x-text x-content e438-e36 mc6-s mc6-t mc6-v mc6-w mc6-y mc6-z\"><p>Kun valitset painettujen mainostuotteiden toimittajan Ruotsissa, haluat tiet\u00e4\u00e4, ett\u00e4 tulos toimii sek\u00e4 k\u00e4yt\u00e4nn\u00f6ss\u00e4 ett\u00e4 kaupallisesti. Inplastor keskittyy pitk\u00e4aikaisiin suhteisiin ja br\u00e4ndi\u00e4 rakentaviin tuotteisiin eik\u00e4 kertaluonteisiin ratkaisuihin, jotka menett\u00e4v\u00e4t nopeasti vaikutuksensa. Olemme ty\u00f6skennelleet muovipainatuksen parissa vuodesta 1957 l\u00e4htien ja kehitt\u00e4neet l\u00e4hestymistavan, jossa graafinen asiantuntemus, tekninen osaaminen ja materiaalien tuntemus kulkevat k\u00e4si k\u00e4dess\u00e4. T\u00e4m\u00e4 tarkoittaa, ett\u00e4 saat neuvoja, jotka kattavat kaiken siit\u00e4, milt\u00e4 tuotteen pit\u00e4isi n\u00e4ytt\u00e4\u00e4 kaupan hyllyll\u00e4, milt\u00e4 se tuntuu k\u00e4dess\u00e4si ja kuinka kauan se kest\u00e4\u00e4 todellisessa k\u00e4yt\u00f6ss\u00e4.<br \/>\nKest\u00e4v\u00e4t materiaalivalinnat, jotka vahvistavat br\u00e4ndi\u00e4si<\/p>\n<p>Ty\u00f6skentelemme my\u00f6s aktiivisesti kest\u00e4v\u00e4mpien materiaalien parissa, mukaan lukien biopohjaiset vaihtoehdot, jotka perustuvat uusiutuviin raaka-aineisiin ja joiden hiilijalanj\u00e4lki on perinteisi\u00e4 muoveja pienempi. T\u00e4m\u00e4 antaa sinulle mahdollisuuden yhdist\u00e4\u00e4 viestinn\u00e4ss\u00e4si vahvan n\u00e4kyvyyden ja selke\u00e4t kest\u00e4vyysargumentit. Autamme sinua ilmaisemaan t\u00e4m\u00e4n sek\u00e4 suunnittelussa ett\u00e4 tekstiss\u00e4, jotta loppuasiakas todella ymm\u00e4rt\u00e4\u00e4, miksi mainostuotteesi tuntuvat huomaavaisemmilta kuin kilpailijoitesi tuotteet. Tuotantomme Ruotsissa tarkoittaa my\u00f6s lyhyempi\u00e4 toimitusaikoja, turvallisempaa vuoropuhelua ja helppoa seurantaa.<\/p><\/div><\/div><\/div><\/div><\/div><\/div><\/div><div class=\"x-row x-container max width e438-e37 mc6-8 mc6-9 mc6-h mc6-l\"><div class=\"x-row-inner\"><div class=\"x-col e438-e38 mc6-n\"><div class=\"x-text x-content e438-e39 mc6-v mc6-z mc6-10 mc6-12 mc6-6\">\n<h2>Usein kysytyt kysymykset ja vastaukset<\/h2>\n<div style=\"text-align:left;\">\n<h3>Mit\u00e4 tarkoitetaan painetuilla mainostuotteilla?<\/h3>\n<p>Painetuilla myynninedist\u00e4mistuotteilla tarkoitamme r\u00e4\u00e4t\u00e4l\u00f6ityj\u00e4 muovituotteita, kuten kylttej\u00e4, tarroja, hiirimattoja, k\u00e4sikirjoja ja POS-materiaaleja, joihin painetaan viestisi, logosi tai kampanjasuunnitelmasi br\u00e4ndin vahvistamiseksi.<\/p>\n\n<h3>Kenelle painetut mainostuotteesi sopivat?<\/h3>\n<p>Painetut myynninedist\u00e4mistuotteemme soveltuvat p\u00e4\u00e4asiassa markkinointiosastoille, mainostoimistoille ja ostajille, jotka tarvitsevat kest\u00e4vi\u00e4 ja n\u00e4kyvi\u00e4 ratkaisuja kampanjoihin, myym\u00e4l\u00e4ymp\u00e4rist\u00f6ihin ja br\u00e4nd\u00e4ykseen Ruotsissa.<\/p>\n\n<h3>Mit\u00e4 materiaaleja ja painotekniikoita k\u00e4yt\u00e4t?<\/h3>\n<p>Valmistamme mainostuotteita sek\u00e4 muovista ett\u00e4 biopohjaisista materiaaleista ja k\u00e4yt\u00e4mme silkkipainatusta, digitaalipainatusta, offset- ja linssikuvapainatusta, kun haluat lis\u00e4t\u00e4 visuaalista vaikutusta.<\/p>\n\n<h3>Miten k\u00e4yt\u00e4t kest\u00e4vyytt\u00e4 tuotteissasi?<\/h3>\n<p>Ty\u00f6skentelemme aktiivisesti uusiutuviin raaka-aineisiin perustuvien biopohjaisten materiaalien parissa, joiden hiilijalanj\u00e4lki on perinteisi\u00e4 muoveja pienempi, ja autamme sinua valitsemaan ratkaisuja, jotka vahvistavat sek\u00e4 kest\u00e4v\u00e4n kehityksen profiilia ett\u00e4 br\u00e4ndi\u00e4.<\/p>\n<\/div><\/div><\/div><\/div><\/div><\/div><div class=\"x-section e438-e40 mc6-0 mc6-5\"><div class=\"x-bg\" aria-hidden=\"true\"><div class=\"x-bg-layer-lower-image\" data-x-element-bg-layer=\"{&quot;parallaxSize&quot;:&quot;150%&quot;,&quot;parallaxDir&quot;:&quot;v&quot;,&quot;parallaxRev&quot;:false}\"><\/div><\/div><div class=\"x-row x-container max width e438-e41 mc6-7 mc6-8 mc6-a mc6-m\"><div class=\"x-row-inner\"><div class=\"x-col e438-e42 mc6-n\"><\/div><\/div><\/div><\/div><\/div>","protected":false},"excerpt":{"rendered":"<p>Painetut mainostuotteet Valmistamme Ruotsissa r\u00e4\u00e4t\u00e4l\u00f6ityj\u00e4 painettuja mainostuotteita markkinointiosastoille, toimistoille ja ostajille, jotka haluavat kest\u00e4vi\u00e4 muoviratkaisuja kokeneelta asiantuntijalta. Meid\u00e4n avullamme ideat ja kampanjaviestit muuttuvat painotuotteiksi, jotka kest\u00e4v\u00e4t, jotka n\u00e4kyv\u00e4t ja joita k\u00e4ytet\u00e4\u00e4n - kylteist\u00e4 ja tarroista hiirimattoihin, k\u00e4sikirjoihin ja POS-materiaaleihin. Saat kumppanin, jossa yhdistyy yli 60 vuoden kokemus... <a href=\"https:\/\/inplastor.se\/fi\/produkter\/reklamprodukter-med-tryck\/\" class=\"more-link\">Lue lis\u00e4\u00e4<\/a><\/p>","protected":false},"author":3,"featured_media":0,"parent":36,"menu_order":0,"comment_status":"closed","ping_status":"closed","template":"template-blank-4.php","meta":{"rs_blank_template":"","rs_page_bg_color":"","slide_template_v7":"","footnotes":""},"class_list":["post-438","page","type-page","status-publish","hentry","no-post-thumbnail"],"_links":{"self":[{"href":"https:\/\/inplastor.se\/fi\/wp-json\/wp\/v2\/pages\/438","targetHints":{"allow":["GET"]}}],"collection":[{"href":"https:\/\/inplastor.se\/fi\/wp-json\/wp\/v2\/pages"}],"about":[{"href":"https:\/\/inplastor.se\/fi\/wp-json\/wp\/v2\/types\/page"}],"author":[{"embeddable":true,"href":"https:\/\/inplastor.se\/fi\/wp-json\/wp\/v2\/users\/3"}],"replies":[{"embeddable":true,"href":"https:\/\/inplastor.se\/fi\/wp-json\/wp\/v2\/comments?post=438"}],"version-history":[{"count":5,"href":"https:\/\/inplastor.se\/fi\/wp-json\/wp\/v2\/pages\/438\/revisions"}],"predecessor-version":[{"id":513,"href":"https:\/\/inplastor.se\/fi\/wp-json\/wp\/v2\/pages\/438\/revisions\/513"}],"up":[{"embeddable":true,"href":"https:\/\/inplastor.se\/fi\/wp-json\/wp\/v2\/pages\/36"}],"wp:attachment":[{"href":"https:\/\/inplastor.se\/fi\/wp-json\/wp\/v2\/media?parent=438"}],"curies":[{"name":"wp","href":"https:\/\/api.w.org\/{rel}","templated":true}]}}