{"id":120,"date":"2020-05-06T08:10:36","date_gmt":"2020-05-06T07:10:36","guid":{"rendered":"https:\/\/inplastor.se\/?page_id=120"},"modified":"2025-11-25T11:13:14","modified_gmt":"2025-11-25T10:13:14","slug":"gdpr","status":"publish","type":"page","link":"https:\/\/inplastor.se\/fr\/gdpr\/","title":{"rendered":"GDPR"},"content":{"rendered":"<div id=\"cs-content\" class=\"cs-content\"><div class=\"x-section e120-e1 m3c-0\"><div class=\"x-row x-container max width e120-e2 m3c-1 m3c-2\"><div class=\"x-row-inner\"><div class=\"x-col e120-e3 m3c-3\"><div class=\"x-text x-text-headline e120-e4 m3c-4\"><div class=\"x-text-content\"><div class=\"x-text-content-text\"><h1 class=\"x-text-content-text-primary\">GDPR<\/h1>\n<\/div><\/div><\/div><div class=\"x-text x-content e120-e5 m3c-5\"><p><strong>C'est ainsi que nous recueillons des donn\u00e9es chez Inplastor AB :<br \/>\n<\/strong> Les donn\u00e9es personnelles sont stock\u00e9es afin de pouvoir \u00e9tablir des devis, g\u00e9rer les commandes, les bulletins d'information, etc. dans le cadre des activit\u00e9s commerciales courantes. Nous recueillons les donn\u00e9es personnelles qui nous sont fournies volontairement, par exemple lorsque des demandes de renseignements sont formul\u00e9es et des commandes pass\u00e9es, et lorsque vous choisissez de vous abonner \u00e0 des bulletins d'information ou de communiquer avec nous par courrier \u00e9lectronique et par d'autres canaux o\u00f9 les clients\/fournisseurs se sont enregistr\u00e9s. Les donn\u00e9es que nous recueillons comprennent le nom, l'adresse postale, l'adresse \u00e9lectronique, le num\u00e9ro de t\u00e9l\u00e9phone, la fonction et d'autres informations que nous devons conserver pour que la coop\u00e9ration fonctionne au mieux.<\/p>\n<p><strong>Comment nous utilisons les donn\u00e9es que nous collectons et stockons :<\/strong><\/p>\n<p>Nous utilisons les donn\u00e9es personnelles pour : Vous envoyer des bulletins d'information et des informations sur les devis et les commandes. Conserver un historique des personnes qui ont \u00e9t\u00e9 en contact avec nous. Nous ne vendons pas, ne louons pas, ne distribuons pas et ne mettons pas les donn\u00e9es \u00e0 la disposition de tiers.<\/p>\n\n<strong>Raisons de l'utilisation de vos donn\u00e9es personnelles<\/strong>\n<p>Lorsque nous traitons des donn\u00e9es \u00e0 caract\u00e8re personnel aux fins expliqu\u00e9es dans le pr\u00e9sent avis, nous nous appuyons sur nos int\u00e9r\u00eats l\u00e9gitimes \u00e0 entretenir des relations commerciales et \u00e0 communiquer avec vous en tant que contact professionnel. Nous respectons le droit applicable et les droits et libert\u00e9s l\u00e9gaux dans le cadre de nos relations commerciales.<\/p>\n\n<strong>Comment nous partageons les informations que nous recueillons<\/strong>\n<p>Seules les personnes qui ont besoin de traiter les donn\u00e9es personnelles aux fins mentionn\u00e9es ci-dessus ont acc\u00e8s aux donn\u00e9es personnelles. Nous pouvons \u00eatre amen\u00e9s \u00e0 partager certaines donn\u00e9es \u00e0 caract\u00e8re personnel avec nos fournisseurs, tels que nos prestataires de services de transport.<\/p>\n\n<strong>Stockage<\/strong>\n<p>Les donn\u00e9es personnelles sont conserv\u00e9es aux fins indiqu\u00e9es et tant que les clients continuent \u00e0 faire des achats chez nous. Si les clients se d\u00e9sinscrivent, nous cessons le traitement des donn\u00e9es et supprimons les donn\u00e9es personnelles de notre registre des clients. Les documents comptables sont archiv\u00e9s pendant 7 ans conform\u00e9ment \u00e0 la l\u00e9gislation en vigueur.<\/p>\n\n<strong>S\u00e9curit\u00e9 et s\u00fbret\u00e9<\/strong>\n<p>Nous utilisons des mesures de s\u00e9curit\u00e9 pour prot\u00e9ger les donn\u00e9es personnelles contre la perte et l'acc\u00e8s par des personnes non autoris\u00e9es. Nous r\u00e9visons r\u00e9guli\u00e8rement nos proc\u00e9dures pour nous assurer que nos syst\u00e8mes sont s\u00fbrs et prot\u00e9g\u00e9s.<\/p>\n\n<strong>Choix et droits des clients\/fournisseurs<\/strong>\n<p>En tant que client\/fournisseur, vous avez toujours le droit de demander un extrait et que nous corrigions les donn\u00e9es incorrectes. En tant que client\/fournisseur, vous avez le droit de demander que vos donn\u00e9es soient supprim\u00e9es et vous pouvez choisir de vous d\u00e9sinscrire \u00e0 tout moment, ce qui mettra fin au traitement des donn\u00e9es aux fins susmentionn\u00e9es et nous supprimerons les donn\u00e9es personnelles de notre registre. La d\u00e9sinscription s'effectue en envoyant un courrier \u00e9lectronique \u00e0 l'adresse suivante <a href=\"mailto:info@inplastor.se\" target=\"_blank\" rel=\"noopener\">info@inplastor.se<\/a><\/p><\/div><span class=\"x-image e120-e6 m3c-6\"><img decoding=\"async\" src=\"https:\/\/inplastor.se\/wp-content\/uploads\/2025\/10\/PRE00532-scaled.jpg\" width=\"1280\" height=\"853\" alt=\"Image\" loading=\"lazy\"><\/span><\/div><\/div><\/div><\/div><\/div>","protected":false},"excerpt":{"rendered":"<p>GDPR Comment nous collectons les donn\u00e9es chez Inplastor AB : Les donn\u00e9es personnelles sont stock\u00e9es afin de pouvoir \u00e9tablir des devis, g\u00e9rer les commandes, les bulletins d'information, etc. pour les op\u00e9rations commerciales en cours. Nous recueillons les donn\u00e9es personnelles qui nous sont volontairement fournies, par exemple lorsque des demandes sont faites et des commandes pass\u00e9es, et lorsque vous choisissez de vous abonner \u00e0 des bulletins d'information ou de communiquer avec nous par courrier \u00e9lectronique ou par d'autres canaux... <a href=\"https:\/\/inplastor.se\/fr\/gdpr\/\" class=\"more-link\">Lire la suite<\/a><\/p>","protected":false},"author":1,"featured_media":0,"parent":0,"menu_order":0,"comment_status":"closed","ping_status":"closed","template":"template-blank-4.php","meta":{"rs_blank_template":"","rs_page_bg_color":"#ffffff","slide_template_v7":"","footnotes":""},"class_list":["post-120","page","type-page","status-publish","hentry","no-post-thumbnail"],"_links":{"self":[{"href":"https:\/\/inplastor.se\/fr\/wp-json\/wp\/v2\/pages\/120","targetHints":{"allow":["GET"]}}],"collection":[{"href":"https:\/\/inplastor.se\/fr\/wp-json\/wp\/v2\/pages"}],"about":[{"href":"https:\/\/inplastor.se\/fr\/wp-json\/wp\/v2\/types\/page"}],"author":[{"embeddable":true,"href":"https:\/\/inplastor.se\/fr\/wp-json\/wp\/v2\/users\/1"}],"replies":[{"embeddable":true,"href":"https:\/\/inplastor.se\/fr\/wp-json\/wp\/v2\/comments?post=120"}],"version-history":[{"count":3,"href":"https:\/\/inplastor.se\/fr\/wp-json\/wp\/v2\/pages\/120\/revisions"}],"predecessor-version":[{"id":413,"href":"https:\/\/inplastor.se\/fr\/wp-json\/wp\/v2\/pages\/120\/revisions\/413"}],"wp:attachment":[{"href":"https:\/\/inplastor.se\/fr\/wp-json\/wp\/v2\/media?parent=120"}],"curies":[{"name":"wp","href":"https:\/\/api.w.org\/{rel}","templated":true}]}}