{"id":34,"date":"2020-04-28T09:56:29","date_gmt":"2020-04-28T08:56:29","guid":{"rendered":"https:\/\/inplastor.se\/?page_id=34"},"modified":"2025-11-25T11:19:47","modified_gmt":"2025-11-25T10:19:47","slug":"fait","status":"publish","type":"page","link":"https:\/\/inplastor.se\/fr\/foretaget\/","title":{"rendered":"L'entreprise"},"content":{"rendered":"<div id=\"cs-content\" class=\"cs-content\"><div class=\"x-section e34-e1 my-0 my-1 my-2 my-3\"><div class=\"x-row x-container max width e34-e2 my-6 my-7 my-8 my-9\"><div class=\"x-row-inner\"><div class=\"x-col e34-e3 my-e\"><div class=\"x-text x-text-headline e34-e4 my-g my-h my-i\"><div class=\"x-text-content\"><div class=\"x-text-content-text\"><h1 class=\"x-text-content-text-primary\">Utiliser nos ressources et notre expertise<\/h1>\n<\/div><\/div><\/div><div class=\"x-text x-content e34-e5 my-l my-m\"><p><b>Nous r\u00e9alisons votre message imprim\u00e9 ! <\/b><\/p>\n<p>Aujourd'hui, nous sommes le leader du march\u00e9 dans le secteur des arts graphiques, sp\u00e9cialis\u00e9 dans l'impression et la transformation des mati\u00e8res plastiques.<\/p>\n<p>Nos clients se trouvent dans pratiquement tous les secteurs, y compris la vente au d\u00e9tail, la publicit\u00e9, les produits pharmaceutiques, l'automobile et d'autres secteurs manufacturiers. Mais bien s\u00fbr, nous travaillons avec toutes sortes d'entreprises, petites et grandes, quel que soit le secteur.<\/p>\n<p>En tant que leader du march\u00e9 de l'impression et de la transformation graphique des mati\u00e8res plastiques, nous savons comment choisir les mati\u00e8res plastiques et les mat\u00e9riaux les plus respectueux de l'environnement dans la plupart des secteurs. Tout cela fait de nous un partenaire tr\u00e8s comp\u00e9tent. Faites appel \u00e0 nous comme caisse de r\u00e9sonance, g\u00e9n\u00e9rateur d'id\u00e9es, inspirateur et fournisseur. Nous sommes toujours disponibles, notamment pour nourrir notre propre d\u00e9veloppement !<\/p><\/div><span class=\"x-image e34-e6 my-p my-q\"><img decoding=\"async\" src=\"https:\/\/inplastor.se\/wp-content\/uploads\/2025\/10\/PRE00555-scaled.jpg\" width=\"1280\" height=\"699\" alt=\"Image\" loading=\"lazy\"><\/span><\/div><\/div><\/div><\/div><div class=\"x-section e34-e7 my-0 my-1 my-4\"><div class=\"x-row x-container max width e34-e8 my-6 my-7 my-8 my-a\"><div class=\"x-row-inner\"><div class=\"x-col e34-e9 my-e\"><div class=\"x-row x-container max width e34-e10 my-6 my-7 my-8 my-b\"><div class=\"x-row-inner\"><div class=\"x-col e34-e11 my-e my-f\"><span class=\"x-image e34-e12 my-p my-r\"><img decoding=\"async\" src=\"https:\/\/inplastor.se\/wp-content\/uploads\/2020\/06\/rise-2.png\" width=\"292\" height=\"373\" alt=\"Image\" loading=\"lazy\"><\/span><div class=\"x-text x-text-headline e34-e13 my-g my-h my-j\"><div class=\"x-text-content\"><div class=\"x-text-content-text\"><h2 class=\"x-text-content-text-primary\">Assurance environnementale et de qualit\u00e9 \u00e9lev\u00e9e<\/h2>\n<\/div><\/div><\/div><div class=\"x-text x-content e34-e14 my-l my-n\">Toute notre production est certifi\u00e9e sur le plan de la qualit\u00e9 selon la norme ISO 9001 et sur le plan de l'environnement selon la norme ISO 14001. Cela signifie que nous pouvons assumer la responsabilit\u00e9 de notre r\u00f4le dans la cha\u00eene de production et que nous r\u00e9pondons aux exigences les plus \u00e9lev\u00e9es en mati\u00e8re d'environnement, de qualit\u00e9 et de s\u00e9curit\u00e9 des produits.<\/div><\/div><\/div><\/div><\/div><\/div><\/div><div class=\"x-row x-container max width e34-e15 my-6 my-8 my-c\"><div class=\"x-row-inner\"><div class=\"x-col e34-e16 my-e\"><i class=\"x-icon e34-e17 my-s\" aria-hidden=\"true\" data-x-icon-o=\"&#xf1c1;\"><\/i><hr class=\"x-line e34-e18 my-t\"\/><a class=\"x-anchor x-anchor-button e34-e19 my-u\" tabindex=\"0\" href=\"https:\/\/inplastor.se\/wp-content\/uploads\/2025\/08\/1812-2024-ISO9001.pdf\" target=\"_blank\" rel=\"noopener noreferrer\"><div class=\"x-anchor-content\"><div class=\"x-anchor-text\"><span class=\"x-anchor-text-primary\">ISO 9001<\/span><\/div><\/div><\/a><\/div><div class=\"x-col e34-e20 my-e\"><i class=\"x-icon e34-e21 my-s\" aria-hidden=\"true\" data-x-icon-o=\"&#xf1c1;\"><\/i><hr class=\"x-line e34-e22 my-t\"\/><a class=\"x-anchor x-anchor-button e34-e23 my-u\" tabindex=\"0\" href=\"https:\/\/inplastor.se\/wp-content\/uploads\/2025\/08\/1812M-2024-ISO14001.pdf\" target=\"_blank\" rel=\"noopener noreferrer\"><div class=\"x-anchor-content\"><div class=\"x-anchor-text\"><span class=\"x-anchor-text-primary\">ISO 14001<\/span><\/div><\/div><\/a><\/div><div class=\"x-col e34-e24 my-e\"><i class=\"x-icon e34-e25 my-s\" aria-hidden=\"true\" data-x-icon-o=\"&#xf1c1;\"><\/i><hr class=\"x-line e34-e26 my-t\"\/><a class=\"x-anchor x-anchor-button e34-e27 my-u\" tabindex=\"0\" href=\"https:\/\/inplastor.se\/wp-content\/uploads\/2025\/08\/alg-20.pdf\" target=\"_blank\" rel=\"noopener noreferrer\"><div class=\"x-anchor-content\"><div class=\"x-anchor-text\"><span class=\"x-anchor-text-primary\">ALG 20<\/span><\/div><\/div><\/a><\/div><\/div><\/div><\/div><div class=\"x-section e34-e28 my-0 my-3 my-5\"><div class=\"x-row x-container max width e34-e29 my-6 my-8 my-d\"><div class=\"x-row-inner\"><div class=\"x-col e34-e30 my-e\"><div class=\"x-text x-text-headline e34-e31 my-g my-i my-k\"><div class=\"x-text-content\"><div class=\"x-text-content-text\"><h2 class=\"x-text-content-text-primary\">Chaque \u00e2ge a ses opportunit\u00e9s<\/h2>\n<\/div><\/div><\/div><div class=\"x-text x-content e34-e32 my-l my-o\"><p>Nous fournissons des solutions personnalis\u00e9es \u00e0 la plupart des industries depuis 1957, \u00e0 l'\u00e9poque o\u00f9 Volkswagen a introduit sa premi\u00e8re lunette arri\u00e8re compl\u00e8te. \u00c0 l'\u00e9poque, un porte-cl\u00e9s avec un logo moul\u00e9 en plastique \u00e9tait un produit promotionnel qui se vendait tr\u00e8s bien.<\/p>\n<p>Aujourd'hui, il peut s'agir de pr\u00e9sentoirs ou de publicit\u00e9s pour des jus de fruits sains ou d'emballages pour des objets de design. Nous veillons \u00e0 ce que vous obteniez la solution que vous souhaitez, ou plut\u00f4t celle que vos groupes cibles et l'avenir exigent.<\/p><\/div><\/div><div class=\"x-col e34-e33 my-e\"><span class=\"x-image e34-e34 my-p my-q\"><img decoding=\"async\" src=\"https:\/\/inplastor.se\/wp-content\/uploads\/2020\/04\/DSC07675-scaled-e1588147883955.jpg\" width=\"719\" height=\"710\" alt=\"Image\" loading=\"lazy\"><\/span><\/div><\/div><\/div><\/div><\/div>","protected":false},"excerpt":{"rendered":"<p>Profitez de nos ressources et de notre savoir-faire Nous r\u00e9alisons votre message imprim\u00e9 ! Aujourd'hui, nous sommes le leader du march\u00e9 des arts graphiques sp\u00e9cialis\u00e9 dans l'impression et la transformation des mati\u00e8res plastiques. Nos clients se trouvent dans pratiquement tous les secteurs, tels que le commerce de d\u00e9tail, la publicit\u00e9, l'industrie pharmaceutique, l'industrie automobile et d'autres industries manufacturi\u00e8res. Mais bien entendu, nous travaillons avec toutes sortes d'entreprises, petites et grandes, quel que soit le secteur. En tant que leader du march\u00e9... <a href=\"https:\/\/inplastor.se\/fr\/foretaget\/\" class=\"more-link\">Lire la suite<\/a><\/p>","protected":false},"author":1,"featured_media":0,"parent":0,"menu_order":0,"comment_status":"closed","ping_status":"closed","template":"template-blank-4.php","meta":{"rs_blank_template":"","rs_page_bg_color":"","slide_template_v7":"","footnotes":""},"class_list":["post-34","page","type-page","status-publish","hentry","no-post-thumbnail"],"_links":{"self":[{"href":"https:\/\/inplastor.se\/fr\/wp-json\/wp\/v2\/pages\/34","targetHints":{"allow":["GET"]}}],"collection":[{"href":"https:\/\/inplastor.se\/fr\/wp-json\/wp\/v2\/pages"}],"about":[{"href":"https:\/\/inplastor.se\/fr\/wp-json\/wp\/v2\/types\/page"}],"author":[{"embeddable":true,"href":"https:\/\/inplastor.se\/fr\/wp-json\/wp\/v2\/users\/1"}],"replies":[{"embeddable":true,"href":"https:\/\/inplastor.se\/fr\/wp-json\/wp\/v2\/comments?post=34"}],"version-history":[{"count":23,"href":"https:\/\/inplastor.se\/fr\/wp-json\/wp\/v2\/pages\/34\/revisions"}],"predecessor-version":[{"id":430,"href":"https:\/\/inplastor.se\/fr\/wp-json\/wp\/v2\/pages\/34\/revisions\/430"}],"wp:attachment":[{"href":"https:\/\/inplastor.se\/fr\/wp-json\/wp\/v2\/media?parent=34"}],"curies":[{"name":"wp","href":"https:\/\/api.w.org\/{rel}","templated":true}]}}