{"id":38,"date":"2020-04-28T09:57:01","date_gmt":"2020-04-28T08:57:01","guid":{"rendered":"https:\/\/inplastor.se\/?page_id=38"},"modified":"2025-11-25T11:16:24","modified_gmt":"2025-11-25T10:16:24","slug":"sur-les-matieres-plastiques","status":"publish","type":"page","link":"https:\/\/inplastor.se\/fr\/om-plast\/","title":{"rendered":"Plastiques"},"content":{"rendered":"<div id=\"cs-content\" class=\"cs-content\"><div class=\"x-section e38-e1 m12-0 m12-1 m12-2\"><div class=\"x-bg\" aria-hidden=\"true\"><div class=\"x-bg-layer-lower-image\" data-x-element-bg-layer=\"{&quot;parallaxSize&quot;:&quot;150%&quot;,&quot;parallaxDir&quot;:&quot;v&quot;,&quot;parallaxRev&quot;:false}\"><\/div><\/div><div class=\"x-row x-container max width e38-e2 m12-8 m12-9 m12-a\"><div class=\"x-row-inner\"><div class=\"x-col e38-e3 m12-g\"><\/div><\/div><\/div><\/div><div class=\"x-section e38-e4 m12-0 m12-3 m12-4\"><div class=\"x-row x-container max width e38-e5 m12-8 m12-9 m12-b\"><div class=\"x-row-inner\"><div class=\"x-col e38-e6 m12-g\"><div class=\"x-text x-text-headline e38-e7 m12-i m12-j\"><div class=\"x-text-content\"><div class=\"x-text-content-text\"><h1 class=\"x-text-content-text-primary\">Nous savons comment cr\u00e9er des impressions sur plastique et votre propre impression sur plastique !<\/h1>\n<\/div><\/div><\/div><div class=\"x-text x-content e38-e8 m12-l m12-m m12-n m12-o\"><p>Inplastor g\u00e8re actuellement une vaste activit\u00e9 d'impression. Nous imprimons sur du plastique, du bois et divers autres mat\u00e9riaux. Nous avons d\u00e9velopp\u00e9 un tr\u00e8s haut niveau d'expertise dans l'impression sur la plupart des mat\u00e9riaux et nous utilisons principalement trois techniques d'impression. La s\u00e9rigraphie, l'impression offset et l'impression num\u00e9rique en petits et grands formats.<br \/>Dans tous les cas, le r\u00e9sultat est une surface d'impression solide et durable qui correspond \u00e0 la r\u00e9sistance \u00e9lev\u00e9e du mat\u00e9riau \u00e0 l'abrasion, \u00e0 l'humidit\u00e9 et aux produits chimiques.<\/p>\n<p>Depuis 1994, Inplastor b\u00e9n\u00e9ficie d'une certification de qualit\u00e9 et de respect de l'environnement. Gr\u00e2ce \u00e0 un travail d'am\u00e9lioration continue, y compris la coop\u00e9ration avec les principaux fabricants de mat\u00e9riaux, nous pouvons constamment d\u00e9velopper des m\u00e9thodes d'impression am\u00e9lior\u00e9es et augmenter la qualit\u00e9 des produits.<\/p><\/div><span class=\"x-image e38-e9 m12-r m12-s\"><img decoding=\"async\" src=\"https:\/\/inplastor.se\/wp-content\/uploads\/2025\/10\/PRE00583-2-scaled.jpg\" width=\"1280\" height=\"853\" alt=\"Image\" loading=\"lazy\"><\/span><\/div><\/div><\/div><\/div><div class=\"x-section e38-e10 m12-0 m12-3 m12-5\"><div class=\"x-row x-container max width e38-e11 m12-8 m12-9 m12-c\"><div class=\"x-row-inner\"><div class=\"x-col e38-e12 m12-g\"><div class=\"x-row x-container max width e38-e13 m12-8 m12-9 m12-d\"><div class=\"x-row-inner\"><div class=\"x-col e38-e14 m12-g m12-h\"><div class=\"x-text x-text-headline e38-e15 m12-i m12-k\"><div class=\"x-text-content\"><div class=\"x-text-content-text\"><h2 class=\"x-text-content-text-primary\">Les bons mat\u00e9riaux dans chaque environnement<\/h2>\n<\/div><\/div><\/div><div class=\"x-text x-content e38-e16 m12-l m12-n m12-p\"><span>Le plastique est un mat\u00e9riau tr\u00e8s souple qui se comporte bien dans la plupart des situations. Sa grande r\u00e9sistance \u00e0 l'humidit\u00e9, au froid et aux produits chimiques le rend id\u00e9al pour une utilisation dans tous les climats et \u00e0 toutes les temp\u00e9ratures : \u00e0 l'int\u00e9rieur, par exemple, dans les r\u00e9frig\u00e9rateurs et les cong\u00e9lateurs, les ateliers et autres environnements exigeants. \u00c0 l'ext\u00e9rieur, un mat\u00e9riau qui conserve son aspect neuf pendant tr\u00e8s longtemps, malgr\u00e9 toutes les forces ext\u00e9rieures qui rendent normalement la vie des autres supports de publicit\u00e9 et d'information aussi laide qu'ennuyeuse.<\/span><\/div><\/div><\/div><\/div><\/div><\/div><\/div><\/div><div class=\"x-section e38-e17 m12-0 m12-3 m12-6\"><div class=\"x-row x-container max width e38-e18 m12-8 m12-9 m12-e\"><div class=\"x-row-inner\"><div class=\"x-col e38-e19 m12-g\"><div class=\"x-text x-text-headline e38-e20 m12-i m12-j\"><div class=\"x-text-content\"><div class=\"x-text-content-text\"><h2 class=\"x-text-content-text-primary\">Petite \u00e9cole en plastique<\/h2>\n<\/div><\/div><\/div><div class=\"x-text x-content e38-e21 m12-n m12-o m12-q\"><p><span>Le plastique, du latin Plasticus (moulable), appartient au vaste groupe des mat\u00e9riaux polym\u00e8res.<\/span><br \/>\n<span>Les mat\u00e9riaux polym\u00e8res font g\u00e9n\u00e9ralement r\u00e9f\u00e9rence \u00e0 un compos\u00e9 organique compos\u00e9 de tr\u00e8s grosses mol\u00e9cules formant de longues cha\u00eenes.<\/span><br \/>\n<br \/>\n<span>Les polym\u00e8res existent \u00e0 la fois sous forme naturelle, comme les prot\u00e9ines, et sous forme synth\u00e9tique, comme base des mati\u00e8res plastiques. Les polym\u00e8res sont donc des mat\u00e9riaux tr\u00e8s courants. Nous les utilisons dans les v\u00eatements, la peinture, les cartes de paiement, les emballages, les ordinateurs, la signalisation et bien d'autres choses qui sont d\u00e9sormais consid\u00e9r\u00e9es comme faisant partie int\u00e9grante de notre vie quotidienne.<\/span><br \/>\n<br \/>\n<span>Les mati\u00e8res plastiques existent aujourd'hui dans un grand nombre de variations et de compositions. Les plastiques sont bas\u00e9s sur des polym\u00e8res qui sont fabriqu\u00e9s \u00e0 partir de monom\u00e8res par un processus appel\u00e9 polym\u00e9risation.<\/span><br \/>\n<br \/>\n<span>Divers additifs sont ensuite ajout\u00e9s aux polym\u00e8res obtenus, ce qui donne des plastiques aux propri\u00e9t\u00e9s diff\u00e9rentes.<\/span><\/p><\/div><\/div><div class=\"x-col e38-e22 m12-g\"><span class=\"x-image e38-e23 m12-r m12-t\"><img decoding=\"async\" src=\"https:\/\/inplastor.se\/wp-content\/uploads\/2020\/04\/image.png\" width=\"290\" height=\"200\" alt=\"Image\" loading=\"lazy\"><\/span><\/div><\/div><\/div><\/div><div class=\"x-section e38-e24 m12-0 m12-2 m12-7\"><div class=\"x-bg\" aria-hidden=\"true\"><div class=\"x-bg-layer-lower-image\" data-x-element-bg-layer=\"{&quot;parallaxSize&quot;:&quot;150%&quot;,&quot;parallaxDir&quot;:&quot;v&quot;,&quot;parallaxRev&quot;:false}\"><\/div><\/div><div class=\"x-row x-container max width e38-e25 m12-8 m12-9 m12-f\"><div class=\"x-row-inner\"><div class=\"x-col e38-e26 m12-g\"><\/div><\/div><\/div><\/div><\/div>","protected":false},"excerpt":{"rendered":"<p>Nous savons comment cr\u00e9er des impressions sur plastique et votre propre impression sur plastique ! Inplastor dispose actuellement d'une vaste entreprise d'impression. Nous imprimons sur du plastique, du bois et divers autres mat\u00e9riaux. Nous avons ainsi d\u00e9velopp\u00e9 un tr\u00e8s haut niveau d'expertise pour l'impression sur la plupart des mat\u00e9riaux et nous utilisons principalement trois techniques d'impression. La s\u00e9rigraphie, l'impression offset et l'impression num\u00e9rique en petits et grands formats. <a href=\"https:\/\/inplastor.se\/fr\/om-plast\/\" class=\"more-link\">Lire la suite<\/a><\/p>","protected":false},"author":1,"featured_media":0,"parent":0,"menu_order":0,"comment_status":"closed","ping_status":"closed","template":"template-blank-4.php","meta":{"rs_blank_template":"","rs_page_bg_color":"","slide_template_v7":"","footnotes":""},"class_list":["post-38","page","type-page","status-publish","hentry","no-post-thumbnail"],"_links":{"self":[{"href":"https:\/\/inplastor.se\/fr\/wp-json\/wp\/v2\/pages\/38","targetHints":{"allow":["GET"]}}],"collection":[{"href":"https:\/\/inplastor.se\/fr\/wp-json\/wp\/v2\/pages"}],"about":[{"href":"https:\/\/inplastor.se\/fr\/wp-json\/wp\/v2\/types\/page"}],"author":[{"embeddable":true,"href":"https:\/\/inplastor.se\/fr\/wp-json\/wp\/v2\/users\/1"}],"replies":[{"embeddable":true,"href":"https:\/\/inplastor.se\/fr\/wp-json\/wp\/v2\/comments?post=38"}],"version-history":[{"count":8,"href":"https:\/\/inplastor.se\/fr\/wp-json\/wp\/v2\/pages\/38\/revisions"}],"predecessor-version":[{"id":429,"href":"https:\/\/inplastor.se\/fr\/wp-json\/wp\/v2\/pages\/38\/revisions\/429"}],"wp:attachment":[{"href":"https:\/\/inplastor.se\/fr\/wp-json\/wp\/v2\/media?parent=38"}],"curies":[{"name":"wp","href":"https:\/\/api.w.org\/{rel}","templated":true}]}}