{"id":40,"date":"2020-04-28T09:57:18","date_gmt":"2020-04-28T08:57:18","guid":{"rendered":"https:\/\/inplastor.se\/?page_id=40"},"modified":"2025-11-25T11:17:41","modified_gmt":"2025-11-25T10:17:41","slug":"prepresse","status":"publish","type":"page","link":"https:\/\/inplastor.se\/fr\/prepress\/","title":{"rendered":"Pr\u00e9presse"},"content":{"rendered":"<div id=\"cs-content\" class=\"cs-content\"><div class=\"x-section e40-e1 m14-0\"><div class=\"x-row x-container max width e40-e2 m14-1 m14-2\"><div class=\"x-row-inner\"><div class=\"x-col e40-e3 m14-3\"><span class=\"x-image e40-e4 m14-4\"><img decoding=\"async\" src=\"https:\/\/inplastor.se\/wp-content\/uploads\/2020\/04\/DSC07710-scaled.jpg\" width=\"2560\" height=\"1439\" alt=\"Image\" loading=\"lazy\"><\/span><div class=\"x-text x-text-headline e40-e5 m14-5\"><div class=\"x-text-content\"><div class=\"x-text-content-text\"><h1 class=\"x-text-content-text-primary\">Pr\u00e9presse<\/h1>\n<\/div><\/div><\/div><div class=\"x-text x-content e40-e6 m14-6\"><p><span>Le d\u00e9partement pr\u00e9presse d'Inplastor travaille en \u00e9troite collaboration avec les chefs de projet et les imprimeurs. Nous avons une grande exp\u00e9rience des travaux de pr\u00e9presse sp\u00e9cialis\u00e9s n\u00e9cessaires \u00e0 une production imprim\u00e9e r\u00e9ussie.<\/span><\/p>\n<p>Un contact direct avec nous garantit un traitement rapide et s\u00fbr des fichiers et documents num\u00e9riques. Nous vous aidons volontiers \u00e0 produire des \u00e9preuves couleur num\u00e9riques, des tirages de correspondance ou des PDF. Si vous avez besoin d'une num\u00e9risation d'image et d'un travail de mise en page, nous pouvons \u00e9galement vous aider.<\/p>\n<p>Si vous choisissez d'effectuer vous-m\u00eame certains travaux de pr\u00e9presse, veuillez vous r\u00e9f\u00e9rer \u00e0 nos instructions de pr\u00e9presse, auxquelles vous pouvez acc\u00e9der facilement en cliquant sur le lien ci-dessous. Vous y trouverez \u00e9galement des informations sur les personnes \u00e0 contacter en cas de questions.<\/p>\n<p><a href=\"https:\/\/inplastor.se\/wp-content\/uploads\/2020\/05\/Prepressinstruktion-sv_eng_2020.pdf\" target=\"_blank\" title=\"Instructions pour le pr\u00e9presse\" rel=\"noopener\">Cliquez ici pour t\u00e9l\u00e9charger les instructions de pr\u00e9presse.<\/a><\/p><\/div><span class=\"x-image e40-e7 m14-4\"><img decoding=\"async\" src=\"https:\/\/inplastor.se\/wp-content\/uploads\/2025\/10\/PRE00565-scaled.jpg\" width=\"2560\" height=\"1707\" alt=\"Image\" loading=\"lazy\"><\/span><\/div><\/div><\/div><\/div><\/div>","protected":false},"excerpt":{"rendered":"<p>Pr\u00e9presse Le d\u00e9partement pr\u00e9presse d'Inplastor travaille en \u00e9troite collaboration avec les chefs de projet et les imprimeurs. Nous avons une grande exp\u00e9rience des travaux de pr\u00e9presse sp\u00e9cialis\u00e9s n\u00e9cessaires \u00e0 une production imprim\u00e9e r\u00e9ussie. Un contact direct avec nous garantit un traitement rapide et s\u00fbr des fichiers et documents num\u00e9riques. Nous nous ferons un plaisir de vous aider \u00e0 produire une \u00e9preuve couleur num\u00e9rique, une impression de correspondance ou un PDF. Si vous avez besoin d'une num\u00e9risation d'image et d'un travail de mise en page, nous pouvons \u00e9galement ... <a href=\"https:\/\/inplastor.se\/fr\/prepress\/\" class=\"more-link\">Lire la suite<\/a><\/p>","protected":false},"author":1,"featured_media":0,"parent":0,"menu_order":0,"comment_status":"closed","ping_status":"closed","template":"template-blank-4.php","meta":{"rs_blank_template":"","rs_page_bg_color":"","slide_template_v7":"","footnotes":""},"class_list":["post-40","page","type-page","status-publish","hentry","no-post-thumbnail"],"_links":{"self":[{"href":"https:\/\/inplastor.se\/fr\/wp-json\/wp\/v2\/pages\/40","targetHints":{"allow":["GET"]}}],"collection":[{"href":"https:\/\/inplastor.se\/fr\/wp-json\/wp\/v2\/pages"}],"about":[{"href":"https:\/\/inplastor.se\/fr\/wp-json\/wp\/v2\/types\/page"}],"author":[{"embeddable":true,"href":"https:\/\/inplastor.se\/fr\/wp-json\/wp\/v2\/users\/1"}],"replies":[{"embeddable":true,"href":"https:\/\/inplastor.se\/fr\/wp-json\/wp\/v2\/comments?post=40"}],"version-history":[{"count":5,"href":"https:\/\/inplastor.se\/fr\/wp-json\/wp\/v2\/pages\/40\/revisions"}],"predecessor-version":[{"id":412,"href":"https:\/\/inplastor.se\/fr\/wp-json\/wp\/v2\/pages\/40\/revisions\/412"}],"wp:attachment":[{"href":"https:\/\/inplastor.se\/fr\/wp-json\/wp\/v2\/media?parent=40"}],"curies":[{"name":"wp","href":"https:\/\/api.w.org\/{rel}","templated":true}]}}