{"id":438,"date":"2025-12-05T15:29:01","date_gmt":"2025-12-05T14:29:01","guid":{"rendered":"https:\/\/inplastor.se\/?page_id=438"},"modified":"2026-03-24T14:13:43","modified_gmt":"2026-03-24T13:13:43","slug":"produits-promotionnels-avec-impression","status":"publish","type":"page","link":"https:\/\/inplastor.se\/fr\/produkter\/reklamprodukter-med-tryck\/","title":{"rendered":"Produits promotionnels avec impression"},"content":{"rendered":"<div id=\"cs-content\" class=\"cs-content\"><div class=\"x-section e438-e1 mc6-0 mc6-1 mc6-2\"><div class=\"x-row x-container max width e438-e2 mc6-7 mc6-8 mc6-a mc6-b\"><div class=\"x-row-inner\"><div class=\"x-col e438-e3 mc6-n\"><div class=\"x-text x-text-headline e438-e4 mc6-p mc6-q\"><div class=\"x-text-content\"><div class=\"x-text-content-text\"><h1 class=\"x-text-content-text-primary\">Produits promotionnels avec impression<\/h1>\n<\/div><\/div><\/div><div class=\"x-text x-content e438-e5 mc6-s mc6-t mc6-u mc6-v mc6-w mc6-x\"><p>Nous produisons des produits promotionnels imprim\u00e9s sur mesure en Su\u00e8de pour les services de marketing, les agences et les acheteurs qui recherchent des solutions plastiques durables de la part d'un sp\u00e9cialiste exp\u00e9riment\u00e9. Avec nous, vous transformez vos id\u00e9es et vos messages de campagne en produits imprim\u00e9s qui durent, sont vus et utilis\u00e9s - des enseignes et autocollants aux tapis de souris, en passant par les manuels et le mat\u00e9riel de PLV. Vous b\u00e9n\u00e9ficiez d'un partenaire qui associe plus de 60 ans d'exp\u00e9rience dans l'impression plastique \u00e0 une technologie moderne et \u00e0 des mat\u00e9riaux qui r\u00e9duisent votre empreinte carbone sans faire de compromis sur la qualit\u00e9 ou le design.<\/p>\n<p><a href=\"https:\/\/inplastor.se\/fr\/contact\/\">Obtenez un devis gratuit pour des produits promotionnels imprim\u00e9s ici<\/a><\/p>\n<p><strong>OU...<\/strong><\/p><\/div><a class=\"x-anchor x-anchor-button e438-e6 mc6-13\" tabindex=\"0\" href=\"https:\/\/outlook.office.com\/book\/Inplastor@InplastorABMotala.onmicrosoft.com\/s\/6oJAp5_c4Uu3BWfocV13pQ2?ismsaljsauthenabled\" target=\"_blank\" rel=\"noopener\"><div class=\"x-anchor-content\"><div class=\"x-anchor-text\"><span class=\"x-anchor-text-primary\">R\u00e9server une r\u00e9union<\/span><\/div><\/div><\/a><\/div><\/div><\/div><\/div><div class=\"x-section e438-e7 mc6-0 mc6-1 mc6-3\"><div class=\"x-row x-container max width e438-e8 mc6-7 mc6-8 mc6-a mc6-c\"><div class=\"x-row-inner\"><div class=\"x-col e438-e9 mc6-n\"><div class=\"x-row x-container max width e438-e10 mc6-7 mc6-8 mc6-a mc6-d\"><div class=\"x-row-inner\"><div class=\"x-col e438-e11 mc6-n mc6-o\"><div class=\"x-text x-text-headline e438-e12 mc6-p mc6-r\"><div class=\"x-text-content\"><div class=\"x-text-content-text\"><h2 class=\"x-text-content-text-primary\">Comment nous aidons les entreprises \u00e0 se faire remarquer avec des produits promotionnels<\/h2>\n<\/div><\/div><\/div><div class=\"x-text x-content e438-e13 mc6-s mc6-t mc6-v mc6-w mc6-y mc6-z\"><p><span style=\"font-weight: 400;\">Lorsque vous commandez des produits promotionnels imprim\u00e9s chez Inplastor, vous b\u00e9n\u00e9ficiez d'une solution compl\u00e8te o\u00f9 nous prenons en charge l'ensemble de la cha\u00eene, de l'id\u00e9e initiale au produit fini et livr\u00e9. Nous travaillons en \u00e9troite collaboration avec votre service marketing ou votre agence pour vous aider \u00e0 choisir les produits, les formats, les mat\u00e9riaux et les techniques d'impression adapt\u00e9s \u00e0 votre campagne, \u00e0 votre marque et \u00e0 votre budget.\u00a0<\/span><\/p>\n<p><span style=\"font-weight: 400;\">En pratique, cela signifie que nous d\u00e9finissons ensemble le comportement que vous souhaitez influencer - plus de visites dans le magasin, plus de scans d'un code QR, une meilleure m\u00e9morisation du message ou une plus grande fid\u00e9lit\u00e9 - et que nous l'associons \u00e0 la bonne combinaison de panneaux, d'autocollants, de cartes, de manuels, de tapis de souris ou d'autres supports de vente.<\/span><\/p><\/div><\/div><\/div><\/div><\/div><\/div><\/div><\/div><div class=\"x-section e438-e14 mc6-0 mc6-1 mc6-3\"><div class=\"x-row x-container max width e438-e15 mc6-7 mc6-8 mc6-a mc6-e\"><div class=\"x-row-inner\"><div class=\"x-col e438-e16 mc6-n\"><div class=\"x-row x-container max width e438-e17 mc6-7 mc6-8 mc6-a mc6-f\"><div class=\"x-row-inner\"><div class=\"x-col e438-e18 mc6-n mc6-o\"><div class=\"x-text x-text-headline e438-e19 mc6-p mc6-r\"><div class=\"x-text-content\"><div class=\"x-text-content-text\"><h2 class=\"x-text-content-text-primary\">Des imprim\u00e9s publicitaires qui renforcent la marque<\/h2>\n<\/div><\/div><\/div><div class=\"x-text x-content e438-e20 mc6-s mc6-t mc6-v mc6-w mc6-y mc6-z\"><p><span style=\"font-weight: 400;\">L'impression promotionnelle d'Inplastor convient aux services de marketing, aux agences et aux acheteurs qui souhaitent transformer leurs id\u00e9es de campagne en produits promotionnels imprim\u00e9s qui sont r\u00e9ellement utilis\u00e9s. Qu'il s'agisse d'enseignes, d'autocollants, de mat\u00e9riel de PLV, de tapis de souris ou de manuels qui r\u00e9sistent \u00e0 l'usure, nous produisons des solutions plastiques personnalis\u00e9es qui font ressortir votre message, lui donnent un aspect professionnel et r\u00e9sistent \u00e0 l'usage quotidien, <br \/>l'humidit\u00e9 et la manipulation.<\/span><\/p>\n<p><span style=\"font-weight: 400;\">Nous vous aidons \u00e0 choisir le bon produit, le bon format, le bon mat\u00e9riau et la bonne technique d'impression en fonction de vos objectifs - plus d'arr\u00eats en rayon, plus de scans QR ou une meilleure m\u00e9morisation du message. Avec la s\u00e9rigraphie, l'impression num\u00e9rique, l'offset et les effets sp\u00e9ciaux tels que l'impression lenticulaire, nous pouvons personnaliser la solution pour les campagnes \u00e0 court terme et les produits collat\u00e9raux \u00e0 long terme.<\/span><\/p>\n<p><span style=\"font-weight: 400;\">En m\u00eame temps, nous vous guidons vers des choix de mat\u00e9riaux plus durables, y compris des alternatives biosourc\u00e9es avec une empreinte carbone plus faible, sans compromis sur la qualit\u00e9 ou le design. R\u00e9sultat : des imprim\u00e9s promotionnels qui renforcent votre marque, durent plus longtemps et sont plus faciles \u00e0 utiliser. <br \/>livr\u00e9s dans des d\u00e9lais pr\u00e9cis.<\/span><\/p><\/div><\/div><\/div><\/div><\/div><\/div><\/div><\/div><div class=\"x-section e438-e21 mc6-0 mc6-1 mc6-4\"><div class=\"x-row x-container max width e438-e22 mc6-7 mc6-8 mc6-a mc6-g\"><div class=\"x-row-inner\"><div class=\"x-col e438-e23 mc6-n\"><div class=\"x-text x-text-headline e438-e24 mc6-p mc6-q\"><div class=\"x-text-content\"><div class=\"x-text-content-text\"><h3 class=\"x-text-content-text-primary\">Mat\u00e9riaux, technologie d'impression et durabilit\u00e9 dans la pratique<\/h3>\n<\/div><\/div><\/div><div class=\"x-text x-content e438-e25 mc6-v mc6-w mc6-x mc6-10\"><p style=\"text-align: left;\">Nous fabriquons des produits promotionnels en plastique et en mat\u00e9riaux biosourc\u00e9s en utilisant des techniques d'impression avanc\u00e9es, notamment la s\u00e9rigraphie, l'impression num\u00e9rique, l'offset et des solutions sp\u00e9cialis\u00e9es telles que l'impression lenticulaire pour attirer l'attention. Vous pouvez travailler sur des tirages courts ou longs, des campagnes r\u00e9currentes et des supports permanents, tels que des enseignes de magasin ou des manuels d'instruction qui doivent r\u00e9sister \u00e0 l'humidit\u00e9, \u00e0 l'usure et aux produits chimiques.<\/p>\n<p style=\"text-align: left;\">Nous garantissons une qualit\u00e9 constante, une fiabilit\u00e9 de livraison et des d\u00e9lais clairs, afin que vos campagnes se d\u00e9roulent comme pr\u00e9vu dans toute la Su\u00e8de. En m\u00eame temps, nous vous aidons \u00e0 faire des choix de mat\u00e9riaux conscients qui renforcent \u00e0 la fois votre marque et votre profil de durabilit\u00e9, y compris des alternatives biosourc\u00e9es qui r\u00e9duisent l'impact sur le climat par rapport aux plastiques traditionnels.<\/p><\/div><\/div><\/div><\/div><div class=\"x-row x-container max width e438-e26 mc6-8 mc6-9 mc6-h mc6-i\"><div class=\"x-row-inner\"><div class=\"x-col e438-e27 mc6-n\"><div class=\"x-text x-content e438-e28 mc6-t mc6-v mc6-11 mc6-12\"><\/div><a class=\"x-anchor x-anchor-button e438-e29 mc6-13\" tabindex=\"0\" href=\"https:\/\/outlook.office.com\/book\/Inplastor@InplastorABMotala.onmicrosoft.com\/s\/6oJAp5_c4Uu3BWfocV13pQ2?ismsaljsauthenabled\" target=\"_blank\" rel=\"noopener noreferrer\"><div class=\"x-anchor-content\"><div class=\"x-anchor-text\"><span class=\"x-anchor-text-primary\">R\u00e9server une r\u00e9union<\/span><\/div><\/div><\/a><\/div><\/div><\/div><\/div><div class=\"x-section e438-e30 mc6-0 mc6-1 mc6-3\"><div class=\"x-row x-container max width e438-e31 mc6-7 mc6-8 mc6-a mc6-j\"><div class=\"x-row-inner\"><div class=\"x-col e438-e32 mc6-n\"><div class=\"x-row x-container max width e438-e33 mc6-7 mc6-8 mc6-a mc6-k\"><div class=\"x-row-inner\"><div class=\"x-col e438-e34 mc6-n mc6-o\"><div class=\"x-text x-text-headline e438-e35 mc6-p mc6-r\"><div class=\"x-text-content\"><div class=\"x-text-content-text\"><h2 class=\"x-text-content-text-primary\">Pourquoi les entreprises choisissent-elles l'emballage plastique pour leurs produits promotionnels ?<\/h2>\n<\/div><\/div><\/div><div class=\"x-text x-content e438-e36 mc6-s mc6-t mc6-v mc6-w mc6-y mc6-z\"><p>Lorsque vous choisissez un fournisseur d'articles promotionnels imprim\u00e9s en Su\u00e8de, vous voulez \u00eatre s\u00fbr que le r\u00e9sultat sera efficace sur le plan pratique et commercial. Inplastor privil\u00e9gie les relations \u00e0 long terme et les produits qui renforcent la marque, plut\u00f4t que les solutions ponctuelles qui perdent rapidement leur impact. Depuis 1957, nous travaillons sur l'impression sur plastique et avons d\u00e9velopp\u00e9 une approche o\u00f9 l'expertise graphique, le savoir-faire technique et la compr\u00e9hension des mat\u00e9riaux vont de pair. Cela signifie que vous b\u00e9n\u00e9ficiez de conseils qui couvrent tous les aspects, de l'aspect du produit sur l'\u00e9tag\u00e8re du magasin \u00e0 la sensation dans la main, en passant par la dur\u00e9e d'utilisation r\u00e9elle.<br \/>\nDes choix de mat\u00e9riaux durables qui renforcent votre marque<\/p>\n<p>Nous travaillons aussi activement avec des mat\u00e9riaux plus durables, notamment nos options biosourc\u00e9es, qui sont bas\u00e9es sur des mati\u00e8res premi\u00e8res renouvelables et dont l'empreinte carbone est plus faible que celle des plastiques traditionnels. Vous avez ainsi la possibilit\u00e9 de combiner une forte visibilit\u00e9 avec des arguments clairs en mati\u00e8re de d\u00e9veloppement durable dans votre communication. Nous vous aidons \u00e0 formuler ces arguments \u00e0 la fois dans le design et dans le texte, afin que le client final comprenne pourquoi vos produits promotionnels sont plus r\u00e9fl\u00e9chis que ceux de vos concurrents. Notre production en Su\u00e8de signifie \u00e9galement des d\u00e9lais plus courts, un dialogue plus s\u00fbr et un suivi plus facile.<\/p><\/div><\/div><\/div><\/div><\/div><\/div><\/div><div class=\"x-row x-container max width e438-e37 mc6-8 mc6-9 mc6-h mc6-l\"><div class=\"x-row-inner\"><div class=\"x-col e438-e38 mc6-n\"><div class=\"x-text x-content e438-e39 mc6-v mc6-z mc6-10 mc6-12 mc6-6\">\n<h2>Questions fr\u00e9quemment pos\u00e9es et r\u00e9ponses<\/h2>\n<div style=\"text-align:left;\">\n<h3>Qu'entend-on par produits promotionnels imprim\u00e9s ?<\/h3>\n<p>Par produits promotionnels imprim\u00e9s, nous entendons des produits en plastique personnalis\u00e9s tels que des panneaux, des autocollants, des tapis de souris, des manuels et du mat\u00e9riel de PLV o\u00f9 votre message, votre logo ou la conception de votre campagne est imprim\u00e9 pour renforcer la marque.<\/p>\n\n<h3>\u00c0 qui s'adressent vos produits promotionnels imprim\u00e9s ?<\/h3>\n<p>Nos produits promotionnels imprim\u00e9s conviennent principalement aux services de marketing, aux agences de publicit\u00e9 et aux acheteurs qui ont besoin de solutions durables et visibles pour les campagnes, les environnements en magasin et l'image de marque en Su\u00e8de.<\/p>\n\n<h3>Quels sont les mat\u00e9riaux et les techniques d'impression que vous utilisez ?<\/h3>\n<p>Nous produisons des produits promotionnels en plastique et en mat\u00e9riaux biosourc\u00e9s et utilisons la s\u00e9rigraphie, l'impression num\u00e9rique, l'offset et l'impression lenticulaire lorsque vous souhaitez cr\u00e9er un impact visuel suppl\u00e9mentaire.<\/p>\n\n<h3>Comment int\u00e9grez-vous le d\u00e9veloppement durable dans vos produits ?<\/h3>\n<p>Nous travaillons activement avec des mat\u00e9riaux biosourc\u00e9s bas\u00e9s sur des mati\u00e8res premi\u00e8res renouvelables, qui ont une empreinte carbone plus faible que les plastiques traditionnels, et nous vous aidons \u00e0 choisir des solutions qui renforcent \u00e0 la fois votre profil de durabilit\u00e9 et votre marque.<\/p>\n<\/div><\/div><\/div><\/div><\/div><\/div><div class=\"x-section e438-e40 mc6-0 mc6-5\"><div class=\"x-bg\" aria-hidden=\"true\"><div class=\"x-bg-layer-lower-image\" data-x-element-bg-layer=\"{&quot;parallaxSize&quot;:&quot;150%&quot;,&quot;parallaxDir&quot;:&quot;v&quot;,&quot;parallaxRev&quot;:false}\"><\/div><\/div><div class=\"x-row x-container max width e438-e41 mc6-7 mc6-8 mc6-a mc6-m\"><div class=\"x-row-inner\"><div class=\"x-col e438-e42 mc6-n\"><\/div><\/div><\/div><\/div><\/div>","protected":false},"excerpt":{"rendered":"<p>Produits promotionnels imprim\u00e9s Nous produisons des produits promotionnels imprim\u00e9s personnalis\u00e9s en Su\u00e8de pour les services de marketing, les agences et les acheteurs qui souhaitent des solutions plastiques durables de la part d'un sp\u00e9cialiste exp\u00e9riment\u00e9. Avec nous, vous transformez vos id\u00e9es et vos messages de campagne en produits imprim\u00e9s qui durent, sont vus et utilis\u00e9s - des enseignes et autocollants aux tapis de souris, en passant par les manuels et le mat\u00e9riel de PLV. Vous b\u00e9n\u00e9ficiez d'un partenaire qui combine plus de 60 ans d'exp\u00e9rience... <a href=\"https:\/\/inplastor.se\/fr\/produkter\/reklamprodukter-med-tryck\/\" class=\"more-link\">Lire la suite<\/a><\/p>","protected":false},"author":3,"featured_media":0,"parent":36,"menu_order":0,"comment_status":"closed","ping_status":"closed","template":"template-blank-4.php","meta":{"rs_blank_template":"","rs_page_bg_color":"","slide_template_v7":"","footnotes":""},"class_list":["post-438","page","type-page","status-publish","hentry","no-post-thumbnail"],"_links":{"self":[{"href":"https:\/\/inplastor.se\/fr\/wp-json\/wp\/v2\/pages\/438","targetHints":{"allow":["GET"]}}],"collection":[{"href":"https:\/\/inplastor.se\/fr\/wp-json\/wp\/v2\/pages"}],"about":[{"href":"https:\/\/inplastor.se\/fr\/wp-json\/wp\/v2\/types\/page"}],"author":[{"embeddable":true,"href":"https:\/\/inplastor.se\/fr\/wp-json\/wp\/v2\/users\/3"}],"replies":[{"embeddable":true,"href":"https:\/\/inplastor.se\/fr\/wp-json\/wp\/v2\/comments?post=438"}],"version-history":[{"count":5,"href":"https:\/\/inplastor.se\/fr\/wp-json\/wp\/v2\/pages\/438\/revisions"}],"predecessor-version":[{"id":513,"href":"https:\/\/inplastor.se\/fr\/wp-json\/wp\/v2\/pages\/438\/revisions\/513"}],"up":[{"embeddable":true,"href":"https:\/\/inplastor.se\/fr\/wp-json\/wp\/v2\/pages\/36"}],"wp:attachment":[{"href":"https:\/\/inplastor.se\/fr\/wp-json\/wp\/v2\/media?parent=438"}],"curies":[{"name":"wp","href":"https:\/\/api.w.org\/{rel}","templated":true}]}}