{"id":120,"date":"2020-05-06T08:10:36","date_gmt":"2020-05-06T07:10:36","guid":{"rendered":"https:\/\/inplastor.se\/?page_id=120"},"modified":"2025-11-25T11:13:14","modified_gmt":"2025-11-25T10:13:14","slug":"gdpr","status":"publish","type":"page","link":"https:\/\/inplastor.se\/nb\/gdpr\/","title":{"rendered":"GDPR"},"content":{"rendered":"<div id=\"cs-content\" class=\"cs-content\"><div class=\"x-section e120-e1 m3c-0\"><div class=\"x-row x-container max width e120-e2 m3c-1 m3c-2\"><div class=\"x-row-inner\"><div class=\"x-col e120-e3 m3c-3\"><div class=\"x-text x-text-headline e120-e4 m3c-4\"><div class=\"x-text-content\"><div class=\"x-text-content-text\"><h1 class=\"x-text-content-text-primary\">GDPR<\/h1>\n<\/div><\/div><\/div><div class=\"x-text x-content e120-e5 m3c-5\"><p><strong>Slik samler vi inn data hos Inplastor AB:<br \/>\n<\/strong> Personopplysninger lagres for \u00e5 kunne gi tilbud, administrere bestillinger, nyhetsbrev m.m. for den l\u00f8pende forretningsdriften. Vi samler inn personopplysninger som du frivillig oppgir til oss, for eksempel ved foresp\u00f8rsler og bestillinger, og n\u00e5r du velger \u00e5 abonnere p\u00e5 nyhetsbrev eller kommunisere med oss via e-post og andre kanaler der kunder\/leverand\u00f8rer har registrert seg. Opplysningene vi samler inn omfatter navn, postadresse, e-postadresse, telefonnummer, stillingstittel og annen informasjon som vi trenger \u00e5 lagre for at samarbeidet skal fungere p\u00e5 best mulig m\u00e5te.<\/p>\n<p><strong>Hvordan vi bruker dataene vi samler inn og lagrer:<\/strong><\/p>\n<p>Vi bruker personopplysningene til \u00e5 Sende deg eventuelle nyhetsbrev og informasjon om tilbud og bestillinger. Oppbevare historikk over personer som har v\u00e6rt i kontakt med oss. Vi verken selger, leier ut, distribuerer eller p\u00e5 annen m\u00e5te gj\u00f8r opplysningene tilgjengelige for tredjeparter.<\/p>\n\n<strong>\u00c5rsaker til at vi bruker personopplysningene dine<\/strong>\n<p>N\u00e5r vi behandler personopplysninger for de form\u00e5lene som er forklart i denne erkl\u00e6ringen, baserer vi oss p\u00e5 v\u00e5re legitime interesser i \u00e5 opprettholde forretningsforbindelser og kommunisere med deg som forretningskontakt. Vi overholder gjeldende lovgivning og juridiske rettigheter og friheter i v\u00e5r forretningsvirksomhet.<\/p>\n\n<strong>Hvordan vi deler informasjonen vi samler inn<\/strong>\n<p>Kun de personene som har behov for \u00e5 behandle personopplysninger for de form\u00e5lene som er nevnt ovenfor, har tilgang til personopplysningene. Vi kan ha behov for \u00e5 dele enkelte personopplysninger med leverand\u00f8rene v\u00e5re, for eksempel transportleverand\u00f8rene v\u00e5re.<\/p>\n\n<strong>Lagring<\/strong>\n<p>Personopplysningene lagres for de angitte form\u00e5lene og s\u00e5 lenge kundene fortsetter \u00e5 handle hos oss. Hvis kunder avregistrerer seg, avslutter vi databehandlingen og fjerner personopplysningene fra kunderegisteret v\u00e5rt. Regnskapsmateriale arkiveres i 7 \u00e5r i henhold til gjeldende lovverk.<\/p>\n\n<strong>Sikkerhet og trygghet<\/strong>\n<p>Vi bruker sikkerhetstiltak for \u00e5 beskytte personopplysninger mot tap og mot at uautoriserte personer f\u00e5r tilgang til dem. Vi gjennomg\u00e5r rutinene v\u00e5re regelmessig for \u00e5 sikre at systemene v\u00e5re er sikre og beskyttede.<\/p>\n\n<strong>Kundens\/leverand\u00f8rens valg og rettigheter<\/strong>\n<p>Som kunde\/leverand\u00f8r har du alltid rett til \u00e5 be om et utdrag og at vi retter feilaktige opplysninger. Du som kunde\/leverand\u00f8r har rett til \u00e5 be om at dine opplysninger slettes, og kan n\u00e5r som helst velge \u00e5 avregistrere deg, i forbindelse med dette vil v\u00e5r databehandling for ovennevnte form\u00e5l opph\u00f8re og vi vil fjerne personopplysningene fra v\u00e5rt register. Avregistrering gj\u00f8res ved \u00e5 sende en e-post til <a href=\"mailto:info@inplastor.se\" target=\"_blank\" rel=\"noopener\">info@inplastor.se<\/a><\/p><\/div><span class=\"x-image e120-e6 m3c-6\"><img decoding=\"async\" src=\"https:\/\/inplastor.se\/wp-content\/uploads\/2025\/10\/PRE00532-scaled.jpg\" width=\"1280\" height=\"853\" alt=\"Bilde\" loading=\"lazy\"><\/span><\/div><\/div><\/div><\/div><\/div>","protected":false},"excerpt":{"rendered":"<p>GDPR Hvordan vi samler inn data hos Inplastor AB: Personopplysninger lagres for \u00e5 kunne gi tilbud, h\u00e5ndtere bestillinger, nyhetsbrev osv. for den l\u00f8pende forretningsdriften. Vi samler inn personopplysninger som du frivillig oppgir til oss, for eksempel ved foresp\u00f8rsler og bestillinger, og n\u00e5r du velger \u00e5 abonnere p\u00e5 nyhetsbrev eller kommunisere med oss via e-post og andre kanaler... <a href=\"https:\/\/inplastor.se\/nb\/gdpr\/\" class=\"more-link\">Les mer<\/a><\/p>","protected":false},"author":1,"featured_media":0,"parent":0,"menu_order":0,"comment_status":"closed","ping_status":"closed","template":"template-blank-4.php","meta":{"rs_blank_template":"","rs_page_bg_color":"#ffffff","slide_template_v7":"","footnotes":""},"class_list":["post-120","page","type-page","status-publish","hentry","no-post-thumbnail"],"_links":{"self":[{"href":"https:\/\/inplastor.se\/nb\/wp-json\/wp\/v2\/pages\/120","targetHints":{"allow":["GET"]}}],"collection":[{"href":"https:\/\/inplastor.se\/nb\/wp-json\/wp\/v2\/pages"}],"about":[{"href":"https:\/\/inplastor.se\/nb\/wp-json\/wp\/v2\/types\/page"}],"author":[{"embeddable":true,"href":"https:\/\/inplastor.se\/nb\/wp-json\/wp\/v2\/users\/1"}],"replies":[{"embeddable":true,"href":"https:\/\/inplastor.se\/nb\/wp-json\/wp\/v2\/comments?post=120"}],"version-history":[{"count":3,"href":"https:\/\/inplastor.se\/nb\/wp-json\/wp\/v2\/pages\/120\/revisions"}],"predecessor-version":[{"id":413,"href":"https:\/\/inplastor.se\/nb\/wp-json\/wp\/v2\/pages\/120\/revisions\/413"}],"wp:attachment":[{"href":"https:\/\/inplastor.se\/nb\/wp-json\/wp\/v2\/media?parent=120"}],"curies":[{"name":"wp","href":"https:\/\/api.w.org\/{rel}","templated":true}]}}