{"id":34,"date":"2020-04-28T09:56:29","date_gmt":"2020-04-28T08:56:29","guid":{"rendered":"https:\/\/inplastor.se\/?page_id=34"},"modified":"2025-11-25T11:19:47","modified_gmt":"2025-11-25T10:19:47","slug":"laget","status":"publish","type":"page","link":"https:\/\/inplastor.se\/nb\/foretaget\/","title":{"rendered":"Selskapet"},"content":{"rendered":"<div id=\"cs-content\" class=\"cs-content\"><div class=\"x-section e34-e1 my-0 my-1 my-2 my-3\"><div class=\"x-row x-container max width e34-e2 my-6 my-7 my-8 my-9\"><div class=\"x-row-inner\"><div class=\"x-col e34-e3 my-e\"><div class=\"x-text x-text-headline e34-e4 my-g my-h my-i\"><div class=\"x-text-content\"><div class=\"x-text-content-text\"><h1 class=\"x-text-content-text-primary\">Utnytt ressursene og ekspertisen v\u00e5r<\/h1>\n<\/div><\/div><\/div><div class=\"x-text x-content e34-e5 my-l my-m\"><p><b>Vi realiserer ditt trykte budskap! <\/b><\/p>\n<p>I dag er vi markedsleder i den grafiske bransjen og spesialiserer oss p\u00e5 trykking og bearbeiding av plast.<\/p>\n<p>Kundene v\u00e5re finnes i praktisk talt alle bransjer, inkludert detaljhandel, reklame, farmasi, bilindustri og annen produksjon. Men vi jobber selvsagt med alle typer selskaper, store som sm\u00e5 - uansett bransje.<\/p>\n<p>Som markedsleder innen trykking og grafisk bearbeiding av plast har vi innsikt i hva som er riktig milj\u00f8messig valg av plast og materialer i de fleste bransjer. Alt dette gj\u00f8r oss til en sv\u00e6rt kompetent samarbeidspartner. Bruk oss som sparringspartner, id\u00e9generator, inspirator og leverand\u00f8r. Vi er alltid tilgjengelige, ikke minst for \u00e5 gi n\u00e6ring til v\u00e5r egen utvikling!<\/p><\/div><span class=\"x-image e34-e6 my-p my-q\"><img decoding=\"async\" src=\"https:\/\/inplastor.se\/wp-content\/uploads\/2025\/10\/PRE00555-scaled.jpg\" width=\"1280\" height=\"699\" alt=\"Bilde\" loading=\"lazy\"><\/span><\/div><\/div><\/div><\/div><div class=\"x-section e34-e7 my-0 my-1 my-4\"><div class=\"x-row x-container max width e34-e8 my-6 my-7 my-8 my-a\"><div class=\"x-row-inner\"><div class=\"x-col e34-e9 my-e\"><div class=\"x-row x-container max width e34-e10 my-6 my-7 my-8 my-b\"><div class=\"x-row-inner\"><div class=\"x-col e34-e11 my-e my-f\"><span class=\"x-image e34-e12 my-p my-r\"><img decoding=\"async\" src=\"https:\/\/inplastor.se\/wp-content\/uploads\/2020\/06\/rise-2.png\" width=\"292\" height=\"373\" alt=\"Bilde\" loading=\"lazy\"><\/span><div class=\"x-text x-text-headline e34-e13 my-g my-h my-j\"><div class=\"x-text-content\"><div class=\"x-text-content-text\"><h2 class=\"x-text-content-text-primary\">H\u00f8y milj\u00f8- og kvalitetssikring<\/h2>\n<\/div><\/div><\/div><div class=\"x-text x-content e34-e14 my-l my-n\">All v\u00e5r produksjon er kvalitetssertifisert i henhold til ISO 9001 og milj\u00f8sertifisert i henhold til ISO 14001. Det betyr at vi kan ta et garantert ansvar for v\u00e5r del av produksjonskjeden; at vi oppfyller dagens h\u00f8yeste krav til milj\u00f8, kvalitet og produktsikkerhet.<\/div><\/div><\/div><\/div><\/div><\/div><\/div><div class=\"x-row x-container max width e34-e15 my-6 my-8 my-c\"><div class=\"x-row-inner\"><div class=\"x-col e34-e16 my-e\"><i class=\"x-icon e34-e17 my-s\" aria-hidden=\"true\" data-x-icon-o=\"&#xf1c1;\"><\/i><hr class=\"x-line e34-e18 my-t\"\/><a class=\"x-anchor x-anchor-button e34-e19 my-u\" tabindex=\"0\" href=\"https:\/\/inplastor.se\/wp-content\/uploads\/2025\/08\/1812-2024-ISO9001.pdf\" target=\"_blank\" rel=\"noopener noreferrer\"><div class=\"x-anchor-content\"><div class=\"x-anchor-text\"><span class=\"x-anchor-text-primary\">ISO 9001<\/span><\/div><\/div><\/a><\/div><div class=\"x-col e34-e20 my-e\"><i class=\"x-icon e34-e21 my-s\" aria-hidden=\"true\" data-x-icon-o=\"&#xf1c1;\"><\/i><hr class=\"x-line e34-e22 my-t\"\/><a class=\"x-anchor x-anchor-button e34-e23 my-u\" tabindex=\"0\" href=\"https:\/\/inplastor.se\/wp-content\/uploads\/2025\/08\/1812M-2024-ISO14001.pdf\" target=\"_blank\" rel=\"noopener noreferrer\"><div class=\"x-anchor-content\"><div class=\"x-anchor-text\"><span class=\"x-anchor-text-primary\">ISO 14001<\/span><\/div><\/div><\/a><\/div><div class=\"x-col e34-e24 my-e\"><i class=\"x-icon e34-e25 my-s\" aria-hidden=\"true\" data-x-icon-o=\"&#xf1c1;\"><\/i><hr class=\"x-line e34-e26 my-t\"\/><a class=\"x-anchor x-anchor-button e34-e27 my-u\" tabindex=\"0\" href=\"https:\/\/inplastor.se\/wp-content\/uploads\/2025\/08\/alg-20.pdf\" target=\"_blank\" rel=\"noopener noreferrer\"><div class=\"x-anchor-content\"><div class=\"x-anchor-text\"><span class=\"x-anchor-text-primary\">ALG 20<\/span><\/div><\/div><\/a><\/div><\/div><\/div><\/div><div class=\"x-section e34-e28 my-0 my-3 my-5\"><div class=\"x-row x-container max width e34-e29 my-6 my-8 my-d\"><div class=\"x-row-inner\"><div class=\"x-col e34-e30 my-e\"><div class=\"x-text x-text-headline e34-e31 my-g my-i my-k\"><div class=\"x-text-content\"><div class=\"x-text-content-text\"><h2 class=\"x-text-content-text-primary\">Hver alder har sine muligheter<\/h2>\n<\/div><\/div><\/div><div class=\"x-text x-content e34-e32 my-l my-o\"><p>Vi har levert kundetilpassede l\u00f8sninger til de fleste bransjer siden 1957, omtrent samtidig som Volkswagen lanserte sin f\u00f8rste heldekkende bakrute. P\u00e5 den tiden var en n\u00f8kkelring med en plastst\u00f8pt logo et storselgende reklameprodukt.<\/p>\n<p>I dag kan det v\u00e6re hyllepratere\/butikkreklame for sunne juicer eller emballasje for designobjekter. Vi s\u00f8rger for at du f\u00e5r den l\u00f8sningen du \u00f8nsker, eller kanskje rettere sagt; den som m\u00e5lgruppene dine og fremtiden krever.<\/p><\/div><\/div><div class=\"x-col e34-e33 my-e\"><span class=\"x-image e34-e34 my-p my-q\"><img decoding=\"async\" src=\"https:\/\/inplastor.se\/wp-content\/uploads\/2020\/04\/DSC07675-scaled-e1588147883955.jpg\" width=\"719\" height=\"710\" alt=\"Bilde\" loading=\"lazy\"><\/span><\/div><\/div><\/div><\/div><\/div>","protected":false},"excerpt":{"rendered":"<p>Utnytt v\u00e5re ressurser og v\u00e5r ekspertise. Vi realiserer ditt trykte budskap! Vi er i dag markedsledende innen grafisk virksomhet spesialisert p\u00e5 trykking og bearbeiding av plast. V\u00e5re kunder finnes i de fleste bransjer, som dagligvarehandel, reklame, legemiddelindustri, bilindustri og annen produksjonsindustri. Men vi jobber selvsagt med alle slags bedrifter, store som sm\u00e5 \u2013 uansett bransje. Som markedsledende innen \u2026 <a href=\"https:\/\/inplastor.se\/nb\/foretaget\/\" class=\"more-link\">Les mer<\/a><\/p>","protected":false},"author":1,"featured_media":0,"parent":0,"menu_order":0,"comment_status":"closed","ping_status":"closed","template":"template-blank-4.php","meta":{"rs_blank_template":"","rs_page_bg_color":"","slide_template_v7":"","footnotes":""},"class_list":["post-34","page","type-page","status-publish","hentry","no-post-thumbnail"],"_links":{"self":[{"href":"https:\/\/inplastor.se\/nb\/wp-json\/wp\/v2\/pages\/34","targetHints":{"allow":["GET"]}}],"collection":[{"href":"https:\/\/inplastor.se\/nb\/wp-json\/wp\/v2\/pages"}],"about":[{"href":"https:\/\/inplastor.se\/nb\/wp-json\/wp\/v2\/types\/page"}],"author":[{"embeddable":true,"href":"https:\/\/inplastor.se\/nb\/wp-json\/wp\/v2\/users\/1"}],"replies":[{"embeddable":true,"href":"https:\/\/inplastor.se\/nb\/wp-json\/wp\/v2\/comments?post=34"}],"version-history":[{"count":23,"href":"https:\/\/inplastor.se\/nb\/wp-json\/wp\/v2\/pages\/34\/revisions"}],"predecessor-version":[{"id":430,"href":"https:\/\/inplastor.se\/nb\/wp-json\/wp\/v2\/pages\/34\/revisions\/430"}],"wp:attachment":[{"href":"https:\/\/inplastor.se\/nb\/wp-json\/wp\/v2\/media?parent=34"}],"curies":[{"name":"wp","href":"https:\/\/api.w.org\/{rel}","templated":true}]}}