{"id":38,"date":"2020-04-28T09:57:01","date_gmt":"2020-04-28T08:57:01","guid":{"rendered":"https:\/\/inplastor.se\/?page_id=38"},"modified":"2025-11-25T11:16:24","modified_gmt":"2025-11-25T10:16:24","slug":"pa-plast","status":"publish","type":"page","link":"https:\/\/inplastor.se\/nb\/om-plast\/","title":{"rendered":"Om plast"},"content":{"rendered":"<div id=\"cs-content\" class=\"cs-content\"><div class=\"x-section e38-e1 m12-0 m12-1 m12-2\"><div class=\"x-bg\" aria-hidden=\"true\"><div class=\"x-bg-layer-lower-image\" data-x-element-bg-layer=\"{&quot;parallaxSize&quot;:&quot;150%&quot;,&quot;parallaxDir&quot;:&quot;v&quot;,&quot;parallaxRev&quot;:false}\"><\/div><\/div><div class=\"x-row x-container max width e38-e2 m12-8 m12-9 m12-a\"><div class=\"x-row-inner\"><div class=\"x-col e38-e3 m12-g\"><\/div><\/div><\/div><\/div><div class=\"x-section e38-e4 m12-0 m12-3 m12-4\"><div class=\"x-row x-container max width e38-e5 m12-8 m12-9 m12-b\"><div class=\"x-row-inner\"><div class=\"x-col e38-e6 m12-g\"><div class=\"x-text x-text-headline e38-e7 m12-i m12-j\"><div class=\"x-text-content\"><div class=\"x-text-content-text\"><h1 class=\"x-text-content-text-primary\">Vi vet hvordan du lager plasttrykk og ditt eget trykk p\u00e5 plast!<\/h1>\n<\/div><\/div><\/div><div class=\"x-text x-content e38-e8 m12-l m12-m m12-n m12-o\"><p>Inplastor driver i dag en omfattende trykkerivirksomhet. Vi trykker p\u00e5 plast, tre og en rekke andre materialer. Vi har opparbeidet oss en meget h\u00f8y kompetanse p\u00e5 trykk p\u00e5 de fleste materialer og bruker hovedsakelig tre trykkteknikker. Silketrykk, offsettrykk og digitaltrykk i sm\u00e5 og store formater.<br \/>Resultatet er i alle tilfeller en sterk og slitesterk trykkoverflate som matcher materialets h\u00f8ye motstandskraft mot slitasje, fuktighet og kjemikalier.<\/p>\n<p>Inplastor har v\u00e6rt kvalitets- og milj\u00f8sertifisert siden 1994. Gjennom kontinuerlig forbedringsarbeid, blant annet i samarbeid med ledende materialprodusenter, kan vi hele tiden utvikle bedre trykkmetoder og \u00f8kt produktkvalitet.<\/p><\/div><span class=\"x-image e38-e9 m12-r m12-s\"><img decoding=\"async\" src=\"https:\/\/inplastor.se\/wp-content\/uploads\/2025\/10\/PRE00583-2-scaled.jpg\" width=\"1280\" height=\"853\" alt=\"Bilde\" loading=\"lazy\"><\/span><\/div><\/div><\/div><\/div><div class=\"x-section e38-e10 m12-0 m12-3 m12-5\"><div class=\"x-row x-container max width e38-e11 m12-8 m12-9 m12-c\"><div class=\"x-row-inner\"><div class=\"x-col e38-e12 m12-g\"><div class=\"x-row x-container max width e38-e13 m12-8 m12-9 m12-d\"><div class=\"x-row-inner\"><div class=\"x-col e38-e14 m12-g m12-h\"><div class=\"x-text x-text-headline e38-e15 m12-i m12-k\"><div class=\"x-text-content\"><div class=\"x-text-content-text\"><h2 class=\"x-text-content-text-primary\">De riktige materialene i alle milj\u00f8er<\/h2>\n<\/div><\/div><\/div><div class=\"x-text x-content e38-e16 m12-l m12-n m12-p\"><span>Plast er et sv\u00e6rt fleksibelt materiale som fungerer godt i de fleste situasjoner. Den h\u00f8ye motstandsdyktigheten mot fukt, kulde og kjemikalier gj\u00f8r det ideelt for bruk i alle klimaer og temperaturer: innend\u00f8rs, for eksempel i kj\u00f8leskap og frysere, verksteder og andre krevende milj\u00f8er. Utend\u00f8rs er det et materiale som holder seg nytt i sv\u00e6rt lang tid, uavhengig av alle de ytre p\u00e5kjenningene som vanligvis gj\u00f8r livet b\u00e5de stygt og kjedelig for andre reklame- og informasjonsb\u00e6rere.<\/span><\/div><\/div><\/div><\/div><\/div><\/div><\/div><\/div><div class=\"x-section e38-e17 m12-0 m12-3 m12-6\"><div class=\"x-row x-container max width e38-e18 m12-8 m12-9 m12-e\"><div class=\"x-row-inner\"><div class=\"x-col e38-e19 m12-g\"><div class=\"x-text x-text-headline e38-e20 m12-i m12-j\"><div class=\"x-text-content\"><div class=\"x-text-content-text\"><h2 class=\"x-text-content-text-primary\">Liten plastskole<\/h2>\n<\/div><\/div><\/div><div class=\"x-text x-content e38-e21 m12-n m12-o m12-q\"><p><span>Plast, av latin plasticus (formbar), tilh\u00f8rer den store gruppen av polymere materialer.<\/span><br \/>\n<span>Polymermaterialer refererer vanligvis til en organisk forbindelse av sv\u00e6rt store molekyler i lange kjededannelser.<\/span><br \/>\n<br \/>\n<span>Polymerer forekommer b\u00e5de i naturlig form, som proteiner, og i syntetisk form som base i plastmaterialer. Dette gj\u00f8r polymerer til et sv\u00e6rt vanlig materiale. Vi bruker dem i kl\u00e6r, maling, betalingskort, emballasje, datamaskiner, skilting og mange andre ting som i dag ses p\u00e5 som en naturlig del av hverdagen v\u00e5r.<\/span><br \/>\n<br \/>\n<span>Plast som materiale finnes i dag i et stort antall varianter og sammensetninger. Plast er basert p\u00e5 polymerer som er bygget opp av s\u00e5kalte monomerer gjennom en prosess som kalles polymerisering.<\/span><br \/>\n<br \/>\n<span>Deretter tilsettes ulike tilsetningsstoffer til de resulterende polymerene, noe som resulterer i plast med ulike egenskaper.<\/span><\/p><\/div><\/div><div class=\"x-col e38-e22 m12-g\"><span class=\"x-image e38-e23 m12-r m12-t\"><img decoding=\"async\" src=\"https:\/\/inplastor.se\/wp-content\/uploads\/2020\/04\/image.png\" width=\"290\" height=\"200\" alt=\"Bilde\" loading=\"lazy\"><\/span><\/div><\/div><\/div><\/div><div class=\"x-section e38-e24 m12-0 m12-2 m12-7\"><div class=\"x-bg\" aria-hidden=\"true\"><div class=\"x-bg-layer-lower-image\" data-x-element-bg-layer=\"{&quot;parallaxSize&quot;:&quot;150%&quot;,&quot;parallaxDir&quot;:&quot;v&quot;,&quot;parallaxRev&quot;:false}\"><\/div><\/div><div class=\"x-row x-container max width e38-e25 m12-8 m12-9 m12-f\"><div class=\"x-row-inner\"><div class=\"x-col e38-e26 m12-g\"><\/div><\/div><\/div><\/div><\/div>","protected":false},"excerpt":{"rendered":"<p>Vi vet hvordan du lager plasttrykk og ditt eget trykk p\u00e5 plast! Inplastor driver i dag en omfattende trykkerivirksomhet. Vi trykker p\u00e5 plast, tre og en rekke andre materialer. Vi har opparbeidet oss en meget h\u00f8y kompetanse p\u00e5 trykk p\u00e5 de fleste materialer og bruker hovedsakelig tre trykkteknikker. Serigrafi, offsettrykk og digitaltrykk i sm\u00e5 og store formater, og resultatet er i alle tilfeller en ... <a href=\"https:\/\/inplastor.se\/nb\/om-plast\/\" class=\"more-link\">Les mer<\/a><\/p>","protected":false},"author":1,"featured_media":0,"parent":0,"menu_order":0,"comment_status":"closed","ping_status":"closed","template":"template-blank-4.php","meta":{"rs_blank_template":"","rs_page_bg_color":"","slide_template_v7":"","footnotes":""},"class_list":["post-38","page","type-page","status-publish","hentry","no-post-thumbnail"],"_links":{"self":[{"href":"https:\/\/inplastor.se\/nb\/wp-json\/wp\/v2\/pages\/38","targetHints":{"allow":["GET"]}}],"collection":[{"href":"https:\/\/inplastor.se\/nb\/wp-json\/wp\/v2\/pages"}],"about":[{"href":"https:\/\/inplastor.se\/nb\/wp-json\/wp\/v2\/types\/page"}],"author":[{"embeddable":true,"href":"https:\/\/inplastor.se\/nb\/wp-json\/wp\/v2\/users\/1"}],"replies":[{"embeddable":true,"href":"https:\/\/inplastor.se\/nb\/wp-json\/wp\/v2\/comments?post=38"}],"version-history":[{"count":8,"href":"https:\/\/inplastor.se\/nb\/wp-json\/wp\/v2\/pages\/38\/revisions"}],"predecessor-version":[{"id":429,"href":"https:\/\/inplastor.se\/nb\/wp-json\/wp\/v2\/pages\/38\/revisions\/429"}],"wp:attachment":[{"href":"https:\/\/inplastor.se\/nb\/wp-json\/wp\/v2\/media?parent=38"}],"curies":[{"name":"wp","href":"https:\/\/api.w.org\/{rel}","templated":true}]}}