{"id":40,"date":"2020-04-28T09:57:18","date_gmt":"2020-04-28T08:57:18","guid":{"rendered":"https:\/\/inplastor.se\/?page_id=40"},"modified":"2025-11-25T11:17:41","modified_gmt":"2025-11-25T10:17:41","slug":"prepress","status":"publish","type":"page","link":"https:\/\/inplastor.se\/nb\/prepress\/","title":{"rendered":"Prepress"},"content":{"rendered":"<div id=\"cs-content\" class=\"cs-content\"><div class=\"x-section e40-e1 m14-0\"><div class=\"x-row x-container max width e40-e2 m14-1 m14-2\"><div class=\"x-row-inner\"><div class=\"x-col e40-e3 m14-3\"><span class=\"x-image e40-e4 m14-4\"><img decoding=\"async\" src=\"https:\/\/inplastor.se\/wp-content\/uploads\/2020\/04\/DSC07710-scaled.jpg\" width=\"2560\" height=\"1439\" alt=\"Bilde\" loading=\"lazy\"><\/span><div class=\"x-text x-text-headline e40-e5 m14-5\"><div class=\"x-text-content\"><div class=\"x-text-content-text\"><h1 class=\"x-text-content-text-primary\">Prepress<\/h1>\n<\/div><\/div><\/div><div class=\"x-text x-content e40-e6 m14-6\"><p><span>Inplastors prepressavdeling samarbeider tett med prosjektledere og trykkerier. Vi har lang erfaring med det spesialiserte prepressarbeidet som kreves for en vellykket trykkproduksjon.<\/span><\/p>\n<p>Direkte kontakt med oss sikrer rask og sikker h\u00e5ndtering av digitale filer og dokumenter. Vi hjelper deg gjerne med \u00e5 produsere digitale fargepr\u00f8ver, matchende utskrifter eller PDF-filer. Hvis du har behov for bildeskanning og layoutarbeid, kan vi ogs\u00e5 hjelpe deg med det.<\/p>\n<p>Hvis du velger \u00e5 gj\u00f8re en del av prepressarbeidet selv, kan du se prepressinstruksjonene v\u00e5re, som du enkelt f\u00e5r tilgang til ved \u00e5 klikke p\u00e5 lenken nedenfor. Der finner du ogs\u00e5 informasjon om hvor du kan henvende deg hvis du har sp\u00f8rsm\u00e5l.<\/p>\n<p><a href=\"https:\/\/inplastor.se\/wp-content\/uploads\/2020\/05\/Prepressinstruktion-sv_eng_2020.pdf\" target=\"_blank\" title=\"Instruksjoner for prepress\" rel=\"noopener\">Klikk her for \u00e5 laste ned instruksjoner for prepress.<\/a><\/p><\/div><span class=\"x-image e40-e7 m14-4\"><img decoding=\"async\" src=\"https:\/\/inplastor.se\/wp-content\/uploads\/2025\/10\/PRE00565-scaled.jpg\" width=\"2560\" height=\"1707\" alt=\"Bilde\" loading=\"lazy\"><\/span><\/div><\/div><\/div><\/div><\/div>","protected":false},"excerpt":{"rendered":"<p>Prepress Inplastors prepressavdeling samarbeider tett med prosjektledere og trykkerier. Vi har lang erfaring med det spesialiserte prepressarbeidet som kreves for en vellykket trykkproduksjon. Direkte kontakt med oss sikrer rask og sikker h\u00e5ndtering av digitale filer og dokumenter. Vi hjelper deg gjerne med \u00e5 produsere digitale fargepr\u00f8ver, matchprint eller PDF-filer. Hvis du har behov for bildeskanning og layoutarbeid, kan vi ogs\u00e5 ... <a href=\"https:\/\/inplastor.se\/nb\/prepress\/\" class=\"more-link\">Les mer<\/a><\/p>","protected":false},"author":1,"featured_media":0,"parent":0,"menu_order":0,"comment_status":"closed","ping_status":"closed","template":"template-blank-4.php","meta":{"rs_blank_template":"","rs_page_bg_color":"","slide_template_v7":"","footnotes":""},"class_list":["post-40","page","type-page","status-publish","hentry","no-post-thumbnail"],"_links":{"self":[{"href":"https:\/\/inplastor.se\/nb\/wp-json\/wp\/v2\/pages\/40","targetHints":{"allow":["GET"]}}],"collection":[{"href":"https:\/\/inplastor.se\/nb\/wp-json\/wp\/v2\/pages"}],"about":[{"href":"https:\/\/inplastor.se\/nb\/wp-json\/wp\/v2\/types\/page"}],"author":[{"embeddable":true,"href":"https:\/\/inplastor.se\/nb\/wp-json\/wp\/v2\/users\/1"}],"replies":[{"embeddable":true,"href":"https:\/\/inplastor.se\/nb\/wp-json\/wp\/v2\/comments?post=40"}],"version-history":[{"count":5,"href":"https:\/\/inplastor.se\/nb\/wp-json\/wp\/v2\/pages\/40\/revisions"}],"predecessor-version":[{"id":412,"href":"https:\/\/inplastor.se\/nb\/wp-json\/wp\/v2\/pages\/40\/revisions\/412"}],"wp:attachment":[{"href":"https:\/\/inplastor.se\/nb\/wp-json\/wp\/v2\/media?parent=40"}],"curies":[{"name":"wp","href":"https:\/\/api.w.org\/{rel}","templated":true}]}}