{"id":438,"date":"2025-12-05T15:29:01","date_gmt":"2025-12-05T14:29:01","guid":{"rendered":"https:\/\/inplastor.se\/?page_id=438"},"modified":"2026-03-24T14:13:43","modified_gmt":"2026-03-24T13:13:43","slug":"reklameprodukter-med-trykk","status":"publish","type":"page","link":"https:\/\/inplastor.se\/nb\/produkter\/reklamprodukter-med-tryck\/","title":{"rendered":"Reklameprodukter med trykk"},"content":{"rendered":"<div id=\"cs-content\" class=\"cs-content\"><div class=\"x-section e438-e1 mc6-0 mc6-1 mc6-2\"><div class=\"x-row x-container max width e438-e2 mc6-7 mc6-8 mc6-a mc6-b\"><div class=\"x-row-inner\"><div class=\"x-col e438-e3 mc6-n\"><div class=\"x-text x-text-headline e438-e4 mc6-p mc6-q\"><div class=\"x-text-content\"><div class=\"x-text-content-text\"><h1 class=\"x-text-content-text-primary\">Reklameprodukter med trykk<\/h1>\n<\/div><\/div><\/div><div class=\"x-text x-content e438-e5 mc6-s mc6-t mc6-u mc6-v mc6-w mc6-x\"><p>Vi produserer spesialtilpassede trykte reklameprodukter i Sverige for markedsavdelinger, byr\u00e5er og innkj\u00f8pere som \u00f8nsker b\u00e6rekraftige plastl\u00f8sninger fra en erfaren spesialist. Hos oss forvandler du ideer og kampanjebudskap til trykte produkter som varer, blir sett og brukt - fra skilt og klistremerker til musematter, h\u00e5ndb\u00f8ker og POS-materiell. Du f\u00e5r en partner som kombinerer over 60 \u00e5rs erfaring med plasttrykk med moderne teknologi og materialer som reduserer karbonavtrykket ditt uten \u00e5 g\u00e5 p\u00e5 kompromiss med kvalitet eller design.<\/p>\n<p><a href=\"https:\/\/inplastor.se\/nb\/kontakt\/\">F\u00e5 et gratis tilbud p\u00e5 trykte reklameprodukter her<\/a><\/p>\n<p><strong>ELLER...<\/strong><\/p><\/div><a class=\"x-anchor x-anchor-button e438-e6 mc6-13\" tabindex=\"0\" href=\"https:\/\/outlook.office.com\/book\/Inplastor@InplastorABMotala.onmicrosoft.com\/s\/6oJAp5_c4Uu3BWfocV13pQ2?ismsaljsauthenabled\" target=\"_blank\" rel=\"noopener\"><div class=\"x-anchor-content\"><div class=\"x-anchor-text\"><span class=\"x-anchor-text-primary\">Book et m\u00f8te<\/span><\/div><\/div><\/a><\/div><\/div><\/div><\/div><div class=\"x-section e438-e7 mc6-0 mc6-1 mc6-3\"><div class=\"x-row x-container max width e438-e8 mc6-7 mc6-8 mc6-a mc6-c\"><div class=\"x-row-inner\"><div class=\"x-col e438-e9 mc6-n\"><div class=\"x-row x-container max width e438-e10 mc6-7 mc6-8 mc6-a mc6-d\"><div class=\"x-row-inner\"><div class=\"x-col e438-e11 mc6-n mc6-o\"><div class=\"x-text x-text-headline e438-e12 mc6-p mc6-r\"><div class=\"x-text-content\"><div class=\"x-text-content-text\"><h2 class=\"x-text-content-text-primary\">Slik hjelper vi bedrifter med \u00e5 bli lagt merke til med reklameprodukter<\/h2>\n<\/div><\/div><\/div><div class=\"x-text x-content e438-e13 mc6-s mc6-t mc6-v mc6-w mc6-y mc6-z\"><p><span style=\"font-weight: 400;\">N\u00e5r du bestiller trykte reklameprodukter fra Inplastor, f\u00e5r du en komplett l\u00f8sning der vi tar ansvar for hele kjeden, fra f\u00f8rste id\u00e9 til ferdig levert produkt. Vi samarbeider tett med din markedsavdeling eller ditt byr\u00e5 for \u00e5 hjelpe deg med \u00e5 velge de riktige produktene, formatene, materialene og trykketeknikkene for din kampanje, merkevare og budsjett.\u00a0<\/span><\/p>\n<p><span style=\"font-weight: 400;\">I praksis betyr det at vi sammen definerer atferden du \u00f8nsker \u00e5 p\u00e5virke - flere bes\u00f8k i butikken, flere skanninger av en QR-kode, bedre gjenkalling av budskapet eller \u00f8kt lojalitet - og deretter matcher dette med den rette kombinasjonen av skilt, klistremerker, kort, manualer, musematter eller annet salgsfremmende materiell.<\/span><\/p><\/div><\/div><\/div><\/div><\/div><\/div><\/div><\/div><div class=\"x-section e438-e14 mc6-0 mc6-1 mc6-3\"><div class=\"x-row x-container max width e438-e15 mc6-7 mc6-8 mc6-a mc6-e\"><div class=\"x-row-inner\"><div class=\"x-col e438-e16 mc6-n\"><div class=\"x-row x-container max width e438-e17 mc6-7 mc6-8 mc6-a mc6-f\"><div class=\"x-row-inner\"><div class=\"x-col e438-e18 mc6-n mc6-o\"><div class=\"x-text x-text-headline e438-e19 mc6-p mc6-r\"><div class=\"x-text-content\"><div class=\"x-text-content-text\"><h2 class=\"x-text-content-text-primary\">Reklametrykk som bygger merkevare<\/h2>\n<\/div><\/div><\/div><div class=\"x-text x-content e438-e20 mc6-s mc6-t mc6-v mc6-w mc6-y mc6-z\"><p><span style=\"font-weight: 400;\">Kampanjetrykk fra Inplastor passer for markedsavdelinger, byr\u00e5er og innkj\u00f8pere som \u00f8nsker \u00e5 omsette kampanjeideer til trykte reklameprodukter som faktisk blir brukt. Fra skilt, klistremerker og POS-materiell til musematter og manualer som t\u00e5ler slitasje, produserer vi kundetilpassede plastl\u00f8sninger som f\u00e5r budskapet ditt til \u00e5 skille seg ut, se profesjonelt ut og t\u00e5le daglig bruk, <br \/>fuktighet og h\u00e5ndtering.<\/span><\/p>\n<p><span style=\"font-weight: 400;\">Du f\u00e5r en partner som tar ansvar for hele kjeden: Vi hjelper deg med \u00e5 velge riktig produkt, format, materiale og trykketeknikk ut fra hva du \u00f8nsker \u00e5 oppn\u00e5 - flere stopp i hyllen, flere QR-skanninger eller h\u00f8yere gjenkalling av budskap. Med silketrykk, digitaltrykk, offsettrykk og spesialeffekter som linsetrykk kan vi skreddersy l\u00f8sningen for b\u00e5de kortsiktige kampanjer og langsiktig collateral.<\/span><\/p>\n<p><span style=\"font-weight: 400;\">Samtidig veileder vi deg til mer b\u00e6rekraftige materialvalg, inkludert biobaserte alternativer med lavere karbonavtrykk, uten at det g\u00e5r p\u00e5 bekostning av kvalitet eller design. Resultatet: reklametrykk som styrker merkevaren din, varer lenger og <br \/>levert med klare ledetider.<\/span><\/p><\/div><\/div><\/div><\/div><\/div><\/div><\/div><\/div><div class=\"x-section e438-e21 mc6-0 mc6-1 mc6-4\"><div class=\"x-row x-container max width e438-e22 mc6-7 mc6-8 mc6-a mc6-g\"><div class=\"x-row-inner\"><div class=\"x-col e438-e23 mc6-n\"><div class=\"x-text x-text-headline e438-e24 mc6-p mc6-q\"><div class=\"x-text-content\"><div class=\"x-text-content-text\"><h3 class=\"x-text-content-text-primary\">Materialer, trykkteknologi og b\u00e6rekraft i praksis<\/h3>\n<\/div><\/div><\/div><div class=\"x-text x-content e438-e25 mc6-v mc6-w mc6-x mc6-10\"><p style=\"text-align: left;\">Vi produserer reklameprodukter i plast og biobaserte materialer ved hjelp av avanserte trykketeknikker som silketrykk, digitaltrykk, offsettrykk og spesiall\u00f8sninger som linsetrykk for ekstra oppmerksomhet. Du kan jobbe med b\u00e5de korte og lange opplag, gjentatte kampanjer og l\u00f8pende basismateriell, for eksempel butikkskilt eller bruksanvisninger som m\u00e5 t\u00e5le fukt, slitasje og kjemikalier.<\/p>\n<p style=\"text-align: left;\">Vi s\u00f8rger for jevn kvalitet, leveringssikkerhet og tydelige ledetider, slik at kampanjene dine g\u00e5r som planlagt i hele Sverige. Samtidig hjelper vi deg med \u00e5 ta bevisste materialvalg som styrker b\u00e5de merkevaren og b\u00e6rekraftprofilen din, inkludert biobaserte alternativer som reduserer klimap\u00e5virkningen sammenlignet med tradisjonell plast.<\/p><\/div><\/div><\/div><\/div><div class=\"x-row x-container max width e438-e26 mc6-8 mc6-9 mc6-h mc6-i\"><div class=\"x-row-inner\"><div class=\"x-col e438-e27 mc6-n\"><div class=\"x-text x-content e438-e28 mc6-t mc6-v mc6-11 mc6-12\"><\/div><a class=\"x-anchor x-anchor-button e438-e29 mc6-13\" tabindex=\"0\" href=\"https:\/\/outlook.office.com\/book\/Inplastor@InplastorABMotala.onmicrosoft.com\/s\/6oJAp5_c4Uu3BWfocV13pQ2?ismsaljsauthenabled\" target=\"_blank\" rel=\"noopener noreferrer\"><div class=\"x-anchor-content\"><div class=\"x-anchor-text\"><span class=\"x-anchor-text-primary\">Book et m\u00f8te<\/span><\/div><\/div><\/a><\/div><\/div><\/div><\/div><div class=\"x-section e438-e30 mc6-0 mc6-1 mc6-3\"><div class=\"x-row x-container max width e438-e31 mc6-7 mc6-8 mc6-a mc6-j\"><div class=\"x-row-inner\"><div class=\"x-col e438-e32 mc6-n\"><div class=\"x-row x-container max width e438-e33 mc6-7 mc6-8 mc6-a mc6-k\"><div class=\"x-row-inner\"><div class=\"x-col e438-e34 mc6-n mc6-o\"><div class=\"x-text x-text-headline e438-e35 mc6-p mc6-r\"><div class=\"x-text-content\"><div class=\"x-text-content-text\"><h2 class=\"x-text-content-text-primary\">Hvorfor bedrifter velger plastinnpakning til sine reklameprodukter<\/h2>\n<\/div><\/div><\/div><div class=\"x-text x-content e438-e36 mc6-s mc6-t mc6-v mc6-w mc6-y mc6-z\"><p>N\u00e5r du velger en leverand\u00f8r av trykte reklameprodukter i Sverige, vil du vite at resultatet vil fungere b\u00e5de praktisk og kommersielt. Inplastor fokuserer p\u00e5 langsiktige relasjoner og merkevarebyggende produkter, fremfor engangsl\u00f8sninger som raskt mister sin gjennomslagskraft. Siden 1957 har vi jobbet med trykk p\u00e5 plast, og vi har utviklet en tiln\u00e6rming der grafisk kompetanse, teknisk kunnskap og materialforst\u00e5else g\u00e5r h\u00e5nd i h\u00e5nd. Det betyr at du f\u00e5r r\u00e5d som dekker alt fra hvordan produktet skal se ut i butikkhyllen, til hvordan det f\u00f8les i h\u00e5nden og hvor lenge det vil vare i reell bruk.<br \/>\nB\u00e6rekraftige materialvalg som styrker merkevaren din<\/p>\n<p>Vi jobber ogs\u00e5 aktivt med mer b\u00e6rekraftige materialer, blant annet v\u00e5re biobaserte alternativer, som er basert p\u00e5 fornybare r\u00e5varer og har et lavere karbonavtrykk enn tradisjonell plast. Dette gir deg muligheten til \u00e5 kombinere god synlighet med tydelige b\u00e6rekraftsargumenter i kommunikasjonen din. Vi hjelper deg med \u00e5 formulere dette i b\u00e5de design og tekst, slik at sluttkunden faktisk forst\u00e5r hvorfor reklameproduktene dine f\u00f8les mer gjennomtenkte enn konkurrentenes. V\u00e5r produksjon i Sverige betyr ogs\u00e5 kortere ledetider, tryggere dialog og enkel oppf\u00f8lging.<\/p><\/div><\/div><\/div><\/div><\/div><\/div><\/div><div class=\"x-row x-container max width e438-e37 mc6-8 mc6-9 mc6-h mc6-l\"><div class=\"x-row-inner\"><div class=\"x-col e438-e38 mc6-n\"><div class=\"x-text x-content e438-e39 mc6-v mc6-z mc6-10 mc6-12 mc6-6\">\n<h2>Ofte stilte sp\u00f8rsm\u00e5l og svar<\/h2>\n<div style=\"text-align:left;\">\n<h3>Hva menes med trykte reklameprodukter?<\/h3>\n<p>Med trykte reklameprodukter mener vi spesialtilpassede plastprodukter som skilt, klistremerker, musematter, manualer og POS-materiell der budskapet, logoen eller kampanjedesignet ditt trykkes for \u00e5 forsterke varemerket.<\/p>\n\n<h3>Hvem passer de trykte reklameproduktene dine til?<\/h3>\n<p>V\u00e5re trykte reklameprodukter egner seg f\u00f8rst og fremst for markedsavdelinger, reklamebyr\u00e5er og innkj\u00f8pere som har behov for b\u00e6rekraftige og profilerte l\u00f8sninger for kampanjer, butikkmilj\u00f8er og merkevarebygging i Sverige.<\/p>\n\n<h3>Hvilke materialer og trykkteknikker bruker du?<\/h3>\n<p>Vi produserer reklameprodukter i b\u00e5de plast og biobaserte materialer og bruker silketrykk, digitaltrykk, offsettrykk og lentikul\u00e6rtrykk n\u00e5r du \u00f8nsker \u00e5 skape ekstra visuell effekt.<\/p>\n\n<h3>Hvordan jobber du med b\u00e6rekraft i produktene dine?<\/h3>\n<p>Vi jobber aktivt med biobaserte materialer basert p\u00e5 fornybare r\u00e5varer, som har et lavere karbonavtrykk enn tradisjonell plast, og hjelper deg med \u00e5 velge l\u00f8sninger som styrker b\u00e5de b\u00e6rekraftprofilen og merkevaren.<\/p>\n<\/div><\/div><\/div><\/div><\/div><\/div><div class=\"x-section e438-e40 mc6-0 mc6-5\"><div class=\"x-bg\" aria-hidden=\"true\"><div class=\"x-bg-layer-lower-image\" data-x-element-bg-layer=\"{&quot;parallaxSize&quot;:&quot;150%&quot;,&quot;parallaxDir&quot;:&quot;v&quot;,&quot;parallaxRev&quot;:false}\"><\/div><\/div><div class=\"x-row x-container max width e438-e41 mc6-7 mc6-8 mc6-a mc6-m\"><div class=\"x-row-inner\"><div class=\"x-col e438-e42 mc6-n\"><\/div><\/div><\/div><\/div><\/div>","protected":false},"excerpt":{"rendered":"<p>Trykte reklameprodukter Vi produserer kundetilpassede trykte reklameprodukter i Sverige for markedsavdelinger, byr\u00e5er og innkj\u00f8pere som \u00f8nsker b\u00e6rekraftige plastl\u00f8sninger fra en erfaren spesialist. Hos oss forvandler du ideer og kampanjebudskap til trykte produkter som varer, blir sett og brukt - fra skilt og klistremerker til musematter, h\u00e5ndb\u00f8ker og POS-materiell. Du f\u00e5r en partner som kombinerer over 60 \u00e5rs erfaring... <a href=\"https:\/\/inplastor.se\/nb\/produkter\/reklamprodukter-med-tryck\/\" class=\"more-link\">Les mer<\/a><\/p>","protected":false},"author":3,"featured_media":0,"parent":36,"menu_order":0,"comment_status":"closed","ping_status":"closed","template":"template-blank-4.php","meta":{"rs_blank_template":"","rs_page_bg_color":"","slide_template_v7":"","footnotes":""},"class_list":["post-438","page","type-page","status-publish","hentry","no-post-thumbnail"],"_links":{"self":[{"href":"https:\/\/inplastor.se\/nb\/wp-json\/wp\/v2\/pages\/438","targetHints":{"allow":["GET"]}}],"collection":[{"href":"https:\/\/inplastor.se\/nb\/wp-json\/wp\/v2\/pages"}],"about":[{"href":"https:\/\/inplastor.se\/nb\/wp-json\/wp\/v2\/types\/page"}],"author":[{"embeddable":true,"href":"https:\/\/inplastor.se\/nb\/wp-json\/wp\/v2\/users\/3"}],"replies":[{"embeddable":true,"href":"https:\/\/inplastor.se\/nb\/wp-json\/wp\/v2\/comments?post=438"}],"version-history":[{"count":5,"href":"https:\/\/inplastor.se\/nb\/wp-json\/wp\/v2\/pages\/438\/revisions"}],"predecessor-version":[{"id":513,"href":"https:\/\/inplastor.se\/nb\/wp-json\/wp\/v2\/pages\/438\/revisions\/513"}],"up":[{"embeddable":true,"href":"https:\/\/inplastor.se\/nb\/wp-json\/wp\/v2\/pages\/36"}],"wp:attachment":[{"href":"https:\/\/inplastor.se\/nb\/wp-json\/wp\/v2\/media?parent=438"}],"curies":[{"name":"wp","href":"https:\/\/api.w.org\/{rel}","templated":true}]}}